{"id":97,"date":"2023-04-03T19:31:10","date_gmt":"2023-04-03T17:31:10","guid":{"rendered":"https:\/\/consolatozurigo.esteri.it\/?page_id=97"},"modified":"2023-10-05T11:45:06","modified_gmt":"2023-10-05T15:45:06","slug":"traduzione-e-legalizzazione-dei-documenti","status":"publish","type":"page","link":"https:\/\/consmiami.esteri.it\/it\/servizi-consolari-e-visti\/servizi-per-il-cittadino-straniero\/traduzione-e-legalizzazione-dei-documenti\/","title":{"rendered":"Traduzione e legalizzazione dei documenti"},"content":{"rendered":"<p style=\"text-align: center;\"><strong>Traduzione, Apostille e Certificazione di Conformit\u00e0 dei documenti stranieri<\/strong><\/p>\n<p>Per poter essere fatti valere in Italia, gli atti e i documenti rilasciati da autorit\u00e0 statunitensi devono essere legalizzati mediante l&#8217;Apostille rilasciata dal Secretary of State dello Stato in cui tali documenti sono originati.<br \/>\nTali atti e documenti, eccetto quelli redatti su modelli plurilingue previsti da Convenzioni internazionali, devono inoltre essere tradotti in italiano.<\/p>\n<p>Le traduzioni devono recare la certificazione della traduzione apposta dalle Autorit\u00e0 Consolari.<\/p>\n<p>Al fine di ottenere la certificazione di conformit\u00e0 della traduzione, il richiedente dovr\u00e0 inviare la propria richiesta a:<\/p>\n<p>Consolato Generale d&#8217;Italia a Miami<br \/>\nCertificazione conformit\u00e0 Traduzioni<br \/>\n4000 Ponce de Leon Blvd, suite 590<br \/>\nCoral Gables FL 33146<\/p>\n<p>Sar\u00e0 necessario includere quanto segue:<\/p>\n<p>&#8211; documento originale;<\/p>\n<p>&#8211; Apostille, ove richiesto;<\/p>\n<p>&#8211; traduzione;<\/p>\n<p>&#8211; money order (<a href=\"https:\/\/consmiami.esteri.it\/consolato_miami\/it\/la_comunicazione\/dal_consolato\/tabella-percezioni-consolari-del.html\">link a Tariffa consolare<\/a>)<\/p>\n<p>&#8211; busta pre-affrancata e compilata per la restituzione.<\/p>\n<p>Attenzione: in caso di documentazione mancante o incompleta il contenuto della spedizione verr\u00e0 restituito interamente al mittente senza l\u2019emissione del servizio<\/p>\n<p>Gli atti di cui sopra sono soggetti al pagamento dei diritti di cui alla\u00a0<a href=\"https:\/\/consmiami.esteri.it\/consolato_miami\/it\/la_comunicazione\/dal_consolato\/tabella-percezioni-consolari-del.html\">Tariffa consolare<\/a>\u00a0attualmente vigente.<\/p>\n<p>L\u2019Apostille<\/p>\n<p>Nei Paesi che hanno sottoscritto la Convenzione de L\u2019Aia del 5 ottobre 1961 relativa all\u2019abolizione della legalizzazione di atti pubblici stranieri, la necessit\u00e0 di legalizzare gli atti e i documenti rilasciati da autorit\u00e0 straniere \u00e8 sostituita da un\u2019altra formalit\u00e0: l\u2019apposizione della \u201cAPOSTILLE\u201d.<br \/>\nPertanto, una persona proveniente da un Paese che ha aderito a questa Convenzione non ha bisogno di recarsi presso la Rappresentanza consolare e chiedere la legalizzazione, ma pu\u00f2 recarsi presso la competente autorit\u00e0 locale designata da ciascuno Stato &#8211; e indicata per ciascun Paese nell\u2019atto di adesione alla Convenzione stessa &#8211; per ottenere l\u2019apposizione dell\u2019APOSTILLE sul documento originale. Cos\u00ec perfezionato, il documento viene riconosciuto in Italia, dopo essere stato tradotto.<\/p>\n<p>L\u2019elenco aggiornato dei Paesi che hanno ratificato la Convenzione de L\u2019Aja e delle Autorit\u00e0 competenti all\u2019apposizione dell\u2019apostille per ciascuno degli Stati \u00e8 disponibile sul sito WEB della Conferenza de L\u2019Aja di diritto internazionale privato:<br \/>\n<a href=\"http:\/\/www.hcch.net\/\">http:\/\/www.hcch.net\/<\/a><\/p>\n<p><a href=\"https:\/\/consmiami.esteri.it\/wp-content\/uploads\/2023\/10\/apostille_what_is_an_apostille-1-1.doc\">Che cosa e&#8217; una Apostille<\/a><\/p>\n<p><a href=\"https:\/\/consmiami.esteri.it\/wp-content\/uploads\/2023\/10\/apostille-1-1.doc\">Apostille\u00a0<\/a><\/p>\n","protected":false},"excerpt":{"rendered":"Traduzione, Apostille e Certificazione di Conformit\u00e0 dei documenti stranieri Per poter essere fatti valere in Italia, gli atti e i documenti rilasciati da autorit\u00e0 statunitensi devono essere legalizzati mediante l&#8217;Apostille rilasciata dal Secretary of State dello Stato in cui tali documenti sono originati. Tali atti e documenti, eccetto quelli redatti su modelli plurilingue previsti da [&hellip;]","protected":false},"author":1,"featured_media":0,"parent":62,"menu_order":4,"comment_status":"closed","ping_status":"closed","template":"","meta":{"footnotes":""},"class_list":["post-97","page","type-page","status-publish","hentry"],"_links":{"self":[{"href":"https:\/\/consmiami.esteri.it\/it\/wp-json\/wp\/v2\/pages\/97","targetHints":{"allow":["GET"]}}],"collection":[{"href":"https:\/\/consmiami.esteri.it\/it\/wp-json\/wp\/v2\/pages"}],"about":[{"href":"https:\/\/consmiami.esteri.it\/it\/wp-json\/wp\/v2\/types\/page"}],"author":[{"embeddable":true,"href":"https:\/\/consmiami.esteri.it\/it\/wp-json\/wp\/v2\/users\/1"}],"replies":[{"embeddable":true,"href":"https:\/\/consmiami.esteri.it\/it\/wp-json\/wp\/v2\/comments?post=97"}],"version-history":[{"count":3,"href":"https:\/\/consmiami.esteri.it\/it\/wp-json\/wp\/v2\/pages\/97\/revisions"}],"predecessor-version":[{"id":718,"href":"https:\/\/consmiami.esteri.it\/it\/wp-json\/wp\/v2\/pages\/97\/revisions\/718"}],"up":[{"embeddable":true,"href":"https:\/\/consmiami.esteri.it\/it\/wp-json\/wp\/v2\/pages\/62"}],"wp:attachment":[{"href":"https:\/\/consmiami.esteri.it\/it\/wp-json\/wp\/v2\/media?parent=97"}],"curies":[{"name":"wp","href":"https:\/\/api.w.org\/{rel}","templated":true}]}}