{"id":87,"date":"2023-04-03T19:29:13","date_gmt":"2023-04-03T17:29:13","guid":{"rendered":"https:\/\/consolatozurigo.esteri.it\/?page_id=87"},"modified":"2025-09-22T16:15:36","modified_gmt":"2025-09-22T20:15:36","slug":"assistenza-ai-cittadini-allestero","status":"publish","type":"page","link":"https:\/\/consmiami.esteri.it\/it\/servizi-consolari-e-visti\/servizi-per-il-cittadino-italiano\/assistenza-ai-cittadini-allestero\/","title":{"rendered":"Assistenza ai cittadini all&#8217;estero"},"content":{"rendered":"<p>Per situazioni di <strong>COMPROVATA<\/strong> <strong>EMERGENZA<\/strong> che riguardano <strong>ESCLUSIVAMENTE CITTADINI ITALIANI<\/strong>\u00a0(ad esempio incidenti, arresti, gravi e urgenti problemi di salute, ecc.) il Consolato Generale \u00e8 raggiungibile ai seguenti contatti:<\/p>\n<p>Email (attiva durante gli orari d\u2019ufficio): <a href=\"mailto:assistenza.miami@esteri.it\">assistenza.miami@esteri.it<\/a><\/p>\n<p>Cellulare di Reperibilit\u00e0 (attivo al di fuori degli orari d\u2019ufficio): +1 (305) 753 0532<\/p>\n<p>Il cellulare di reperibilit\u00e0 \u00e8 operativo dal luned\u00ec al venerd\u00ec negli orari di chiusura degli uffici (dalle 17 alle 21), il sabato e la domenica e nei giorni festivi 24 ore.<\/p>\n<p>Si ribadisce che i sopramenzionati contatti sono utilizzabili <strong>solo ed esclusivamente<\/strong> per situazioni di <strong>emergenza<\/strong> che riguardano <strong>cittadini italiani<\/strong>.<\/p>\n<p><strong>ATTENZIONE: <\/strong>NON sar\u00e0 dato riscontro a chiamate al numero di emergenza volte ad ottenere informazioni sulle pratiche consolari, a richiedere appuntamenti per i vari servizi consolari (passaporti, cittadinanza, visti ecc.) o per esprimere la difficolt\u00e0 a prenotare un appuntamento per un servizio consolare attraverso il portale Prenot@mi.<\/p>\n","protected":false},"excerpt":{"rendered":"Per situazioni di COMPROVATA EMERGENZA che riguardano ESCLUSIVAMENTE CITTADINI ITALIANI\u00a0(ad esempio incidenti, arresti, gravi e urgenti problemi di salute, ecc.) il Consolato Generale \u00e8 raggiungibile ai seguenti contatti: Email (attiva durante gli orari d\u2019ufficio): assistenza.miami@esteri.it Cellulare di Reperibilit\u00e0 (attivo al di fuori degli orari d\u2019ufficio): +1 (305) 753 0532 Il cellulare di reperibilit\u00e0 \u00e8 operativo [&hellip;]","protected":false},"author":1,"featured_media":0,"parent":59,"menu_order":8,"comment_status":"closed","ping_status":"closed","template":"","meta":{"footnotes":""},"class_list":["post-87","page","type-page","status-publish","hentry"],"_links":{"self":[{"href":"https:\/\/consmiami.esteri.it\/it\/wp-json\/wp\/v2\/pages\/87","targetHints":{"allow":["GET"]}}],"collection":[{"href":"https:\/\/consmiami.esteri.it\/it\/wp-json\/wp\/v2\/pages"}],"about":[{"href":"https:\/\/consmiami.esteri.it\/it\/wp-json\/wp\/v2\/types\/page"}],"author":[{"embeddable":true,"href":"https:\/\/consmiami.esteri.it\/it\/wp-json\/wp\/v2\/users\/1"}],"replies":[{"embeddable":true,"href":"https:\/\/consmiami.esteri.it\/it\/wp-json\/wp\/v2\/comments?post=87"}],"version-history":[{"count":4,"href":"https:\/\/consmiami.esteri.it\/it\/wp-json\/wp\/v2\/pages\/87\/revisions"}],"predecessor-version":[{"id":5388,"href":"https:\/\/consmiami.esteri.it\/it\/wp-json\/wp\/v2\/pages\/87\/revisions\/5388"}],"up":[{"embeddable":true,"href":"https:\/\/consmiami.esteri.it\/it\/wp-json\/wp\/v2\/pages\/59"}],"wp:attachment":[{"href":"https:\/\/consmiami.esteri.it\/it\/wp-json\/wp\/v2\/media?parent=87"}],"curies":[{"name":"wp","href":"https:\/\/api.w.org\/{rel}","templated":true}]}}