{"id":85,"date":"2023-04-03T19:28:49","date_gmt":"2023-04-03T17:28:49","guid":{"rendered":"https:\/\/consolatozurigo.esteri.it\/?page_id=85"},"modified":"2026-01-08T09:44:23","modified_gmt":"2026-01-08T14:44:23","slug":"anagrafe-degli-italiani-residenti-allestero-aire","status":"publish","type":"page","link":"https:\/\/consmiami.esteri.it\/it\/servizi-consolari-e-visti\/servizi-per-il-cittadino-italiano\/anagrafe-degli-italiani-residenti-allestero-aire\/","title":{"rendered":"Anagrafe degli Italiani residenti all\u2019estero (AIRE)"},"content":{"rendered":"<p style=\"text-align: center;\"><strong>A.I.R.E<\/strong><\/p>\n<p style=\"text-align: center;\"><strong>(Anagrafe degli Italiani Residenti all\u2019Estero)<\/strong><\/p>\n<p>L\u2019Anagrafe degli Italiani Residenti all\u2019Estero (A.I.R.E.) \u00e8 stata istituita con legge 27 ottobre 1988, n. 470 e contiene i dati dei cittadini italiani che risiedono all\u2019estero per un periodo superiore ai dodici mesi. Essa \u00e8 gestita dai Comuni sulla base dei dati e delle informazioni provenienti dalle Rappresentanze consolari all\u2019estero.<\/p>\n<p>L\u2019iscrizione all\u2019A.I.R.E. \u00e8 un diritto-dovere del cittadino (art. 6 legge 470\/1988) e costituisce il presupposto per usufruire di una serie di servizi forniti dalle Rappresentanze consolari all\u2019estero, nonch\u00e9 per l\u2019esercizio di importanti diritti.<\/p>\n<p><span style=\"font-weight: normal !msorm;\"><strong>Con l\u2019entrata di vigore della Legge 213 del 30 dicembre 2023 ed in particolare l\u2019Art.1 comma 242 che modifica l\u2019art. 11 della Legge n. 1228 del 1954 viene introdotto un regime san<\/strong><\/span><strong>z<span style=\"font-weight: normal !msorm;\">onatorio per tutti coloro che non adempiono alle disposizioni di legge che impongono l\u2019obbligo di aggiornamento <\/span>dei propri dati <span style=\"font-weight: normal !msorm;\">anagrafici.<\/span><br \/>\nIn particolare vengono introdotte sanzioni a carico di coloro che trasferiscono la propria residenza all\u2019estero e non adempiono all\u2019obbigo di comunicazione e iscrizione AIRE al proprio Comune di residenza in Italia per il tramite del Consolato di riferimento entro 90 giorni dall\u2019avvenuto trasferimento. <\/strong><\/p>\n<p><strong>L\u2019accertamento e la somministrazione della sanzione vengono demandati direttamente ai Comuni<\/strong>.<\/p>\n<p>&nbsp;<\/p>\n<p>COME ISCRIVERSI ALL\u2019AIRE<\/p>\n<p>L\u2019iscrizione all\u2019AIRE pu\u00f2 avvenire tramite il portale FAST-IT dove il connazionale potr\u00e0 registrarsi e accedere ai servizi consolari:<\/p>\n<p>link: <a href=\"https:\/\/serviziconsolari.esteri.it\/home\">FAST IT<\/a><\/p>\n<p>IMPORTANTE<\/p>\n<ul>\n<li>La creazione dell\u2019utenza in Fast It NON COMPORTA l\u2019iscrizione\/aggiornamento AIRE.<\/li>\n<li>I dati inseriti devono rispecchiare ESATTAMENTE quelli riportati sul passaporto italiano<\/li>\n<li>Se non si possiede un passaporto italiano i dati devono rispecchiare ESATTAMENTE quelli riportati sull\u2019atto di nascita originale trascritto dal Comune in Italia.<\/li>\n<li>Eventuali secondi nomi devono essere inseriti nel campo \u201cNOME\u201d;<\/li>\n<li>Le date inserite devono essere in formato europeo GIORNO \/ MESE \/ ANNO;<\/li>\n<li>La documentazione va allegata preferibilmente in formato PDF;<\/li>\n<\/ul>\n<p>Per eventuali informazioni inviare una mail a\u00a0<a href=\"mailto:miami.aire@esteri.it\">miami.aire@esteri.it<\/a><\/p>\n<p><strong><em><u>PUNTO A \u2013 DOCUMENTAZIONE RICHIESTA<\/u><\/em><\/strong><\/p>\n<p>La documentazione necessaria per l\u2019iscrizione all\u2019AIRE \u00e8 la seguente:<\/p>\n<ul>\n<li>MODULO DI RICHIESTA<\/li>\n<li>PROVA DELLA CITTADINANZA ITALIANA<\/li>\n<li>PROVA DI RESIDENZA<\/li>\n<li>PROVA DI INDIRIZZO<\/li>\n<\/ul>\n<p>Per i nuclei famigliari residenti nella stessa abitazione pu\u00f2 essere fatta una solo richiesta di iscrizione e vanno inseriti i documenti identificativi di tutti i componenti della famiglia. Se italiani preferibilmente allegare documento italiano o certificato di nascita emesso dal Comune che ha trascritto l\u2019atto di nascita. Se stranieri allegare un ID generico (esempio passaporto straniero).<\/p>\n<p>In caso di presenza di minori il modulo di richiesta <u>va sottoscritto da entrambbi i genitori naturali.<\/u><\/p>\n<p><em>NOTA TECNICA \u2013 i documenti caricati devono essere:<br \/>\nSCANSIONI in formato PDF<\/em><\/p>\n<ul>\n<li><em>Massima risoluzione di 200dpi<\/em><\/li>\n<li><em>Grandezza massima di ogni file = 1MB ciascuno<\/em><\/li>\n<\/ul>\n<ul>\n<li><strong><u>MODULO DI RICHIESTA<\/u><\/strong>:<\/li>\n<\/ul>\n<p>Il modulo va compilato in tutte le sue parti. Il nome, cognome, luogo e data di nascita devono rispettare fedelmente quelli trascritti presso il Comune in Italia. Per i connazionali che hanno risieduto in Italia va specificato in modo preciso l\u2019ultimo Comune di residenza in Italia. Per coloro che invece non sono mai stati residenti in Italia va specificato in modo preciso il Comune in cui \u00e8 stato trascritto l\u2019atto di nascita. Il modulo va firmato in forma autografa oppure se viene effettuato l\u2019accesso con lo SPID la firma pu\u00f2 essere omessa. In caso di nuclei famigliari il modulo va <u>firmato dai coniugi e\/o genitori (in presenza di figli)<\/u>.<\/p>\n<p>&nbsp;<\/p>\n<ul>\n<li><strong><u>PROVA DELLA CITTADINANZA ITALIANA<\/u><\/strong><\/li>\n<\/ul>\n<p><strong><u>\u00a0<\/u><\/strong><\/p>\n<p>La cittadinanza italiana pu\u00f2 essere provata con un documento italiano (carta d\u2019identita o passaporto italiano in corso di validit\u00e0), copia di un certificato di cittadinanza emesso da un Autorit\u00e0 Italiana, copia di un certificato di nasciata con gli estremi di trascrizone dell\u2019atto di nascita emesso dal Comune in Italia (preferibilmente un \u201cestratto per riassunto dell\u2019atto di nascita).<\/p>\n<p><strong><em>IMPORTANTE CONNAZIONALI CON ALTRE CITTADINANZE STRANIERE<br \/>\n\u2013 Se nati con un\u2019altra cittadinanza \u2013 copia del passaporto straniero<br \/>\n\u2013 Se acquistata un\u2019altra cittadinanza DOPO la nascita (<\/em><\/strong><strong><em>naturalizzazione<\/em><\/strong><strong><em>) dichiarazione rilasciata dalle autorit\u00e0 straniere che indichi L\u2019ESATTA DATA DI ACQUISTO della cittadinanza straniera.<\/em><\/strong><\/p>\n<p><strong><em>&#8211; Se cittadini USA nati all\u2019estero da genitori statunitensi \u2013 copia del Consular report of birthabroad (questo documento \u00e8 addesso rilasciato dal Department of State degli Stati Uniti)<\/em><\/strong><\/p>\n<p>&nbsp;<\/p>\n<p>&nbsp;<\/p>\n<ul>\n<li><strong><u>PROVA DI RESIDENZA<\/u><\/strong><\/li>\n<\/ul>\n<p>&nbsp;<\/p>\n<p>Allegare copia di un documento che attesti il soggiorno legale sul territorio USA come copia del visto (valido o con documentazione comprovante la richiesta di rinnovo o copia del permesso di lavoro (working permit) o permesso di soggioro (Geen Card) o passaporto USA. In quest\u2019ultimo caso se il connazionale non \u00e8 cittadino USA dalla nascita va obbligatoriamente allegato anche copia della naturalizzazione (solo se nati prima del 16 agosto 1992).<\/p>\n<p>In caso di una permanent resident card (Green Card) non aggiornata sar\u00e0 necessario caricare, in alternativa, una dichiarazione di non naturalizzazione rilasciata dall\u2019US Immigration Office, OPPURE una scansione della pagina del passaporto italiano dove sia stato apposto almeno un timbro di ingresso negli USA da parte dell\u2019US Immigration Office dopo il 15 agosto del 1992<\/p>\n<p>Per coloro che non sono in possesso di un documento che attesti la residenza si prega di contattare l\u2019Ufficio AIRE all\u2019email: <a href=\"mailto:miami.aire@esteri.it\">miami.aire@esteri.it<\/a> per eventuali verifiche.<\/p>\n<p>&nbsp;<\/p>\n<ul>\n<li><strong><u>PROVA DI INDIRIZZO<\/u><\/strong><\/li>\n<\/ul>\n<p>&nbsp;<\/p>\n<p>Come prova di indirizzo allegare una copia di un\u2019utenza domestica come ad esempio una bolletta dell\u2019elettricit\u00e0 o dell\u2019acqua o di internet a nome del richiedete o suo famiglire convivente con l\u2019indirizzo che si dichiara nel modulo. In alternativa pu\u00f2 essere allegata la copia del contratto di locazione o propriet\u00e0 dell\u2019immobile. Se diponibile allegare anche una copia della patente USA in cui l\u2019indirizzo coincida con quello dichiarato nel modulo di iscrizione AIRE. N.B. i documenti bancari non possono essere accettari come prova di indirizzo.<\/p>\n<p><strong>\u00a0<\/strong><\/p>\n<p><strong>PUNTO B \u2013 ISTRUZIONI PER L\u2019ISCRIZIONE \/ AGGIORNAMENTO ONLINE<\/strong><\/p>\n<p>ATTENZIONE: La creazione dell\u2019utenza\u00a0NON COMPORTA\u00a0ne\u2019 l\u2019iscrizione all\u2019AIRE ne\u2019 l\u2019aggiornamento dell\u2019indirizzo. \u00c8 necessario seguire TUTTI i seguenti passi al fine di inviare correttamente una richiesta di iscrizione o aggiornamento.<\/p>\n<ol>\n<li><strong> CREARE UNA NUOVA UTENZA \/ EFFETTUARE LOGIN<\/strong> solo con Google Chrome oppure Internet Explorer: \u2013 Visitare\u00a0<a href=\"https:\/\/serviziconsolarionline.esteri.it\/ScoFE\/index.sco\"><strong>https:\/\/serviziconsolarionline.esteri.it\/ScoFE\/index.sco<\/strong><\/a> e cliccare su \u201cREGISTRAZIONE\u201d \/ Per chi ha gi\u00e0 un\u2019utenza presso il Consolato Generale di Miami \u2013 effettuare login con l\u2019email e password.<\/li>\n<\/ol>\n<p>NOTA BENE: ARRIVI DA \u2013 e TRASFERIMENTI AD ALTRI CONSOLATI:<br \/>\n\u2013 Se si \u00e8 gi\u00e0 registrati su Fast-It presso un altro Consolato, NON \u00e8 necessario effettuare la cancellazione del proprio account Fast It. Per aggiornare il Consolato di riferimento, si deve procedere inserendo correttamente tutti i campi richiesti dal sistema. La Sede di appartenza cambier\u00e0 in automatico e il precedente Consolato ricever\u00e0 la comunicazione del cambio di Sede Consolare.<br \/>\n\u2013 PER VERIFICARE SE IL PROPRIO NOMINATIVO \u00c8 GIA\u2019 PRESENTE NELLO SCHEDARIO CONSOLARE: cliccare su \u201cVISUALIZZARE LA PROPRIA SCHEDA ANAGRAFICA\u201d e seguire le istruzioni per la verifica:<br \/>\n\u2013 SE IL PROPRIO NOMINATIVO \u00c8 GIA\u2019 PRESENTE nello schedario consolare: seguire le istruzioni per l\u2019aggiornamento dell\u2019indirizzo qualora l\u2019indirizzo non fosse aggiornato (vedi sottostante punto 2)<br \/>\n\u2013 SE IL PROPRIO NOMINATIVO NON \u00c8 PRESENTE: seguire le istruzioni per una nuova iscrizione all\u2019AIRE (vedi sottostante punto 1)<br \/>\nCLICCARE SU \u201cANAGRAFE CONSOLARE e AIRE\u201d<br \/>\n\u2013 ISCRIZIONI: cliccare su \u201cRICHIEDERE L\u2019ISCRIZIONE ALL\u2019ANAGRAFE DEGLI ITALIANI ALL\u2019ESTERO\u201d<\/p>\n<p>&nbsp;<\/p>\n<ol start=\"2\">\n<li><strong> AGGIORNAMENTI INDIRIZZO<\/strong>:<br \/>\ncliccare su \u201cCOMUNICARE LA VARIAZIONE DELLA PROPRIA RESIDENZA\u201d<br \/>\n\u2013 COMPILARE I CAMPI PREVISTI che guidano l\u2019utente a una corretta e completa formulazione dell\u2019istanza.<br \/>\nIMPORTANTE: i dati inseriti devono rispecchiare ESATTAMENTE quelli riportati sul passaporto italiano:<br \/>\n\u2013 Se non si possiede un passaporto italiano i dati devono rispecchiare ESATTAMENTE quelli riportati sull\u2019atto di nascita originale<br \/>\n\u2013 Indicare eventuali secondi nomi nel campo \u201cNOME\u201d<br \/>\n\u2013 Indicare le date in formato europeo GIORNO \/ MESE \/ ANNO<\/li>\n<\/ol>\n<p>&nbsp;<\/p>\n<ol start=\"3\">\n<li><strong> EFFETTUARE LA STAMPA<br \/>\n<\/strong>Stampare il modulo<\/li>\n<\/ol>\n<p>&nbsp;<\/p>\n<ol start=\"4\">\n<li><strong> CARICARE I SOPRANOMINATI DOCUMENTI<br \/>\n<\/strong>sul portale per ogni persona per cui \u00e8 richiesta l\u2019iscrizione all\u2019AIRE e procedere all\u2019invio.<\/li>\n<\/ol>\n<p>&nbsp;<\/p>\n<p>NOTA TECNICA: Si potr\u00e0 accettare un massimo di 3 file multi pagine che soddisfano tutti i seguenti criteri:<br \/>\n\u00b7 Scansione in formato PDF<br \/>\n\u00b7 Massima risoluzione di 200dpi<br \/>\n\u00b7 Grandezza massima di ogni file = 1MB ciascuno<\/p>\n<p>ASPETTARE CHE LA PRATICA RIPORTI LO STATO \u201cTRASMESSA AL COMUNE\u201d: l\u2019invio della richiesta di iscrizione AIRE da parte del Consolato al Comune competente, comporter\u00e0 un ulteriore cambio di stato della pratica AIRE, che verr\u00e0 posta automaticamente nello stato \u201cTrasmessa al comune\u201d. In questo status la richiesta \u00e8 da considerarsi conclusa per il Consolato. Il connazionale ricever\u00e0 una email che gli comunica l\u2019avvenuto invio della richiesta al Comune. Le tempistiche di ricezione della comunicazione dipendono dal Comune di riferimento.<\/p>\n","protected":false},"excerpt":{"rendered":"A.I.R.E (Anagrafe degli Italiani Residenti all\u2019Estero) L\u2019Anagrafe degli Italiani Residenti all\u2019Estero (A.I.R.E.) \u00e8 stata istituita con legge 27 ottobre 1988, n. 470 e contiene i dati dei cittadini italiani che risiedono all\u2019estero per un periodo superiore ai dodici mesi. Essa \u00e8 gestita dai Comuni sulla base dei dati e delle informazioni provenienti dalle Rappresentanze consolari [&hellip;]","protected":false},"author":1,"featured_media":0,"parent":59,"menu_order":4,"comment_status":"closed","ping_status":"closed","template":"","meta":{"footnotes":""},"class_list":["post-85","page","type-page","status-publish","hentry"],"_links":{"self":[{"href":"https:\/\/consmiami.esteri.it\/it\/wp-json\/wp\/v2\/pages\/85","targetHints":{"allow":["GET"]}}],"collection":[{"href":"https:\/\/consmiami.esteri.it\/it\/wp-json\/wp\/v2\/pages"}],"about":[{"href":"https:\/\/consmiami.esteri.it\/it\/wp-json\/wp\/v2\/types\/page"}],"author":[{"embeddable":true,"href":"https:\/\/consmiami.esteri.it\/it\/wp-json\/wp\/v2\/users\/1"}],"replies":[{"embeddable":true,"href":"https:\/\/consmiami.esteri.it\/it\/wp-json\/wp\/v2\/comments?post=85"}],"version-history":[{"count":4,"href":"https:\/\/consmiami.esteri.it\/it\/wp-json\/wp\/v2\/pages\/85\/revisions"}],"predecessor-version":[{"id":7275,"href":"https:\/\/consmiami.esteri.it\/it\/wp-json\/wp\/v2\/pages\/85\/revisions\/7275"}],"up":[{"embeddable":true,"href":"https:\/\/consmiami.esteri.it\/it\/wp-json\/wp\/v2\/pages\/59"}],"wp:attachment":[{"href":"https:\/\/consmiami.esteri.it\/it\/wp-json\/wp\/v2\/media?parent=85"}],"curies":[{"name":"wp","href":"https:\/\/api.w.org\/{rel}","templated":true}]}}