{"id":84,"date":"2023-04-03T19:28:33","date_gmt":"2023-04-03T17:28:33","guid":{"rendered":"https:\/\/consolatozurigo.esteri.it\/?page_id=84"},"modified":"2025-12-08T11:04:15","modified_gmt":"2025-12-08T16:04:15","slug":"emergency-travel-documents-etd","status":"publish","type":"page","link":"https:\/\/consmiami.esteri.it\/it\/servizi-consolari-e-visti\/servizi-per-il-cittadino-italiano\/emergency-travel-documents-etd\/","title":{"rendered":"European Union Emergency Travel Documents (EU ETD)"},"content":{"rendered":"<p><strong>Rilascio di Documento di Viaggio Provvisorio (EU E.T.D.)<\/strong><\/p>\n<p>Qualora il cittadino italiano si trovi in una situazione di emergenza e non si faccia in tempo ad esperire la necessaria istruttoria per il rilascio di un nuovo passaporto, questo Consolato Generale pu\u00f2 rilasciare un\u00a0<a href=\"https:\/\/www.esteri.it\/it\/servizi-consolari-e-visti\/italiani-all-estero\/documenti_di_viaggio\/etd\/\">Documento di Viaggio Provvisorio, chiamato anche EU E.T.D. (European Union Emergency Travel Document)<\/a>, con validit\u00e0 (validit\u00e0 massima di 15 giorni) per il solo viaggio di rientro in Italia o nel Paese di stabile residenza all\u2019estero (solo se non cittadino di quel paese).<\/p>\n<p>Per ottenerlo ci si dovr\u00e0 presentare di persona sette giorni prima del viaggio a questo Ufficio Passaporti (dal luned\u00ec al venerd\u00ec dalle 9,00 alle 12,30 senza necessita\u2019 di appuntamento) portando la seguente documentazione:<\/p>\n<ul>\n<li><strong>In caso di furto\/smarrimento del passaporto<\/strong>: modulo di <a href=\"https:\/\/consmiami.esteri.it\/wp-content\/uploads\/2023\/10\/denuncia_smarr_furto-2.pdf\">denuncia<\/a> di furto\/smarrimento compilato in ogni sua parte e denuncia sporta alla locale polizia;<\/li>\n<li><strong><a href=\"https:\/\/consmiami.esteri.it\/wp-content\/uploads\/2025\/12\/ETD-Domanda-di-Richiesta-NUOVO-2025.pdf\">Modulo di richiesta EU ETD<\/a>;\u00a0\u00a0<\/strong><\/li>\n<li><strong><a href=\"https:\/\/consmiami.esteri.it\/wp-content\/uploads\/2023\/10\/foto_esempio-1.pdf\">2 fototessera recenti<\/a><\/strong>;<\/li>\n<li><strong>Copia del passaporto (se disponibile)<\/strong><\/li>\n<li><strong>Copia di altro documento di identit\u00e0<\/strong>\u00a0quale carta di identit\u00e0 o patente, anche in fotocopia. In assenza, l\u2019Ufficio dovr\u00e0 procedere agli opportuni accertamenti di identit\u00e0;<\/li>\n<li><strong>Titolo di viaggio <\/strong>(biglietto aereo),<strong> con arrivo a destinazione non oltre sette giorni dalla presentazione in Consolato<\/strong>;<\/li>\n<\/ul>\n<p><strong>La richiesta di rilascio di EU ETD per un minorenne deve essere firmata da entrambi i genitori.<\/strong><\/p>\n<p>&nbsp;<\/p>\n<p><strong>ATTENZIONE: obbligo di restituzione del documento\u00a0<\/strong><\/p>\n<p>Si comunica che il beneficiario dell&#8217; EU ETD, una volta giunto a destinazione, ha l&#8217;obbligo di consegnare il documento alla polizia di frontiera o altro posto di polizia. Qualora l&#8217;arrivo sia in un paese fuori dall&#8217;Italia il beneficiario ha l&#8217;obbligo di restituire il documento all&#8217;Ufficio consolare territorialmente competente per la localita&#8217; di destinazione.<\/p>\n<p>&nbsp;<\/p>\n<p>Per tornare all&#8217;inizio,\u00a0<a href=\"https:\/\/consmiami.esteri.it\/consolato_miami\/it\/i_servizi\/per_i_cittadini\/passaporti#INIZIO\">cliccare qui<\/a>. Per approfondimenti,\u00a0<a href=\"https:\/\/consmiami.esteri.it\/consolato_miami\/it\/i_servizi\/per_i_cittadini\/passaporti#FAQ\">cliccare qui<\/a>.<\/p>\n","protected":false},"excerpt":{"rendered":"Rilascio di Documento di Viaggio Provvisorio (EU E.T.D.) Qualora il cittadino italiano si trovi in una situazione di emergenza e non si faccia in tempo ad esperire la necessaria istruttoria per il rilascio di un nuovo passaporto, questo Consolato Generale pu\u00f2 rilasciare un\u00a0Documento di Viaggio Provvisorio, chiamato anche EU E.T.D. (European Union Emergency Travel Document), [&hellip;]","protected":false},"author":1,"featured_media":0,"parent":59,"menu_order":2,"comment_status":"closed","ping_status":"closed","template":"","meta":{"footnotes":""},"class_list":["post-84","page","type-page","status-publish","hentry"],"_links":{"self":[{"href":"https:\/\/consmiami.esteri.it\/it\/wp-json\/wp\/v2\/pages\/84","targetHints":{"allow":["GET"]}}],"collection":[{"href":"https:\/\/consmiami.esteri.it\/it\/wp-json\/wp\/v2\/pages"}],"about":[{"href":"https:\/\/consmiami.esteri.it\/it\/wp-json\/wp\/v2\/types\/page"}],"author":[{"embeddable":true,"href":"https:\/\/consmiami.esteri.it\/it\/wp-json\/wp\/v2\/users\/1"}],"replies":[{"embeddable":true,"href":"https:\/\/consmiami.esteri.it\/it\/wp-json\/wp\/v2\/comments?post=84"}],"version-history":[{"count":6,"href":"https:\/\/consmiami.esteri.it\/it\/wp-json\/wp\/v2\/pages\/84\/revisions"}],"predecessor-version":[{"id":7163,"href":"https:\/\/consmiami.esteri.it\/it\/wp-json\/wp\/v2\/pages\/84\/revisions\/7163"}],"up":[{"embeddable":true,"href":"https:\/\/consmiami.esteri.it\/it\/wp-json\/wp\/v2\/pages\/59"}],"wp:attachment":[{"href":"https:\/\/consmiami.esteri.it\/it\/wp-json\/wp\/v2\/media?parent=84"}],"curies":[{"name":"wp","href":"https:\/\/api.w.org\/{rel}","templated":true}]}}