{"id":6310,"date":"2025-11-07T12:45:57","date_gmt":"2025-11-07T17:45:57","guid":{"rendered":"https:\/\/consmiami.esteri.it\/?page_id=6310"},"modified":"2026-03-12T12:54:13","modified_gmt":"2026-03-12T16:54:13","slug":"procura","status":"publish","type":"page","link":"https:\/\/consmiami.esteri.it\/it\/servizi-consolari-e-visti\/servizi-per-il-cittadino-italiano\/servizi-notarili\/procura\/","title":{"rendered":"Procura"},"content":{"rendered":"<p style=\"text-align: justify;\">La procura \u00e8 un atto con il quale si d\u00e0 la facolt\u00e0 ad un\u2019altra persona di agire in propria vece e rappresentanza ed a compiere gli atti necessari per raggiungere un determinato scopo (es. vendere, acquistare, amministrare, fare donazione, accettare donazione, costituire o sciogliere societ\u00e0,ecc).<\/p>\n<p style=\"text-align: justify;\">Le procure si dividono in due categorie:<\/p>\n<p style=\"text-align: justify;\"><strong>Procure Generali:<\/strong> con questi atti l\u2019interessato affida al rappresentante la gestione di tutti i suoi affari, sia presenti sia futuri. La procura generale \u00e8 rilasciata a\u00a0tempo indeterminato\u00a0e conferisce vastissimi poteri rendendo di fatto il mandatario un alter \u2013ego del mandante. Tale procura deve essere conferita solo a persone di cui si gode la massima fiducia e richiede la presenza di\u00a0<strong>due testimoni<\/strong>\u00a0al momento della firma.<\/p>\n<p style=\"text-align: justify;\"><strong>Procure Speciali: <\/strong>con questi atti l\u2019interessato affida al rappresentante la gestione di una parte dei suoi affari ed il compimento di varie attivit\u00e0 volte ad un fine specifico (es. vendita bene immobile). La procura speciale cessa di avere efficacia nel momento in cui l\u2019incarico particolare per il quale \u00e8 stata rilasciata si conclude.<\/p>\n<p>Si ricorda che questo servizio \u00e8 riservato <strong>esclusivamente ai cittadini italiani<\/strong>.<\/p>\n<p style=\"text-align: center;\"><span style=\"text-decoration: underline;\"><strong>PROCEDURA<\/strong><\/span><\/p>\n<p style=\"text-align: justify;\">Chi intende conferire procura (mandante) deve prenotare un appuntamento tramite il portale <a href=\"https:\/\/prenotami.esteri.it\/\"><strong>prenot@mi<\/strong><\/a><strong>.<\/strong><\/p>\n<p><strong>A seguito di prenotazione effettuata si ricever\u00e0 un\u2019email dettagliata di istruzioni con la documentazione necessaria ai fini dell\u2019appuntamento, che qui si riassumono:<\/strong><b><\/b><\/p>\n<ul>\n<li>bozza redatta da un notaio o avvocato italiano, completa di tutti i dati, in formato Word:<br \/>\nla bozza dovr\u00e0 obbligatoriamente contenere le seguenti informazioni, sia in relazione a\u00a0<strong>s\u00e9 stesso (mandante)<\/strong>\u00a0che alla persona del\u00a0<strong>procuratore\u00a0<\/strong>che per gli\u00a0<strong>eventuali testimoni:<\/strong><\/li>\n<\/ul>\n<ol>\n<li>Nome e cognome (se donna coniugata, il cognome d\u2019origine);<\/li>\n<li>Data e luogo di nascita;<\/li>\n<li>Residenza;<\/li>\n<li>Cittadinanza;<\/li>\n<li>Codice fiscale italiano.<\/li>\n<li style=\"list-style-type: none;\">\n<ol>\n<li style=\"list-style-type: none;\">\n<ol>\n<li style=\"list-style-type: none;\"><\/li>\n<\/ol>\n<\/li>\n<\/ol>\n<\/li>\n<\/ol>\n<ul>\n<li>passaporto italiano in corso di validit\u00e0;<\/li>\n<\/ul>\n<p style=\"text-align: justify;\"><strong>IN BASE ALL\u2019OGGETTO DELLA PROCURA VERRA\u2019 RICHIESTA DOCUMENTAZIONE AGGIUNTIVA.<\/strong><\/p>\n<p style=\"text-align: justify;\">Laddove si tratti di conferire <strong>procure speciali<\/strong> per curare il <strong>trasferimento della propriet\u00e0 o\u00a0di altro diritto reale su\u00a0beni immobili,<\/strong> questi devono essere, a loro volta, individuati con\u00a0certezza, anche per il tramite della indicazione dei relativi<strong>\u00a0<u>dati catastali<\/u><\/strong>.<\/p>\n<p style=\"text-align: justify;\">Nel caso di <strong>procure per successione<\/strong>, l\u2019interessato deve altres\u00ec fornire il nome ed il cognome, la data ed il luogo di nascita, la data ed il luogo della morte, la cittadinanza, nonch\u00e9 l\u2019ultimo indirizzo di residenza in vita della persona della cui successione si tratta.<\/p>\n<p style=\"text-align: justify;\">L\u2019atto notarile non pu\u00f2 essere ricevuto dal funzionario consolare se non <strong><u>in presenza delle parti<\/u><\/strong> e in presenza di <strong><u>due testimoni<\/u><\/strong> nei seguenti casi:<\/p>\n<p style=\"text-align: justify;\"><strong><u>procure generali<\/u><\/strong>, atti di donazione, convenzioni matrimoniali\u00a0e le loro modificazioni; dichiarazioni di scelta riguardo il regime di separazione dei beni; nel caso in cui anche una sola delle parti non sappia o non possa leggere e scrivere; ovvero una parte o il funzionario consolare ne richieda la presenza.<\/p>\n<p style=\"text-align: justify;\"><strong>Dopo aver preso visione della documentazione il mandante dovr\u00e0 comparire personalmente presso gli Uffici di questo Consolato Generale munito di idoneo documento d\u2019identit\u00e0 e il money order per il pagamento della <\/strong><strong><u>tariffa consolare.<\/u><\/strong><\/p>\n<p style=\"text-align: justify;\">Alcune procure possono essere sottoscritte anche presso <strong>i Consolati Onorari della circoscrizione.<\/strong><\/p>\n<p style=\"text-align: justify;\"><strong>N.B.<\/strong> I Consolati non offrono consulenza legale n\u00e9 redigono testi personalizzati.<br \/>\nIl Consolato non si assume responsabilit\u00e0 sulla validit\u00e0 di testi preparati esternamente.<\/p>\n<p style=\"text-align: center;\"><strong><u>REVOCA DELLA PROCURA<\/u><\/strong><\/p>\n<p style=\"text-align: justify;\">Colui che ha rilasciato una procura <strong>pu\u00f2 in qualsiasi momento revocarla<\/strong>, a meno che nell\u2019atto non sia stato specificato che la procura \u00e8 irrevocabile.<\/p>\n<p>&nbsp;<\/p>\n<p style=\"text-align: justify;\">Per ottenere la\u00a0revoca di una procura l\u2019interessato deve inviare un\u2019email a <a href=\"mailto:notarile.miami@esteri.it\">notarile.miami@esteri.it<\/a> \u00a0allegando la seguente documentazione:<\/p>\n<ul style=\"text-align: justify;\">\n<li>Fotocopia della procura che intende revocare o, in sua mancanza, tutti i dati essenziali della medesima (ad esempio: il Consolato o il Notaio che ha rogato l\u2019atto, la data del rilascio, il numero di repertorio, i dati personali completi del mandatario).<\/li>\n<\/ul>\n<ul style=\"text-align: justify;\">\n<li>Un documento di riconoscimento (preferibilmente passaporto italiano)<\/li>\n<\/ul>\n<p style=\"text-align: justify;\">L\u2019interessato deve provvedere per proprio conto a trasmettere la revoca al procuratore revocato con ogni mezzo di spedizione idoneo ad assicurane la ricezione.<\/p>\n<p style=\"text-align: justify;\">In mancanza di tali formalit\u00e0 la revoca non \u00e8 opponibile ai terzi in una eventuale controversia legale.<\/p>\n<p style=\"text-align: center;\"><strong><u>COPIE ATTI NOTARILI<\/u><\/strong><\/p>\n<p style=\"text-align: justify;\">Per richiedere la copia di un atto notarile emesso da questo Consolato Generale, si prega di spedire una email all\u2019Ufficio Notarile all\u2019indirizzo\u00a0<a href=\"mailto:notarile.miami@esteri.it\">notarile.miami@esteri.it<\/a> indicando i dati identificativi l\u2019atto (tipo dell\u2019atto, data di rilascio e numero di repertorio). Il responsabile del settore, risponder\u00e0 fornendo le informazioni necessarie per finalizzare la procedura.<\/p>\n","protected":false},"excerpt":{"rendered":"La procura \u00e8 un atto con il quale si d\u00e0 la facolt\u00e0 ad un\u2019altra persona di agire in propria vece e rappresentanza ed a compiere gli atti necessari per raggiungere un determinato scopo (es. vendere, acquistare, amministrare, fare donazione, accettare donazione, costituire o sciogliere societ\u00e0,ecc). Le procure si dividono in due categorie: Procure Generali: con [&hellip;]","protected":false},"author":4,"featured_media":0,"parent":89,"menu_order":1,"comment_status":"closed","ping_status":"closed","template":"","meta":{"footnotes":""},"class_list":["post-6310","page","type-page","status-publish","hentry"],"_links":{"self":[{"href":"https:\/\/consmiami.esteri.it\/it\/wp-json\/wp\/v2\/pages\/6310","targetHints":{"allow":["GET"]}}],"collection":[{"href":"https:\/\/consmiami.esteri.it\/it\/wp-json\/wp\/v2\/pages"}],"about":[{"href":"https:\/\/consmiami.esteri.it\/it\/wp-json\/wp\/v2\/types\/page"}],"author":[{"embeddable":true,"href":"https:\/\/consmiami.esteri.it\/it\/wp-json\/wp\/v2\/users\/4"}],"replies":[{"embeddable":true,"href":"https:\/\/consmiami.esteri.it\/it\/wp-json\/wp\/v2\/comments?post=6310"}],"version-history":[{"count":5,"href":"https:\/\/consmiami.esteri.it\/it\/wp-json\/wp\/v2\/pages\/6310\/revisions"}],"predecessor-version":[{"id":8097,"href":"https:\/\/consmiami.esteri.it\/it\/wp-json\/wp\/v2\/pages\/6310\/revisions\/8097"}],"up":[{"embeddable":true,"href":"https:\/\/consmiami.esteri.it\/it\/wp-json\/wp\/v2\/pages\/89"}],"wp:attachment":[{"href":"https:\/\/consmiami.esteri.it\/it\/wp-json\/wp\/v2\/media?parent=6310"}],"curies":[{"name":"wp","href":"https:\/\/api.w.org\/{rel}","templated":true}]}}