{"id":5174,"date":"2025-09-09T12:19:35","date_gmt":"2025-09-09T16:19:35","guid":{"rendered":"https:\/\/consmiami.esteri.it\/?page_id=5174"},"modified":"2025-09-09T12:20:13","modified_gmt":"2025-09-09T16:20:13","slug":"netiquette","status":"publish","type":"page","link":"https:\/\/consmiami.esteri.it\/it\/chi-siamo\/contatti\/netiquette\/","title":{"rendered":"Netiquette Social Media"},"content":{"rendered":"<p style=\"text-align: justify;\">Questo Consolato Generale utilizza i social media per scopi istituzionali al fine di migliorare la trasparenza e informare il pubblico sulle proprie attivit\u00e0: informa, comunica, riceve e pubblica contenuti di natura istituzionale.<\/p>\n<p style=\"text-align: justify;\">I contenuti pubblicati includono fotografie, video istituzionali, comunicati stampa, informazioni sui servizi, notizie relative alle attivit\u00e0 di questa istituzione e opportunit\u00e0 di coinvolgimento e partecipazione del pubblico. I dati personali sono trattati in conformit\u00e0 con la legislazione vigente.<\/p>\n<p style=\"text-align: justify;\">Attraverso i suoi canali social, questa istituzione pu\u00f2 condividere e ripubblicare contenuti e messaggi di interesse pubblico o di servizio pubblicati da altri utenti.<\/p>\n<p style=\"text-align: justify;\">Questo Consolato Generale si impegna a gestire gli spazi di comunicazione e dialogo attraverso i propri account sui social media e chiede ai propri utenti di rispettare alcune semplici regole:<\/p>\n<ol style=\"text-align: justify;\">\n<li>Si prega di esprimere le proprie opinioni in modo rispettoso, assicurandosi che il tono sia sempre corretto ed educato.<\/li>\n<li>Sui social media, ogni individuo \u00e8 responsabile dei contenuti pubblicati e delle opinioni espresse. Non saranno tollerati insulti, linguaggio osceno, offese, minacce e, pi\u00f9 in generale, atteggiamenti violenti o diffamatori.<\/li>\n<li>I contenuti pubblicati devono sempre rispettare la privacy delle persone. \u00c8 necessario evitare qualsiasi riferimento a fatti o dettagli che non abbiano rilevanza pubblica e che violino la sfera personale di altre persone.<\/li>\n<li>\u00c8 fondamentale avere un interesse per le questioni e le attivit\u00e0 di questa istituzione: non \u00e8 in alcun modo ammissibile utilizzare i suoi spazi per scopi diversi da quelli esclusivamente istituzionali.<\/li>\n<li>Ogni dibattito \u00e8 legato a un tema specifico: tutti i partecipanti sono tenuti ad attenersi ad esso ed evitare di ampliare il dibattito in modo generico e indiscriminato.<\/li>\n<li>Non \u00e8 consentita alcuna forma di pubblicit\u00e0, spam o promozione di interessi privati e attivit\u00e0 illegali.<\/li>\n<li>Non sono ammessi contenuti che violino le leggi sul diritto d&#8217;autore o l&#8217;uso non autorizzato di marchi registrati.<\/li>\n<\/ol>\n<p style=\"text-align: justify;\">In ogni caso, se il social media lo consente, il personale del Consolato provveder\u00e0 a rimuovere tutti i post, i commenti o i materiali audio\/video che:<\/p>\n<ul style=\"text-align: justify;\">\n<li>Utilizzano un linguaggio inappropriato e\/o un tono minaccioso, violento, volgare o irrispettoso;<\/li>\n<li>Esprimono contenuti illegali o incitano a compiere attivit\u00e0 illegali;<\/li>\n<li>Contengono contenuti offensivi, fuorvianti, allarmistici o che violano i diritti altrui;<\/li>\n<li>Diffondano dati e informazioni personali che potrebbero causare pregiudizio o danno alla reputazione di altre persone;<\/li>\n<li>Contengano contenuti indecenti, pornografici o pedopornografici o tali da offendere la sensibilit\u00e0 degli utenti;<\/li>\n<li>Contengano contenuti discriminatori basati su sesso, razza, etnia, lingua, credo religioso, opinioni politiche, orientamento sessuale, et\u00e0, status personale e sociale;<\/li>\n<li>Promuovano e sostengano attivit\u00e0 illegali che violano le leggi sul diritto d&#8217;autore o che utilizzano in modo inappropriato un marchio registrato.<\/li>\n<\/ul>\n<p style=\"text-align: justify;\">Questa istituzione, in linea con la Politica sui social media del Ministero degli Affari Esteri e della Cooperazione Internazionale, si riserva il diritto di utilizzare le funzioni di divieto o blocco (ove possibile dopo un primo avvertimento) nei confronti di chiunque violi ripetutamente queste condizioni, al fine di impedire ulteriori azioni, e di segnalare l&#8217;utente alla piattaforma e, se necessario, alle forze dell&#8217;ordine.<\/p>\n<p style=\"text-align: justify;\">Questo Consolato Generale interagisce, quando possibile e nei limiti delle proprie risorse, con gli utenti attraverso i propri profili sui social media. Questi, tuttavia, non sostituiscono i normali canali di accesso del pubblico ai servizi di informazione e assistenza. Il Consolato pu\u00f2 essere contattato come indicato nella sezione dedicata del sito web.<\/p>\n<p style=\"text-align: justify;\">\n","protected":false},"excerpt":{"rendered":"Questo Consolato Generale utilizza i social media per scopi istituzionali al fine di migliorare la trasparenza e informare il pubblico sulle proprie attivit\u00e0: informa, comunica, riceve e pubblica contenuti di natura istituzionale. I contenuti pubblicati includono fotografie, video istituzionali, comunicati stampa, informazioni sui servizi, notizie relative alle attivit\u00e0 di questa istituzione e opportunit\u00e0 di coinvolgimento [&hellip;]","protected":false},"author":4,"featured_media":0,"parent":37,"menu_order":1,"comment_status":"closed","ping_status":"closed","template":"","meta":{"footnotes":""},"class_list":["post-5174","page","type-page","status-publish","hentry"],"_links":{"self":[{"href":"https:\/\/consmiami.esteri.it\/it\/wp-json\/wp\/v2\/pages\/5174","targetHints":{"allow":["GET"]}}],"collection":[{"href":"https:\/\/consmiami.esteri.it\/it\/wp-json\/wp\/v2\/pages"}],"about":[{"href":"https:\/\/consmiami.esteri.it\/it\/wp-json\/wp\/v2\/types\/page"}],"author":[{"embeddable":true,"href":"https:\/\/consmiami.esteri.it\/it\/wp-json\/wp\/v2\/users\/4"}],"replies":[{"embeddable":true,"href":"https:\/\/consmiami.esteri.it\/it\/wp-json\/wp\/v2\/comments?post=5174"}],"version-history":[{"count":2,"href":"https:\/\/consmiami.esteri.it\/it\/wp-json\/wp\/v2\/pages\/5174\/revisions"}],"predecessor-version":[{"id":5179,"href":"https:\/\/consmiami.esteri.it\/it\/wp-json\/wp\/v2\/pages\/5174\/revisions\/5179"}],"up":[{"embeddable":true,"href":"https:\/\/consmiami.esteri.it\/it\/wp-json\/wp\/v2\/pages\/37"}],"wp:attachment":[{"href":"https:\/\/consmiami.esteri.it\/it\/wp-json\/wp\/v2\/media?parent=5174"}],"curies":[{"name":"wp","href":"https:\/\/api.w.org\/{rel}","templated":true}]}}