{"id":5164,"date":"2025-08-29T14:24:26","date_gmt":"2025-08-29T18:24:26","guid":{"rendered":"https:\/\/consmiami.esteri.it\/?page_id=5164"},"modified":"2026-01-02T10:38:48","modified_gmt":"2026-01-02T15:38:48","slug":"cambio-generalita","status":"publish","type":"page","link":"https:\/\/consmiami.esteri.it\/it\/servizi-consolari-e-visti\/servizi-per-il-cittadino-italiano\/stato-civile\/cambio-generalita\/","title":{"rendered":"Cambio Generalita&#8217;"},"content":{"rendered":"<ul>\n<li><strong>RIPRISTINO DEL COGNOME ORIGINARIO<\/strong><\/li>\n<\/ul>\n<p style=\"text-align: justify;\">Ai sensi dell\u2019art. 98, comma 2, del DPR 3 novembre 2000, della Circolare n. 397 del 15.05.2008 del Ministero dell\u2019 Interno e della Sentenza della Corte Costituzionale n.286 dell\u201908.11.2016 i cittadini nati all&#8217;estero con doppia cittadinanza, italiana e straniera, possono richiedere il ripristino del cognome attribuito alla nascita come riportato sul certificato di nascita.<\/p>\n<p style=\"text-align: justify;\"><strong>Destinatari:<\/strong> Le disposizioni riguardano esclusivamente i <u>soggetti, nati all\u2019estero, in possesso dalla nascita della doppia cittadinanza <\/u>(quella del Paese straniero di nascita e italiana) o <u>a cui \u00e8 stata riconosciuta la cittadinanza per discendenza<\/u>, ai quali l\u2019ufficiale dello stato civile, al momento della trascrizione dell\u2019atto di nascita, abbia corretto il cognome per uniformarlo alle regole all\u2019epoca vigenti in Italia.<\/p>\n<p style=\"text-align: justify;\"><strong>\u00a0<\/strong><strong>Come accedere al servizio:<\/strong> inviare per posta al Consolato i documenti sotto descritti indicando nell\u2019oggetto \u201crichiesta ripristino cognome originario\u201d.<\/p>\n<p style=\"text-align: justify;\"><strong>Documentazione da presentare:<\/strong><\/p>\n<ul style=\"text-align: justify;\">\n<li><a href=\"https:\/\/consmiami.esteri.it\/wp-content\/uploads\/2025\/08\/09-Istanza-di-ripristino-del-nome-originario.docx\">Modulo di richiesta sottoscritto<\/a>;<\/li>\n<li>passaporto in corso di validit\u00e0;<\/li>\n<li>certificato di nascita originale apostillato e tradotto (se la nascita \u00e8 avvenuta negli USA) legalizzato secondo le disposizioni del paese ove \u00e8 stato emesso (se la nascita \u00e8 avvenuta in paese diverso dagli USA);<\/li>\n<\/ul>\n<p style=\"text-align: justify;\"><strong>Costi:<\/strong> nessuno<\/p>\n<ul>\n<li><strong>CAMBIO NOME\/COGNOME<\/strong><\/li>\n<\/ul>\n<p style=\"text-align: justify;\">Nell\u2019ordinamento italiano il cambio delle generalit\u00e0 rispetto a quelle attribuite alla nascita \u00e8 un evento che riveste carattere di eccezionalit\u00e0 e pu\u00f2 avvenire in 2 modi:<\/p>\n<ol style=\"text-align: justify;\">\n<li>Attraverso sentenza pronunciata da un Tribunale all\u2019estero:<\/li>\n<\/ol>\n<p style=\"text-align: justify;\">In questo caso \u00e8 possibile richiedere la trascrizione al comune di residenza AIRE attraverso annotazione sull\u2019atto di nascita per il tramite di questo Consolato.<\/p>\n<p style=\"text-align: justify;\"><strong>Destinatari:<\/strong> cittadini italiani residenti nella circoscrizione consolare e regolarmente iscritti all\u2019AIRE.<\/p>\n<p style=\"text-align: justify;\"><strong>Come accedere al servizio:<\/strong> inviare per posta al Consolato i documenti sotto descritti indicando nell\u2019oggetto \u201ccambio generalit\u00e0\u201d.<\/p>\n<p style=\"text-align: justify;\"><strong>Cosa presentare: <\/strong><\/p>\n<ol style=\"text-align: justify;\">\n<li>Domanda di trascrizione della sentenza (<a href=\"https:\/\/consmiami.esteri.it\/wp-content\/uploads\/2025\/08\/affidavit-cambio-cognome-o-nome.doc\">Modello Richiesta trascrizione sentenza cambio nome<\/a>);<\/li>\n<li>Copia autentica della sentenza, emessa dal Tribunale o autorit\u00e0 giudiziaria competente, debitamente legalizzata con Apostille dello Stato ove ha sede il Tribunale;<\/li>\n<li>Copia autentica della Sentenza di passaggio in giudicato (NO APPEAL) emessa dall&#8217;autorita&#8217; giudiziaria o dal tribunale competente, legalizzata con Apostille dello Stato ove ha sede il Tribunale e tradotta in italiano.<\/li>\n<li>Traduzione in italiano effettuata da un traduttore professionista (lista dei traduttori) con certificato bilingue di conformit\u00e0 della traduzione;<\/li>\n<li>Fotocopia del passaporto in corso di validit\u00e0, possibilmente italiano, del richiedente (solo le pagine con la foto, i dati e la firma del titolare).<\/li>\n<\/ol>\n<p style=\"text-align: justify;\">\u00c8 bene notare che non si pu\u00f2 richiedere l\u2019attribuzione di cognomi di importanza storica o comunque tali da indurre in errore circa l\u2019appartenenza del richiedente a famiglie illustri o particolarmente note nel luogo in cui si trova registrato l\u2019atto di nascita del richiedente.<\/p>\n<p style=\"text-align: justify;\"><strong>Costi<\/strong>: Conformit\u00e0 di traduzione vedi <a href=\"https:\/\/consmiami.esteri.it\/wp-content\/uploads\/2025\/12\/Estratto-tabella-consolare-I-trimestre-2026_rev-1.pdf\">tabelle consolari<\/a> (art 72A),<\/p>\n<ol style=\"text-align: justify;\" start=\"2\">\n<li>Attraverso domanda presentata al Prefetto (in caso di assenza di sentenza straniera di cambio di generalit\u00e0):<\/li>\n<\/ol>\n<p style=\"text-align: justify;\">il cittadino italiano che voglia cambiare il proprio nome o cognome ma che non abbia una sentenza di cambio generalit\u00e0 gi\u00e0 riconosciuta all\u2019estero, potr\u00e0 presentare, una domanda al Prefetto del luogo di ultima residenza o del luogo in cui si trova l\u2019atto di nascita, esponendo le ragioni a fondamento della richiesta e corredandola di documentazione a supporto (secondo agli artt. 89 e seguenti del D.P.R. 396 del 03.11.2000) S<\/p>\n<p style=\"text-align: justify;\">Si ricorda che le richieste devono rivestire carattere eccezionale e sono ammesse esclusivamente in presenza di situazioni oggettivamente rilevanti, supportate da significative motivazioni, adeguatamente documentate.<\/p>\n<p style=\"text-align: justify;\"><strong>Chi pu\u00f2 accedere al servizio:<\/strong> i cittadini italiani residenti presso la circoscrizione consolare e iscritti AIRE<\/p>\n<p style=\"text-align: justify;\"><strong>Come accedere al servizio<\/strong>: Non \u00e8 necessario l\u2019intervento del Consolato Generale per la redazione e l\u2019inoltro della domanda, tuttavia i cittadini italiani residenti in questa circoscrizione consolare ed iscritti all\u2019AIRE che intendano presentare la domanda per il tramite di questo Consolato Generale dovranno prenotare un appuntamento scrivendo a <a href=\"mailto:statocivile.miami@esteri.it\">statocivile.miami@esteri.it<\/a> indicando come oggetto \u201ccambio generalit\u00e0\u201d.<\/p>\n<p style=\"text-align: justify;\"><strong>Cosa presentare:<\/strong><\/p>\n<ol style=\"text-align: justify;\">\n<li>\u00a0<a href=\"https:\/\/consmiami.esteri.it\/wp-content\/uploads\/2025\/08\/PREFETTURA-affidavit-cambio-cognome-o-nome-OK.doc\">Modulo di richiesta<\/a> compilato, corredato da un documento di identit\u00e0 in corso di validit\u00e0 (possibilmente passaporto italiano) e documentazione a supporto (a titolo esemplificativo, documentazione atta ad attestare che tale cambio di nome \u00e8 gi\u00e0 avvenuto nel luogo di attuale residenza modificando di fatto l\u2019identit\u00e0 originaria). La documentazione a supporto dovr\u00e0 essere debitamente tradotta in Italiano e, se necessario apostillata\/legalizzata.<\/li>\n<\/ol>\n<p style=\"text-align: justify;\">La procedura quindi si articoler\u00e0 nei seguenti passaggi:<\/p>\n<ol style=\"text-align: justify;\">\n<li>Questo consolato inoltrer\u00e0 la domanda alla Prefettura competente, che potr\u00e0 richiedere documentazione aggiuntiva (ad esempio, certificati penali del luogo di residenza);<\/li>\n<\/ol>\n<ol style=\"text-align: justify;\">\n<li>in caso la domanda sia ritenuta dal Prefetto meritevole di essere presa in considerazione, verr\u00e0 emesso un Decreto Prefettizio di autorizzazione alla pubblicazione di un avviso contenente il sunto della domanda;<\/li>\n<li>pubblicazione (ex art. 90 del D.P.R. 396 del 2000) per trenta giorni consecutivi di un avviso contenente il sunto della domanda all\u2019albo consolare;<\/li>\n<li>avviso alla Prefettura competente dell\u2019avvenuta pubblicazione;<\/li>\n<li>ricevimento dalla Prefettura del Decreto di autorizzazione al cambiamento del nome o cognome;<\/li>\n<li>consegna all\u2019interessato del Decreto Definitivo;<\/li>\n<li>richiesta da parte dell\u2019interessato al Comune di nascita di trascrizione e annotazione del Decreto Definitivo del cambiamento di nome o di cognome;<\/li>\n<li>richiesta da parte dell\u2019interessato di rilascio di nuovi documenti con le nuove generalit\u00e0 (passaporto, carta d\u2019identit\u00e0, codice fiscale, ecc.).<\/li>\n<\/ol>\n<p style=\"text-align: justify;\">I tempi complessivi di questa procedura dipendono dall\u2019attivit\u00e0 istruttoria della Prefettura competente.<\/p>\n<p style=\"text-align: justify;\"><strong>Il decreto diventer\u00e0 efficace solo dopo le trascrizioni e annotazioni da parte del Comune nei propri registri.<\/strong><\/p>\n<p style=\"text-align: justify;\"><strong><u>Il Consolato provveder\u00e0 alle variazioni solo dopo aver ricevuto conferma di trascrizione da parte del Comune.<\/u><\/strong><\/p>\n<p style=\"text-align: justify;\"><strong>Importante<\/strong>: a seguito della registrazione del cambiamento di nome e\/o cognome da parte del Comune, i documenti in possesso dell\u2019interessato\/a <strong>perderanno validit\u00e0 ed efficacia<\/strong>. <strong>Sar\u00e0 quindi necessario restituire passaporto e carta di identit\u00e0 rilasciati con il nome non pi\u00f9 valido<\/strong>, anche se non scaduti, <strong>e fare domanda per ottenerne di nuovi<\/strong>.<\/p>\n<p style=\"text-align: justify;\">Anche il <strong>codice fiscale italiano<\/strong> rilasciato con il vecchio nome non sar\u00e0 pi\u00f9 valido e dovr\u00e0 richiederne uno nuovo con le nuove generalit\u00e0.<\/p>\n<p style=\"text-align: justify;\"><strong>Costi: <\/strong>Diritti consolari per copie conformi della documentazione (art 71 del <a href=\"https:\/\/consmiami.esteri.it\/wp-content\/uploads\/2016\/08\/Estratto-tabella-consolare-IV-trimestre-2025.pdf\">tariffario consolare<\/a>), diritti consolari eventuali conformit\u00e0 di traduzione (art 72A del <a href=\"https:\/\/consmiami.esteri.it\/wp-content\/uploads\/2025\/12\/Estratto-tabella-consolare-I-trimestre-2026_rev-1.pdf\">tariffario consolare)<\/a>.<\/p>\n<p style=\"text-align: justify;\">\u00c8 prevista esenzione da ogni tassa, in tutti i casi di cambiamento di nomi e cognomi perch\u00e9 ridicoli o vergognosi o rivelanti l\u2019origine naturale.<\/p>\n<ul>\n<li><strong>DONNE SPOSATE e COGNOME del CONIUGE<\/strong><\/li>\n<\/ul>\n<p style=\"text-align: justify;\">Secondo la legge italiana le donne coniugate mantengono sempre il cognome da nubile, come da atto di nascita.<\/p>\n<p style=\"text-align: justify;\"><strong>ATTENZIONE: <\/strong>se la donna italiana assume il cognome del marito all\u2019atto del matrimonio negli Stati Uniti d\u2019America, ci sar\u00e0 una differenza di dati tra quelli registrati nell\u2019anagrafe italiana (che sono gli unici validi per l\u2019Italia e per il Consolato) ed in quella statunitensi.<\/p>\n<p style=\"text-align: justify;\">Per qualsiasi certificazione\/documentazione amministrativa italiana nonch\u00e9 sui documenti d\u2019identit\u00e0 italiani il cognome di riferimento sar\u00e0 sempre quello riportato sull\u2019atto di nascita (cognome da nubile).<\/p>\n<p style=\"text-align: justify;\">Il passaporto italiano consente l\u2019annotazione a margine (pagina 4) del cognome del marito, a richiesta dell\u2019interessata. <strong>Importante<\/strong>: questa annotazione <strong>NON<\/strong> costituisce un cambio di cognome.<\/p>\n<p style=\"text-align: justify;\"><strong>Per ottenere l\u2019aggiunta ufficiale e formale del cognome del coniuge all\u2019anagrafe italiana e sui documenti italiani \u00e8 necessario presentare istanza di cambio cognome alla Prefettura, secondo la procedura sopra indicata.<\/strong><\/p>\n<p>&nbsp;<\/p>\n<p>&nbsp;<\/p>\n<p>&nbsp;<\/p>\n<p>&nbsp;<\/p>\n<p>&nbsp;<\/p>\n<p>&nbsp;<\/p>\n<p>&nbsp;<\/p>\n<p>&nbsp;<\/p>\n<p>&nbsp;<\/p>\n","protected":false},"excerpt":{"rendered":"RIPRISTINO DEL COGNOME ORIGINARIO Ai sensi dell\u2019art. 98, comma 2, del DPR 3 novembre 2000, della Circolare n. 397 del 15.05.2008 del Ministero dell\u2019 Interno e della Sentenza della Corte Costituzionale n.286 dell\u201908.11.2016 i cittadini nati all&#8217;estero con doppia cittadinanza, italiana e straniera, possono richiedere il ripristino del cognome attribuito alla nascita come riportato sul [&hellip;]","protected":false},"author":4,"featured_media":0,"parent":86,"menu_order":8,"comment_status":"closed","ping_status":"closed","template":"","meta":{"footnotes":""},"class_list":["post-5164","page","type-page","status-publish","hentry"],"_links":{"self":[{"href":"https:\/\/consmiami.esteri.it\/it\/wp-json\/wp\/v2\/pages\/5164","targetHints":{"allow":["GET"]}}],"collection":[{"href":"https:\/\/consmiami.esteri.it\/it\/wp-json\/wp\/v2\/pages"}],"about":[{"href":"https:\/\/consmiami.esteri.it\/it\/wp-json\/wp\/v2\/types\/page"}],"author":[{"embeddable":true,"href":"https:\/\/consmiami.esteri.it\/it\/wp-json\/wp\/v2\/users\/4"}],"replies":[{"embeddable":true,"href":"https:\/\/consmiami.esteri.it\/it\/wp-json\/wp\/v2\/comments?post=5164"}],"version-history":[{"count":5,"href":"https:\/\/consmiami.esteri.it\/it\/wp-json\/wp\/v2\/pages\/5164\/revisions"}],"predecessor-version":[{"id":7241,"href":"https:\/\/consmiami.esteri.it\/it\/wp-json\/wp\/v2\/pages\/5164\/revisions\/7241"}],"up":[{"embeddable":true,"href":"https:\/\/consmiami.esteri.it\/it\/wp-json\/wp\/v2\/pages\/86"}],"wp:attachment":[{"href":"https:\/\/consmiami.esteri.it\/it\/wp-json\/wp\/v2\/media?parent=5164"}],"curies":[{"name":"wp","href":"https:\/\/api.w.org\/{rel}","templated":true}]}}