{"id":505,"date":"2023-09-29T14:54:14","date_gmt":"2023-09-29T18:54:14","guid":{"rendered":"https:\/\/consmiami.esteri.it\/?page_id=505"},"modified":"2026-03-12T11:49:36","modified_gmt":"2026-03-12T15:49:36","slug":"pubblicazioni-di-matrimonio","status":"publish","type":"page","link":"https:\/\/consmiami.esteri.it\/it\/servizi-consolari-e-visti\/servizi-per-il-cittadino-italiano\/stato-civile\/pubblicazioni-di-matrimonio\/","title":{"rendered":"Pubblicazioni di matrimonio"},"content":{"rendered":"<p>I cittadini italiani che si sposano all\u2019estero davanti alle autorit\u00e0 locali NON sono soggetti alle pubblicazioni di matrimonio.<\/p>\n<p>Dopo la celebrazione del matrimonio davanti alle autorit\u00e0 straniere, l\u2019interessato dovr\u00e0 provvedere a registrare l\u2019atto di matrimonio\u00a0 direttamente con il Comune o tramite questo Consolato Generale (vedi <a href=\"https:\/\/consmiami.esteri.it\/it\/servizi-consolari-e-visti\/servizi-per-il-cittadino-italiano\/stato-civile\/trascrizione-atto-di-matrimonio\/\">sezione trascrizione atto di matrimonio<\/a>).<\/p>\n<p>I <u>cittadini italiani residenti presso questa circoscrizione consolare che desiderano sposarsi in Italia dovranno invece richiedere le pubblicazioni di matrimonio.<\/u><\/p>\n<p>Nel caso di due cittadini italiani, di cui uno residente presso la circoscrizione di questo Consolato Generale e uno residente in Italia o presso la circoscrizione di altra Sede diplomatico-consolare, la procedura delle pubblicazioni potr\u00e0 essere avviata presso questo Consolato Generale oppure presso il Comune di residenza \/altra rappresentanza diplomatico-consolare di riferimento. Sar\u00e0 l\u2019Ufficiale di stato civile presso il quale \u00e8 presentata la richiesta di pubblicazione a richiede all\u2019altro Ufficio competente per residenza di procedere anch\u2019esso alla pubblicazione sul proprio albo informatico.<\/p>\n<p>Nel caso in cui le pubblicazioni vengano richieste presso il Consolato, il\/la futuro\/a sposo\/a residente in Italia dovr\u00e0 presentare anche un certificato di stato libero da richiedere al comune di residenza.<\/p>\n<p>&nbsp;<\/p>\n<p><strong>Chi pu\u00f2 accedere al servizio:<\/strong> cittadini italiani residenti all\u2019estero e iscritti all\u2019AIRE che vogliono contrarre matrimonio in Italia<\/p>\n<p><strong>Come prendere appuntamento:<\/strong> inviare una email a <a href=\"mailto:statocivile.miami@esteri.it\">statocivile.miami@esteri.it<\/a> con oggetto \u201cPUBBLICAZIONI DI MATRIMONIO\u201d. La data dell\u2019appuntamento deve essere ricompresa nell\u2019arco di tempo tra i 180 giorni e i 30 giorni dalla data del matrimonio.<\/p>\n<p><strong>Come presentare richiesta:<\/strong><\/p>\n<p>La richiesta di pubblicazioni di matrimonio dovr\u00e0 essere presentata di persona, previo appuntamento da concordarsi inviando una email a <a href=\"mailto:statocivile.miami@esteri.it\">statocivile.miami@esteri.it<\/a><\/p>\n<p><strong>Cosa presentare:<\/strong><\/p>\n<ol>\n<li>Atto di notoriet\u00e0 compilato in ogni parte e firmato da entrambi i futuri sposi;<\/li>\n<li>copia del passaporto in corso di validit\u00e0 di entrambi i futuri sposi;<\/li>\n<\/ol>\n<p>&nbsp;<\/p>\n<p>CASI TIPICI:<\/p>\n<ol>\n<li><strong><u>A) matrimonio tra 2 cittadini italiani<\/u><\/strong><strong>: presentare solo la documentazione elencata alla sezione \u201ccosa presentare\u201d. <\/strong><\/li>\n<\/ol>\n<p>Costo: importo corrispondente ai seguenti articoli della tabella dei diritti consolari (<strong>vedi importi a fondo pagina)<\/strong> Art. 3 (diritti di affissione delle pubblicazioni) e 2c (diritti di avvenute pubblicazioni) pagare tramite 2 money order separati<\/p>\n<ol>\n<li><strong><u>B) Matrimonio tra cittadino italiano e partner statunitense<\/u><\/strong><\/li>\n<\/ol>\n<p>Oltre alla documentazione elencata alla sezione \u201ccosa presentare\u201d, lo\/la sposo\/sposa di nazionalit\u00e0 statunitense dovr\u00e0 presentare:<\/p>\n<ul>\n<li>atto di nascita in modalita\u2019 \u201clong form\u201d, debitamente legalizzato e con traduzione in italiano;<\/li>\n<li>un atto notorio (cio\u00e8 dichiarazione giurata con due testimoni che non abbiano relazione di parentela con la parte interessata n\u00e9 diretto interesse all\u2019atto; e un traduttore, persona che abbia conoscenza dell&#8217;italiano e che sia in grado di tradurre l&#8217;atto) dalla quale risulti che il cittadino statunitense non ha impedimenti a contrarre matrimonio, formato davanti ad una autorit\u00e0 italiana competente a riceverlo. L\u2019atto notorio potr\u00e0, pertanto, essere formato davanti ad un Tribunale in Italia o davanti all\u2019ufficio notarile di questo Consolato Generale, con il quale occorrer\u00e0 prendere appuntamento scrivendo a notarile.miami@esteri.it.<\/li>\n<\/ul>\n<p>Se si \u00e8 in possesso di tutta la documentazione richiesta, \u00e8 possibile prendere appuntamento con l\u2019Ufficio stato civile per le pubblicazioni di matrimonio nello stesso giorno dell\u2019appuntamento con l\u2019Ufficio notarile per l\u2019atto notorio. L\u2019atto notorio deve essere redatto prima delle pubblicazioni di matrimonio.<\/p>\n<p>&nbsp;<\/p>\n<p><strong>Costi<\/strong>: importo corrispondente ai seguenti articoli della tabella dei diritti consolari (<strong>vedi importi a fondo pagina)<\/strong> Art. 3 (diritti di affissione delle pubblicazioni) + 24 (autentica della firma) e 2c (diritti di avvenute pubblicazioni) da pagare tramite due money order separati.<\/p>\n<p>&nbsp;<\/p>\n<ol>\n<li><strong><u>C) Matrimonio tra cittadino italiano e partner straniero ma non statunitense<\/u><\/strong><\/li>\n<\/ol>\n<p>Oltre alla documentazione elencata alla sezione \u201ccosa presentare\u201d, lo sposo\/sposa di nazionalit\u00e0 straniera dovr\u00e0 presentare:<\/p>\n<ul>\n<li>Certificato di capacit\u00e0 matrimoniale plurilingue che \u00e8 <u>esente da legalizzazione e traduzione<\/u>, rilasciato dalle autorit\u00e0 dei Paesi degli Stati firmatari della Convenzione di Monaco del 1980 (Austria, Germania, Grecia, Lussemburgo, Moldova, Paesi Bassi, Portogallo, Spagna, Svizzera, Turchia)<\/li>\n<\/ul>\n<p>oppure<\/p>\n<ul>\n<li>Certificato di non impedimento (o Nulla Osta), emesso dalle competenti Autorit\u00e0 del Paese di nascita del cittadino straniero non prima di 6 mesi dalla data dell\u2019appuntamento.<\/li>\n<\/ul>\n<p>Tali certificati devono:<\/p>\n<ul>\n<li>indicare cognome, nome, data e luogo di nascita, cittadinanza, residenza, stato libero, nome e cognome dei genitori e le generalit\u00e0 della persona di cittadinanza italiana con cui ci si sposa;<\/li>\n<li>indicare dichiarazione c<u>he non vi sono impedimenti al matrimonio<\/u> secondo le leggi dello Stato di appartenenza;<\/li>\n<li>(per la donna divorziata, indicare la data di scioglimento del matrimonio);<\/li>\n<li>(per la donna vedova, indicare la data di vedovanza);<\/li>\n<li>essere legalizzato con Apostille (per i Paesi firmatari della Convenzione dell\u2019Aja del 1961) o con legalizzazione della rappresentanza italiana nel Paese dove \u00e8 stato rilasciato, salvo i casi di esenzione previsti dalla <a href=\"https:\/\/www.prefettura.it\/FILES\/docs\/1173\/Convenzione_Londra_1968_%28dati%29.pdf\">Convenzione di Londra del 1968<\/a>;<\/li>\n<li>essere rilasciato in lingua italiana o lingua inglese. Qualora sia rilasciato in altra lingua \u00e8 necessaria la sua traduzione in italiano o inglese, che deve essere legalizzata con Apostille (per i paesi firmatari della <a href=\"https:\/\/www.prefettura.it\/FILES\/docs\/1173\/Convenzione_Aja_Stato_applicazione.pdf\">Convenzione dell\u2019Aja del 1961<\/a>) o con legalizzazione della rappresentanza italiana nel Paese dove \u00e8 stato rilasciato, salvo i casi di esenzione previsti dalla <a href=\"https:\/\/www.prefettura.it\/FILES\/docs\/1173\/Convenzione_Londra_1968_%28dati%29.pdf\">Convenzione di Londra del 1968<\/a>.<\/li>\n<\/ul>\n<p>Per richiedere il Certificato di Non Impedimento (Nulla Osta) ci si pu\u00f2 rivolgere:<\/p>\n<ul>\n<li>in Italia, alla rappresentanza diplomatico\/consolare del Paese di cui \u00e8 cittadino\/a il\/la richiedente (in questo caso la legalizzazione verr\u00e0 effettuata dalla Prefettura italiana competente);<\/li>\n<li>alla rappresentanza diplomatico\/consolare del Paese di cui si e\u2019 cittadini, nel Paese di residenza;<\/li>\n<li>presso le competenti autorit\u00e0 del Paese di nascita o di provenienza.<\/li>\n<\/ul>\n<p>NOTA BENE: Per informazioni circa il tipo esatto di certificato necessario, si consiglia di rivolgersi alla relativa rappresentanza diplomatico\/consolare in Italia o visionare il sito della rappresentanza diplomatico\/consolare italiana del Paese del partner straniero.<\/p>\n<p>&nbsp;<\/p>\n<p><u>Non sono pertanto accettabili autodichiarazioni o <em>Affidavit<\/em><\/u> rilasciate dall\u2019interessato\/a in sostituzione del nulla osta.<\/p>\n<p><strong>Costi<\/strong>: importo corrispondente ai seguenti articoli della tabella dei diritti consolari (<strong>vedi importi a fondo pagina)<\/strong> Art. 3 (diritti di affissione delle pubblicazioni) + 24 (autentica della firma) e 2c (diritti di avvenute pubblicazioni) da pagare tramite 2 money order separati<\/p>\n<p>&nbsp;<\/p>\n<p>Nel caso in cui uno dei due nubendi non possa essere presente alle pubblicazioni, il medesimo dovr\u00e0 rilasciare all\u2019altro una delega in carta semplice, se cittadino italiano o UE, oppure, se cittadino extracomunitario, una procura speciale fatta presso il Consolato italiano di riferimento o presso un notaio locale. In quest\u2019ultimo caso la procura andr\u00e0 apostillata e accompagnata da traduzione in lingua italiana.<\/p>\n<p>Se ambedue i nubendi non possono essere presenti alle pubblicazioni, dovranno rilasciare una delega o una procura a terza persona, con le stesse modalit\u00e0 di cui sopra.<\/p>\n<p>Le pubblicazioni saranno affisse presso l\u2019albo consolare per la durata di 8 giorni consecutivi; dopo ulteriori tre giorni liberi sar\u00e0 emesso il certificato di eseguite pubblicazioni di matrimonio con delega alla celebrazione del matrimonio in Italia che avr\u00e0 una validit\u00e0 di 180 giorni. Decorso tale termine, per poter contrarre matrimonio, occorrer\u00e0 ripetere le pubblicazioni.<\/p>\n<p><strong>Importi tariffe consolari fino al 30\/09<\/strong><\/p>\n<p>art 2c = 6,80 USD<\/p>\n<p>art 3 = 6,80 USD<\/p>\n<p>art. 24 = 22,70 USD<\/p>\n","protected":false},"excerpt":{"rendered":"I cittadini italiani che si sposano all\u2019estero davanti alle autorit\u00e0 locali NON sono soggetti alle pubblicazioni di matrimonio. Dopo la celebrazione del matrimonio davanti alle autorit\u00e0 straniere, l\u2019interessato dovr\u00e0 provvedere a registrare l\u2019atto di matrimonio\u00a0 direttamente con il Comune o tramite questo Consolato Generale (vedi sezione trascrizione atto di matrimonio). I cittadini italiani residenti presso [&hellip;]","protected":false},"author":4,"featured_media":0,"parent":86,"menu_order":0,"comment_status":"closed","ping_status":"closed","template":"","meta":{"footnotes":""},"class_list":["post-505","page","type-page","status-publish","hentry"],"_links":{"self":[{"href":"https:\/\/consmiami.esteri.it\/it\/wp-json\/wp\/v2\/pages\/505","targetHints":{"allow":["GET"]}}],"collection":[{"href":"https:\/\/consmiami.esteri.it\/it\/wp-json\/wp\/v2\/pages"}],"about":[{"href":"https:\/\/consmiami.esteri.it\/it\/wp-json\/wp\/v2\/types\/page"}],"author":[{"embeddable":true,"href":"https:\/\/consmiami.esteri.it\/it\/wp-json\/wp\/v2\/users\/4"}],"replies":[{"embeddable":true,"href":"https:\/\/consmiami.esteri.it\/it\/wp-json\/wp\/v2\/comments?post=505"}],"version-history":[{"count":6,"href":"https:\/\/consmiami.esteri.it\/it\/wp-json\/wp\/v2\/pages\/505\/revisions"}],"predecessor-version":[{"id":8068,"href":"https:\/\/consmiami.esteri.it\/it\/wp-json\/wp\/v2\/pages\/505\/revisions\/8068"}],"up":[{"embeddable":true,"href":"https:\/\/consmiami.esteri.it\/it\/wp-json\/wp\/v2\/pages\/86"}],"wp:attachment":[{"href":"https:\/\/consmiami.esteri.it\/it\/wp-json\/wp\/v2\/media?parent=505"}],"curies":[{"name":"wp","href":"https:\/\/api.w.org\/{rel}","templated":true}]}}