{"id":4759,"date":"2025-06-30T15:57:49","date_gmt":"2025-06-30T19:57:49","guid":{"rendered":"https:\/\/consmiami.esteri.it\/?page_id=4759"},"modified":"2025-08-15T10:10:51","modified_gmt":"2025-08-15T14:10:51","slug":"albo-degli-enti-gestori","status":"publish","type":"page","link":"https:\/\/consmiami.esteri.it\/it\/servizi-consolari-e-visti\/servizi-per-il-cittadino-italiano\/altri-servizi\/albo-consolare\/albo-degli-enti-gestori\/","title":{"rendered":"Albo Enti Gestori"},"content":{"rendered":"<p style=\"text-align: justify;\"><strong>Avviso: iscrizioni all\u2019Albo Enti Gestori<\/strong><\/p>\n<p style=\"text-align: justify;\">12\/12\/2024. Si informa che ai sensi dell\u2019articolo 2<u>\u00a0<\/u>della\u00a0<a href=\"https:\/\/www.esteri.it\/wp-content\/uploads\/2022\/03\/Circolare_4.pdf\">circolare del Ministero degli Affari Esteri e della Cooperazione Internazionale n. 4 dell\u20198 marzo 2022<\/a>, applicativa dell\u2019articolo 11 del Decreto legislativo n.64\/2017, sono aperte le iscrizioni per il rinnovo dell\u2019Albo consolare degli Enti gestori e promotori di iniziative a favore della lingua e della cultura italiana (di seguito: Albo) che operano nella circoscrizione consolare di Miami.<\/p>\n<p style=\"text-align: justify;\">La citata Circolare n. 4, infatti, disciplina gli interventi a favore della promozione della lingua e della cultura italiana all\u2019estero per quanto riguarda il settore scolastico e prevede l\u2019istituzione di un apposito albo consolare in cui gli enti richiedenti possono registrarsi per un periodo quadriennale allo scopo di richiedere eventuali contributi ministeriali per l\u2019attuazione dei propri progetti.<\/p>\n<p style=\"text-align: justify;\"><strong>Possono\u00a0presentare domanda<\/strong>\u00a0di iscrizione all\u2019Albo gli Enti che, ai sensi della Circolare n. 4\/2022, siano in possesso dei seguenti requisiti:<\/p>\n<ol style=\"text-align: justify;\">\n<li>essere Enti gestori di cui all\u2019articolo 11 del Decreto legislativo 64\/2017, ovvero soggetti di diritto locale senza scopo di lucro, dotati di personalit\u00e0 giuridica e promotori delle iniziative a favore della lingua e della cultura italiana di cui all\u2019articolo 10 dello stesso Decreto;<\/li>\n<li>essere dotati di uno Statuto conforme al diritto locale, che ne delinei le caratteristiche, i compiti, gli obiettivi, i mezzi finanziari e l\u2019ambito di intervento e che includa, tra le proprie finalit\u00e0, la promozione della lingua e della cultura italiana.<\/li>\n<\/ol>\n<p style=\"text-align: justify;\"><strong>NON possono essere iscritti<\/strong>\u00a0all\u2019Albo consolare e, conseguentemente, richiedere un contributo ministeriale enti o soggetti che:<\/p>\n<ul style=\"text-align: justify;\">\n<li>riuniscano al loro interno altri enti con caratteristiche e finalit\u00e0 analoghe;<\/li>\n<li>al cui interno ricoprano cariche statutarie o direttive, anche se onorarie, rappresentanti delle Sedi diplomatico\/consolari, degli Istituti di Cultura, degli Uffici scolastici e dei\u00a0Com.It.Es;<\/li>\n<li>il cui statuto non sia conforme al diritto locale.<\/li>\n<\/ul>\n<p style=\"text-align: justify;\">Per la registrazione all\u2019Albo occorre presentare la seguente documentazione:<\/p>\n<ul style=\"text-align: justify;\">\n<li><a href=\"https:\/\/consmiami.esteri.it\/wp-content\/uploads\/2025\/01\/Modulo-Domanda-di-iscrizione-Albo-Consoalre-Enti-gestori-promotori-2025.docx\">modulo di domanda<\/a>\u00a0debitamente compilato e firmato<\/li>\n<li><a href=\"https:\/\/consmiami.esteri.it\/wp-content\/uploads\/2025\/01\/Scheda-anagrafica-Ente.docx\">Scheda anagrafica dell\u2019Ente richiedente<\/a><\/li>\n<li>Copia del Documento di identit\u00e0 del suo Legale rappresentante;<\/li>\n<li>Copia dello Statuto dell\u2019Ente.<\/li>\n<\/ul>\n<p style=\"text-align: justify;\">La richiesta di iscrizione all\u2019Albo, completa di tutti gli allegati, dovr\u00e0 essere inoltrata,\u00a0<strong>entro il 10 febbraio 2025<\/strong><\/p>\n<ul style=\"text-align: justify;\">\n<li>al seguente indirizzo di posta elettronica certificata:\u00a0<strong><a href=\"mailto:con.miami@cert.esteri.it\">con.miami@cert.esteri.it<\/a><\/strong><\/li>\n<li>oppure tramite consegna a mano in busta sigillata presso la sede consolare con l\u2019accortezza di indirizzarla all\u2019Ufficio scolastico e di indicare: \u201cDomanda di iscrizione all\u2019Albo consolare degli Enti gestori \u00a0di iniziative a favore della lingua e della cultura italiana\u201d.<\/li>\n<\/ul>\n<p style=\"text-align: justify;\">Dopo verifica e valutazione delle domande da parte dell\u2019Ufficio consolare, \u00a0si proceder\u00e0 alla pubblicazione del nuovo Albo nella sezione \u201cAlbo Consolare\u201d del sito del Consolato\u00a0Generale d\u2019Italia a Miami.\u00a0L\u2019\u00a0Albo avr\u00e0 validit\u00e0 quadriennale e la verifica del mantenimento del possesso dei requisiti di ogni Ente iscritto sar\u00e0 annuale.<\/p>\n<p style=\"text-align: justify;\">************************************************************************************************<\/p>\n<p style=\"text-align: justify;\">Tra i soggetti attivi nella promozione della lingua e della cultura Italiana che collaborano con l\u2019Ufficio Scuola, un ruolo determinante \u00e8 svolto dagli Enti Gestori, organizzazioni locali no-profit che, dopo essersi iscritte, a domanda, all\u2019 <a href=\"https:\/\/consmiami.esteri.it\/wp-content\/uploads\/2025\/08\/Decreto-Consolare-n.-1.TER_.2025.pdf\">Albo consolare degli enti gestori<\/a>, possono ricevere contributi dal Ministero degli Esteri e della Cooperazione Internazionale per organizzare corsi di italiano nelle scuole pubbliche e private locali e quanto previsto nella Circolare n.4\/2022 e seguenti Decreti applicativi.<\/p>\n<p style=\"text-align: justify;\"><strong>Nel territorio di competenza del Consolato Generale d\u2019Italia a Miami risultano attualmente iscritti all\u2019albo due Enti gestori:<\/strong><\/p>\n<ul style=\"text-align: justify;\">\n<li><strong><a href=\"https:\/\/odli.us\/\">Odli<\/a>\u00a0Inc. \u2013 Organization for the Development of the Italian Language<br \/>\n<\/strong>401 Coral Way Ste 105<br \/>\nCoral Gables, FL, 33134<br \/>\nTel. (786) 603-2400<\/li>\n<\/ul>\n<ul style=\"text-align: justify;\">\n<li><strong><a href=\"https:\/\/www.renaissanceevolution.org\/\">Renaissance Evolution<\/a>\u00a0Inc.<br \/>\n<\/strong>601 Pennsylvania Ave. NW<br \/>\nSouth Building, Suite 900<br \/>\nWashington DC 20004<br \/>\n2121 Ponce de Leon<br \/>\nCoral Gables<br \/>\nFlorida 33134<strong><br \/>\n<\/strong><\/li>\n<\/ul>\n<p style=\"text-align: justify;\"><strong>NB:\u00a0<\/strong>i contributi eventualmente assegnati dal Ministero degli Affari Esteri e della Cooperazione Internazionale ai predetti Enti gestori sono pubblicati, ai sensi della normativa vigente in materia di trasparenza (artt. 26-27 D.Lgs. 33\/2013), nell\u2019apposita sezione dell\u2019<a href=\"https:\/\/www.esteri.it\/it\/trasparenza_comunicazioni_legali\/sovvenzioni_contributi_sussidi_vantaggi_economici\/criterimodalita\/\">Ufficio V della DGDP del sito ufficiale del medesimo Ministero<\/a>. Bandi, criteri e modalit\u00e0 di assegnazione sono invece elencati in un\u2019<a href=\"https:\/\/www.esteri.it\/it\/trasparenza_comunicazioni_legali\/sovvenzioni_contributi_sussidi_vantaggi_economici\/criterimodalita\/\">altra specifica sezione del sito del Ministero<\/a>.<\/p>\n","protected":false},"excerpt":{"rendered":"Avviso: iscrizioni all\u2019Albo Enti Gestori 12\/12\/2024. Si informa che ai sensi dell\u2019articolo 2\u00a0della\u00a0circolare del Ministero degli Affari Esteri e della Cooperazione Internazionale n. 4 dell\u20198 marzo 2022, applicativa dell\u2019articolo 11 del Decreto legislativo n.64\/2017, sono aperte le iscrizioni per il rinnovo dell\u2019Albo consolare degli Enti gestori e promotori di iniziative a favore della lingua e [&hellip;]","protected":false},"author":4,"featured_media":0,"parent":98,"menu_order":2,"comment_status":"closed","ping_status":"closed","template":"","meta":{"footnotes":""},"class_list":["post-4759","page","type-page","status-publish","hentry"],"_links":{"self":[{"href":"https:\/\/consmiami.esteri.it\/it\/wp-json\/wp\/v2\/pages\/4759","targetHints":{"allow":["GET"]}}],"collection":[{"href":"https:\/\/consmiami.esteri.it\/it\/wp-json\/wp\/v2\/pages"}],"about":[{"href":"https:\/\/consmiami.esteri.it\/it\/wp-json\/wp\/v2\/types\/page"}],"author":[{"embeddable":true,"href":"https:\/\/consmiami.esteri.it\/it\/wp-json\/wp\/v2\/users\/4"}],"replies":[{"embeddable":true,"href":"https:\/\/consmiami.esteri.it\/it\/wp-json\/wp\/v2\/comments?post=4759"}],"version-history":[{"count":5,"href":"https:\/\/consmiami.esteri.it\/it\/wp-json\/wp\/v2\/pages\/4759\/revisions"}],"predecessor-version":[{"id":5097,"href":"https:\/\/consmiami.esteri.it\/it\/wp-json\/wp\/v2\/pages\/4759\/revisions\/5097"}],"up":[{"embeddable":true,"href":"https:\/\/consmiami.esteri.it\/it\/wp-json\/wp\/v2\/pages\/98"}],"wp:attachment":[{"href":"https:\/\/consmiami.esteri.it\/it\/wp-json\/wp\/v2\/media?parent=4759"}],"curies":[{"name":"wp","href":"https:\/\/api.w.org\/{rel}","templated":true}]}}