{"id":462,"date":"2023-09-29T11:43:47","date_gmt":"2023-09-29T15:43:47","guid":{"rendered":"https:\/\/consmiami.esteri.it\/?page_id=462"},"modified":"2025-11-07T17:33:02","modified_gmt":"2025-11-07T22:33:02","slug":"dichiarazioni-sostitutive","status":"publish","type":"page","link":"https:\/\/consmiami.esteri.it\/it\/servizi-consolari-e-visti\/servizi-per-il-cittadino-italiano\/servizi-notarili\/dichiarazioni-sostitutive\/","title":{"rendered":"Dichiarazioni sostitutive"},"content":{"rendered":"<h4><strong>DICHIARAZIONI SOSTITUTIVE<\/strong><\/h4>\n<p>Con l&#8217;introduzione di norme volte a snellire e semplificare l&#8217;attivit\u00e0 amministrativa e le incombenze per il cittadino, il campo di utilizzo delle dichiarazioni sostitutive di certificazione e di atto notorio \u00e8 stato fortemente ampliato.<\/p>\n<p>Il DPR 445\/2000 prevede la possibilit\u00e0 di comprovare i stati, qualit\u00e0 personali e fatti, facendo semplici DICHIARAZIONI (dichiarazioni sostitutive di certificazione) su un apposito modello (che sar\u00e0 sottoposto a controllo). Lo stesso decreto prevede la possibilit\u00e0 di sostituire atti e documenti relativi a stati, qualit\u00e0 personali e fatti, che siano a diretta conoscenza dell&#8217;interessato (tranne i certificati medici, sanitari, veterinari, di origine, di conformit\u00e0, marchi, brevetti che NON possono essere sostituiti), facendo semplici DICHIARAZIONI (dichiarazioni sostitutive dell&#8217;atto di notoriet\u00e0 su un apposito modulo che sar\u00e0 sottoposto a controllo).<\/p>\n<p>Attualmente quindi, e sempre nella misura in cui una dichiarazione sostitutiva possa essere prodotta in luogo di certificazione o di atto di notoriet\u00e0 nell&#8217;ambito di un procedimento amministrativo, \u00e8 possibile autocertificare:<\/p>\n<p>\u00b7 la data ed il luogo di nascita;<\/p>\n<p>\u00b7 la residenza;<\/p>\n<p>\u00b7 la cittadinanza;<\/p>\n<p>\u00b7 il godimento dei diritti politici;<\/p>\n<p>\u00b7 lo stato di celibe, coniugato o vedovo;<\/p>\n<p>\u00b7 lo stato di famiglia;<\/p>\n<p>\u00b7 l&#8217;esistenza in vita;<\/p>\n<p>\u00b7 la nascita del figlio;<\/p>\n<p>\u00b7 il decesso del coniuge, dell&#8217;ascendente o discendente;<\/p>\n<p>\u00b7 la posizione agli effetti degli obblighi militari;<\/p>\n<p>\u00b7 l&#8217;iscrizione in albi o elenchi tenuti dalla P.A.;<\/p>\n<p>\u00b7 il titolo di studio, o la qualifica professionale posseduta;<\/p>\n<p>\u00b7 gli esami sostenuti;<\/p>\n<p>\u00b7 il titolo di specializzazone, di abilitazione, di formazione, di aggiornamento e di qualificazione tecnica;<\/p>\n<p>\u00b7 la situazione reddituale o economica;<\/p>\n<p>\u00b7 l&#8217;assolvimento di specifici obblighi contributivi;<\/p>\n<p>\u00b7 possesso e numero del codice fiscale, della partita I.V.A. e di qualsiasi dato presente nell&#8217;archivio dell&#8217;anagrafe tributaria, inerente all&#8217;interessato;<\/p>\n<p>\u00b7 lo stato di disoccupazione, la qualit\u00e0 di pensionato e la categoria di pensione;<\/p>\n<p>\u00b7 la qualit\u00e0 di studente o di casalinga;<\/p>\n<p>\u00b7 la qualit\u00e0 di legale rappresentante di persone fisiche o giuridiche, di tutore o di curatore; l&#8217;iscrizione presso associazioni o formazioni sociali;<\/p>\n<p>\u00b7 la qualit\u00e0 di vivenza a carico;<\/p>\n<p>\u00b7 l&#8217;incensuratezza penale;<\/p>\n<p>\u00b7 tutti i dati a diretta conoscenza dell&#8217;interessato contenuti nei registri di stato civile;<\/p>\n<p>\u00b7 fatti, stati e\/o qualit\u00e0 personali che siano a diretta conoscenza dell&#8217;interessato.<\/p>\n<p>Le dichiarazioni sostitutive di atto di notoriet\u00e0 che il dichiarante rende nel proprio interesse possono riguardare anche stati, fatti e qualit\u00e0 personali relativi ad altri soggetti di cui il dichiarante stesso abbia diretta conoscenza.<\/p>\n<p>N.B.<br \/>\nSono ammessi al rilascio delle suddette dichiarazioni sostitutive soltanto i cittadini italiani e\/o dell&#8217; Unione Europea. Tale facolt\u00e0 \u00e8 estesa ai cittadini extracomunitari solo ed esclusivamente quando tali cittadini risiedano in Italia e limitatamente ai casi in cui si tratti di comprovare stati, fatti e qualit\u00e0 personali certificabili o attestabili da parte di soggetti pubblici o privati italiani.<\/p>\n<p>La produzione di autocertificazioni ha valore nei rapporti con le Pubbliche Amministrazioni nell&#8217;ambito dei procedimenti amministrativi. Esse non possono essere utilizzate in luogo della esibizione di idoneo documento di riconoscimento quando il funzionario consolare preposto, come nel caso della redazione di atti notarili, sia chiamato ad attestare circa l&#8217;identit\u00e0 personale del comparente e a ricevere da questo una manifestazione di volont\u00e0 giuridicamente rilevante.<\/p>\n<p><a href=\"https:\/\/consmiami.esteri.it\/wp-content\/uploads\/2023\/10\/dich.sost_._art._46-1.pdf\">Modulo1<\/a><\/p>\n<p><a href=\"https:\/\/consmiami.esteri.it\/wp-content\/uploads\/2023\/10\/dichiarazione_sostitutiva_atto_notorieta.pdf\">Modulo2<\/a><\/p>\n","protected":false},"excerpt":{"rendered":"DICHIARAZIONI SOSTITUTIVE Con l&#8217;introduzione di norme volte a snellire e semplificare l&#8217;attivit\u00e0 amministrativa e le incombenze per il cittadino, il campo di utilizzo delle dichiarazioni sostitutive di certificazione e di atto notorio \u00e8 stato fortemente ampliato. Il DPR 445\/2000 prevede la possibilit\u00e0 di comprovare i stati, qualit\u00e0 personali e fatti, facendo semplici DICHIARAZIONI (dichiarazioni sostitutive [&hellip;]","protected":false},"author":4,"featured_media":0,"parent":89,"menu_order":5,"comment_status":"closed","ping_status":"closed","template":"","meta":{"footnotes":""},"class_list":["post-462","page","type-page","status-publish","hentry"],"_links":{"self":[{"href":"https:\/\/consmiami.esteri.it\/it\/wp-json\/wp\/v2\/pages\/462","targetHints":{"allow":["GET"]}}],"collection":[{"href":"https:\/\/consmiami.esteri.it\/it\/wp-json\/wp\/v2\/pages"}],"about":[{"href":"https:\/\/consmiami.esteri.it\/it\/wp-json\/wp\/v2\/types\/page"}],"author":[{"embeddable":true,"href":"https:\/\/consmiami.esteri.it\/it\/wp-json\/wp\/v2\/users\/4"}],"replies":[{"embeddable":true,"href":"https:\/\/consmiami.esteri.it\/it\/wp-json\/wp\/v2\/comments?post=462"}],"version-history":[{"count":3,"href":"https:\/\/consmiami.esteri.it\/it\/wp-json\/wp\/v2\/pages\/462\/revisions"}],"predecessor-version":[{"id":693,"href":"https:\/\/consmiami.esteri.it\/it\/wp-json\/wp\/v2\/pages\/462\/revisions\/693"}],"up":[{"embeddable":true,"href":"https:\/\/consmiami.esteri.it\/it\/wp-json\/wp\/v2\/pages\/89"}],"wp:attachment":[{"href":"https:\/\/consmiami.esteri.it\/it\/wp-json\/wp\/v2\/media?parent=462"}],"curies":[{"name":"wp","href":"https:\/\/api.w.org\/{rel}","templated":true}]}}