{"id":454,"date":"2023-09-29T11:32:02","date_gmt":"2023-09-29T15:32:02","guid":{"rendered":"https:\/\/consmiami.esteri.it\/?page_id=454"},"modified":"2025-12-01T11:11:37","modified_gmt":"2025-12-01T16:11:37","slug":"riacquisizione-della-cittadinanza-italiana","status":"publish","type":"page","link":"https:\/\/consmiami.esteri.it\/it\/servizi-consolari-e-visti\/servizi-per-il-cittadino-straniero\/cittadinanza\/riacquisizione-della-cittadinanza-italiana\/","title":{"rendered":"Riacquisizione della Cittadinanza Italiana"},"content":{"rendered":"<p style=\"text-align: center;\"><strong>PROCEDURA 1 &#8211; RIACQUISTO MEDIANTE DICHIARAZIONE AI SENSI DELL\u2019ART. 17 DELLA LEGGE 91\/1992 <\/strong><\/p>\n<p style=\"text-align: justify;\">La legge n. 74 del 23 maggio 2025 ha riaperto i termini per il riacquisto della cittadinanza a favore di ex cittadini\u00a0<strong>nati in Italia\u00a0o che sono stati\u00a0residenti in Italia\u00a0per almeno due anni continuativi e che abbiano perso la cittadinanza non oltre il 15 agosto 1992\u00a0<\/strong>in applicazione dell\u2019articolo 8, n. 1 e n. 2, o dell\u2019articolo 12 della legge n. 555 del 1912, ovvero nei seguenti casi:<\/p>\n<ul style=\"text-align: justify;\">\n<li>chi ha acquisto volontariamente una cittadinanza straniera non oltre il 15 agosto 1992;<\/li>\n<li>chi ha rinunciato alla cittadinanza italiana a seguito di acquisto involontario di cittadinanza straniera e ha stabilito la propria residenza all\u2019estero;<\/li>\n<li>chi era figlio minore non emancipato di chi ha perso la cittadinanza e aveva in comune con il genitore la residenza.<\/li>\n<\/ul>\n<p style=\"text-align: justify;\">Gli ex cittadini che rientrano nelle categorie sopra elencate possono riacquistare la cittadinanza attraverso una dichiarazone di riacquisto presentata <strong>personalmente dall\u2019interessato<\/strong> presso il Consolato Generale\u00a0<strong>tra il 1\u00b0 luglio 2025 e il 31 dicembre 2027. In questo caso, per il riacquisto e\u2019 sufficiente rendere la dichiarazione e NON e\u2019 necessario trasferire la residenza in Italia.<\/strong><\/p>\n<p style=\"text-align: justify;\">La possibilit\u00e0 di riacquisto\u00a0<strong>non si applica a coloro che hanno rinunciato alla cittadinanza italiana\u00a0<\/strong>(o che l\u2019hanno persa per altro motivo)\u00a0<strong>a partire dal 16 agosto 1992, che dovranno seguire la diversa Procedura 2 ai sensi dell\u2019art. 13 della Legge 91\/1992 (vedasi paragrafo successivo)<\/strong>.<\/p>\n<p style=\"text-align: justify;\">Le dichiarazioni di riacquisto potranno essere presentate <strong>previo appuntamento da richiedersi via e-mail a <\/strong><strong><a href=\"mailto:cittadinanza.miami@esteri.it\">cittadinanza.miami@esteri.it<\/a><\/strong><strong> indicando nell\u2019oggetto: \u201cRiacquisto della cittadinanza italiana\u201d<\/strong><strong>.<\/strong><\/p>\n<p style=\"text-align: justify;\">L\u2019interessato al riacquisto deve allegare all\u2019e-mail di richiesta copia della seguente documentazione, da presentare in originale il giorno dell\u2019appuntamento:<\/p>\n<ol style=\"text-align: justify;\">\n<li>Passaporto emesso dall\u2019Autorit\u00e0 del Paese di attuale cittadinanza;<\/li>\n<li>Passaporto italiano scaduto (se disponibile);<\/li>\n<li>Certificato di nascita: per i nati in Italia, estratto per riassunto dell\u2019atto di nascita emesso dal Comune italiano completo di annotazioni, per i nati all\u2019estero, certificato presentato nelle forme previste per la trascrizione in Italia, ovvero legalizzato\/apostillato e tradotto (la traduzione dei certificati emessi fuori dagli Stati Uniti deve essere certificata secondo le modalita\u2019 indicate sul sito web della Ambasciata\/Consolato italiano nel Paese di riferimento);Per i nati all\u2019estero, certificato storico di residenza rilasciato dal Comune italiano competente;<\/li>\n<li>Certificato storico di cittadinanza;<\/li>\n<li>Documentazione che dimostri la causa e la data della perdita della cittadinanza:si dovr\u00e0 dimostrare l\u2019acquisto della cittadinanza straniera e, nei casi previsti, la rinuncia a quella italiana: <strong>certificato di naturalizzazione<\/strong> oppure, se previsto dalla prassi locale, certificato di nascita corredato della certificazione di cittadinanza e del titolo al quale essa \u00e8 acquisita; la documentazione emessa da Autorit\u00e0 straniere dovr\u00e0 essere opportunamente legalizzata e tradotta. I naturalizzati statunitensi dovranno produrre il <em>Certificate of Naturalization <\/em>in originale.<\/li>\n<li>Documentazione a comprova della residenza nella circoscrizione consolare: copia dell\u2019ultima dichiarazione dei redditi (\u201c<em>Tax Return\u201d)<\/em> o di una bolletta intestata al richiedente. Si ricorda che la circoscrizione del Consolato Generale d\u2019Italia a Miami comprende gli stati della Florida, Georgia, Carolina del Sud, Alabama, Mississippi, Puerto Rico, le isole Bahamas, Giamaica, St. Marteen, St. Eustatius, Saba, le isole Vergini americane e Britanniche, le Cayman, Turks &amp; Caicos.<\/li>\n<li>Coloro che hanno perso la cittadinanza italiana da minorenni, dovranno produrre anche il certificato di nascita e la certificazione relativa alla naturalizzazione del genitore italiano.<\/li>\n<\/ol>\n<p style=\"text-align: justify;\">Per le dichiarazioni di riacquisto della cittadinanza italiana \u00e8 richiesto un contributo di \u20ac250, da versare presso l\u2019Ufficio consolare il giorno dell\u2019appuntamento. Il pagamento dovra\u2019 essere effettuato esclusivamente in contanti o con money order nell\u2019ammontare in USD indicato nella tabella disponibile al seguente link <a href=\"https:\/\/consmiami.esteri.it\/wp-content\/uploads\/2025\/12\/Estratto-tabella-consolare-IV-trimestre-2025-dal-01.12.2025.pdf\">Tabella percezioni consolari del trimestre \u2013 Consolato Generale d&#8217;Italia Miami<\/a><\/p>\n<p style=\"text-align: justify;\">Una volta resa la dichiarazione presso il Consolato Generale, l\u2019Ufficio Cittadinanza, verificato il possesso dei requisiti di legge, provveder\u00e0 ad effettuare l\u2019accertamento e a trasmetterlo al Comune competente insieme alla dichiarazione firmata dall\u2019interessato.<\/p>\n<p style=\"text-align: justify;\">In base all\u2019articolo 15 della legge n. 91\/1992, l\u2019interessato non riacquista la cittadinanza dal giorno della nascita, ma dal giorno successivo in cui si rende la dichiarazione.<\/p>\n<p style=\"text-align: justify;\"><strong>PROCEDURA 2 &#8211; RIACQUISTO MEDIANTE TRASFERIMENTO DELLA RESIDENZA IN ITALIA AI SENSI DELL\u2019ART. 13 DELLA LEGGE 91\/1992<\/strong><\/p>\n<p style=\"text-align: justify;\">Chi ha perso la cittadinanza italiana dopo il 16 agosto 1992 (o comunque non rientra nell\u2019ambito di applicazione della Procedura 1 di cui al precedente paragrafo), puo\u2019 riacquistarla effettuando presso il Consolato Generale una dichiarazione di volont\u00e0 in cui si impegna a stabilire la propria residenza in Italia, entro un anno dalla data della dichiarazione, in un Comune di sua scelta.<\/p>\n<p style=\"text-align: justify;\">I richiedenti possono<strong> fissare un appuntamento<\/strong>\u00a0con l\u2019Ufficio Cittadinanza scrivendo a\u00a0<a href=\"mailto:cittadinanza.miami@esteri.it\">cittadinanza.miami@esteri.it<\/a>\u00a0specificando nell\u2019oggetto \u201cRiacquisto della cittadinanza italiana\u201d e allegando copia dei seguenti documenti, da presentare in originale il giorno dell\u2019appuntamento:<\/p>\n<ul style=\"text-align: justify;\">\n<li>Passaporto emesso dall\u2019Autorit\u00e0 del Paese di attuale cittadinanza;<\/li>\n<li>Passaporto italiano scaduto (se disponibile);<\/li>\n<li>Certificato di nascita (\u201cestratto per riassunto del certificato di nascita\u201d) in originale emesso dal Comune italiano;<\/li>\n<li>Documentazione che dimostri la causa e la data della perdita della cittadinanza. I naturalizzati statunitensi dovranno produrre il <em>Certificate of Naturalization<\/em> in (originale pi\u00f9 fotocopia);<\/li>\n<li>Documentazione a comprova della residenza nella circoscrizione consolare: copia dell\u2019ultima dichiarazione dei redditi (\u201c<em>Tax Return\u201d)<\/em> o di una bolletta intestata al richiedente. Si ricorda che la circoscrizione del Consolato Generale d\u2019Italia a Miami comprende gli stati della Florida, Georgia, Carolina del Sud, Alabama, Mississippi, Puerto Rico, le isole Bahamas, Giamaica, St. Marteen, St. Eustatius, Saba, le isole Vergini americane e Britanniche, le Cayman, Turks &amp; Caicos.<\/li>\n<\/ul>\n<p style=\"text-align: justify;\"><strong>Tassa per la domanda<\/strong><\/p>\n<p style=\"text-align: justify;\">Ai sensi della Legge n. 94\/2009, la domanda di riacquisto della cittadinanza italiana \u00e8 soggetta ad una tassa di\u00a0<strong>250 euro<\/strong>.<\/p>\n<p style=\"text-align: justify;\">La tassa\u00a0<strong>deve essere pagata tramite bonifico bancario internazionale e non pu\u00f2 essere pagata presso il Consolato<\/strong>.<\/p>\n<p style=\"text-align: justify;\">\u00c8 necessario fornire alla banca le seguenti referenze:<\/p>\n<ul style=\"text-align: justify;\">\n<li>Nome della banca beneficiaria: Poste Italiane S.p.A.<\/li>\n<li>Nome del conto del beneficiario: Ministero dell\u2019Interno D.L.L.C.I. \u2013 Cittadinanza<\/li>\n<li>Causale: Nome, Cognome, Legge n. 94\/2009 contributo Euro 250<\/li>\n<li>IBAN: IT54D0760103200000000809020<\/li>\n<li>BIC\/SWIFT: BPPIITRRXXX<\/li>\n<\/ul>\n<p style=\"text-align: justify;\">Una volta resa la dichiarazione, l\u2019Ufficio cittadinanza provvedera\u2019 a trasmetterla al Comune di competenza.<\/p>\n<p style=\"text-align: justify;\">Il richiedente deve verificare, prima di partire per l\u2019Italia,\u00a0quale tipologia di visto \u00e8 richiesta per soggiornare come straniero e, una volta in Italia,\u00a0recarsi presso il Comune e seguire le loro istruzioni sullo stabilimento della residenza per riacquistare la cittadinanza italiana.<\/p>\n<p style=\"text-align: justify;\">\n","protected":false},"excerpt":{"rendered":"PROCEDURA 1 &#8211; RIACQUISTO MEDIANTE DICHIARAZIONE AI SENSI DELL\u2019ART. 17 DELLA LEGGE 91\/1992 La legge n. 74 del 23 maggio 2025 ha riaperto i termini per il riacquisto della cittadinanza a favore di ex cittadini\u00a0nati in Italia\u00a0o che sono stati\u00a0residenti in Italia\u00a0per almeno due anni continuativi e che abbiano perso la cittadinanza non oltre il [&hellip;]","protected":false},"author":4,"featured_media":0,"parent":96,"menu_order":0,"comment_status":"closed","ping_status":"closed","template":"","meta":{"footnotes":""},"class_list":["post-454","page","type-page","status-publish","hentry"],"_links":{"self":[{"href":"https:\/\/consmiami.esteri.it\/it\/wp-json\/wp\/v2\/pages\/454","targetHints":{"allow":["GET"]}}],"collection":[{"href":"https:\/\/consmiami.esteri.it\/it\/wp-json\/wp\/v2\/pages"}],"about":[{"href":"https:\/\/consmiami.esteri.it\/it\/wp-json\/wp\/v2\/types\/page"}],"author":[{"embeddable":true,"href":"https:\/\/consmiami.esteri.it\/it\/wp-json\/wp\/v2\/users\/4"}],"replies":[{"embeddable":true,"href":"https:\/\/consmiami.esteri.it\/it\/wp-json\/wp\/v2\/comments?post=454"}],"version-history":[{"count":6,"href":"https:\/\/consmiami.esteri.it\/it\/wp-json\/wp\/v2\/pages\/454\/revisions"}],"predecessor-version":[{"id":7026,"href":"https:\/\/consmiami.esteri.it\/it\/wp-json\/wp\/v2\/pages\/454\/revisions\/7026"}],"up":[{"embeddable":true,"href":"https:\/\/consmiami.esteri.it\/it\/wp-json\/wp\/v2\/pages\/96"}],"wp:attachment":[{"href":"https:\/\/consmiami.esteri.it\/it\/wp-json\/wp\/v2\/media?parent=454"}],"curies":[{"name":"wp","href":"https:\/\/api.w.org\/{rel}","templated":true}]}}