{"id":444,"date":"2023-09-29T11:18:07","date_gmt":"2023-09-29T15:18:07","guid":{"rendered":"https:\/\/consmiami.esteri.it\/?page_id=444"},"modified":"2025-10-02T11:50:10","modified_gmt":"2025-10-02T15:50:10","slug":"rimpatri","status":"publish","type":"page","link":"https:\/\/consmiami.esteri.it\/it\/servizi-consolari-e-visti\/servizi-per-il-cittadino-italiano\/assistenza-ai-cittadini-allestero\/rimpatri\/","title":{"rendered":"Rimpatrio salme e ceneri: passaporto mortuario"},"content":{"rendered":"<p>Le Rappresentanze diplomatico-consolari forniscono assistenza in caso di rimpatrio di salme o ceneri di cittadini italiani deceduti all\u2019estero attraverso il rilascio del Passaporto Mortuario.<\/p>\n<p>Il Passaporto Mortuario \u00e8 un certificato con cui la Rappresentanza consolare attesta che sono state espletate tutte le formalit\u00e0 previste dalla normativa affinch\u00e9 i resti possano fare ingresso ed essere tumulati in Italia.<\/p>\n<p>Il Consolato pu\u00f2 emettere il Passaporto Mortuario solo dopo aver ottenuto il preventivo Nulla Osta da parte del Comune italiano nel cui cimitero saranno tumulati i resti. Tale Nulla Osta viene richiesto dal Consolato al Comune.<\/p>\n<p>La possibilit\u00e0 di conservazione dell\u2019urna in un luogo diverso da un cimitero (es. in una abitazione privata) e\/o di spargimento delle ceneri \u00e8 disciplinata attraverso regolamento comunale. Si consiglia pertanto di contattare il Comune prima di richiedere il rimpatrio delle ceneri.<\/p>\n<p>Affinch\u00e9 il Consolato possa richiedere il Nulla Osta al Comune, la famiglia del defunto (auspicabilmente il parente pi\u00f9 prossimo) o l\u2019agenzia funebre incaricata dalla famiglia deve preventivamente inviare la documentazione indicata nella sezione \u201c<strong>documenti da inviare<\/strong>\u201d al seguente indirizzo email: <a href=\"mailto:assistenza.miami@esteri.it\">assistenza.miami@esteri.it<\/a><\/p>\n<p><strong>Documenti da inviare al Consolato<\/strong><\/p>\n<p><u>In caso di rimpatrio <strong>CENERI:<\/strong><\/u><\/p>\n<ul>\n<li>richiesta di <a href=\"https:\/\/consmiami.esteri.it\/wp-content\/uploads\/2025\/09\/richiesta-trascrizione-atto-morte.pdf\">richiesta trascrizione atto morte<\/a>, firmato dal parente pi\u00f9 prossimo del defunto;<\/li>\n<li>Richiesta di rimpatrio delle ceneri firmata dal parente pi\u00f9 prossimo del defunto con allegato documento d\u2019identit\u00e0 del richiedente;<\/li>\n<li>certificato di morte in formato esteso \u201clong form\u201d (dove sia indicata la causa della morte), legalizzato con \u201cApostille\u201d. Per le donne coniugate, deve essere leggibile il cognome da nubile;<\/li>\n<li>traduzione integrale del certificato di morte in italiano. La traduzione non necessita di Apostille;<\/li>\n<li>documento che attesti la cittadinanza italiana del defunto (passaporto, atto di nascita\u2026).<\/li>\n<li>certificato di cremazione. La firma sul certificato dovr\u00e0 essere autenticata da un Notary Public;<\/li>\n<li><a href=\"https:\/\/consmiami.esteri.it\/wp-content\/uploads\/2025\/09\/dichiarazione-giurata.docx\">dichiarazione giurata<\/a> redatta dal direttore dell\u2019agenzia di pompe funebri su carta intestata dell\u2019agenzia. La firma sulla dichiarazione giurata dovr\u00e0 essere autenticata da un Notary Public.<\/li>\n<\/ul>\n<p>&nbsp;<\/p>\n<p>Una volta che il Consolato avr\u00e0 controllato la correttezza e completezza dei documenti inviati via email, si potr\u00e0 procedere all\u2019acquisto del biglietto aereo (si prega di tener conto dei tempi necessari per il rilascio del Nulla Osta del Comune e del Passaporto Mortuario: circa 3 settimane). I dati del volo devono essere comunicati via email al Consolato.<\/p>\n<p>Successivamente tutti i documenti sopra elencati, insieme a:<\/p>\n<ul>\n<li><a href=\"https:\/\/consmiami.esteri.it\/wp-content\/uploads\/2025\/09\/scheda-riassuntiva.docx\">scheda riassuntiva<\/a><\/li>\n<li>money order di ammontare pari al costo del servizio (art. 66H della <a href=\"https:\/\/consmiami.esteri.it\/wp-content\/uploads\/2025\/10\/Estratto-tabella-consolare-IV-trimestre-2025.pdf\">tabella dei diritti consolari<\/a>)<\/li>\n<li>passaporto originale del defunto (se ancora valido) per l\u2019annullamento e la rispedizione<\/li>\n<li>busta di ritorno pre affrancata e auto indirizzata (sar\u00e0 utilizzata per il successivo invio del passaporto mortuario)<\/li>\n<\/ul>\n<p>dovranno pervenire in originale al Consolato al seguente indirizzo:<\/p>\n<p>Consulate General of Italy<\/p>\n<p>4000 Ponce de Leon ste 590<\/p>\n<p>Coral Gables 33146<\/p>\n<p>Att. Ufficio Assistenza<\/p>\n<p>&nbsp;<\/p>\n<p><u>In caso di rimpatrio <strong>SALMA<\/strong>:<\/u><\/p>\n<ul>\n<li><a href=\"https:\/\/consmiami.esteri.it\/wp-content\/uploads\/2025\/09\/richiesta-trascrizione-atto-morte.pdf\">richiesta trascrizione atto morte<\/a>, firmato dal parente pi\u00f9 prossimo del defunto;<\/li>\n<li>Richiesta di rimpatrio della salma firmata dal parente pi\u00f9 prossimo del defunto con allegato documento d\u2019identit\u00e0 del richiedente;<\/li>\n<li>certificato di morte in formato esteso \u201clong form\u201d (dove sia indicata la causa della morte), legalizzato con \u201cApostille\u201d. Per le donne coniugate, deve essere leggibile il cognome da nubile;<\/li>\n<li>traduzione integrale del certificato di morte in italiano. La traduzione non necessita di Apostille;<\/li>\n<li>documento che attesti la cittadinanza italiana del defunto (passaporto, atto di nascita\u2026).<\/li>\n<li>certificato medico redatto su carta intestata del medico o dell\u2019ospedale attestante la causa di morte e l\u2019assenza di malattie infettive;<\/li>\n<li>certificato emesso dal Dipartimento di Salute pubblica della Contea dove \u00e8 avvenuto il decesso che indichi che non fossero in atto nella contea malattie infettive, che il defunto non \u00e8 morto per malattie contagiose e che le spoglie sono state trattate secondo la legge dello Stato.<\/li>\n<li><a href=\"https:\/\/consmiami.esteri.it\/wp-content\/uploads\/2025\/09\/dichiarazione-giurata-2.docx\">dichiarazione giurata<\/a>\u00a0redatta dal direttore dell\u2019agenzia di pompe funebri su carta intestata dell\u2019agenzia. La firma sulla dichiarazione giurata dovr\u00e0 essere autenticata da un Notary Public.<\/li>\n<\/ul>\n<p><strong>\u00a0<\/strong><\/p>\n<p>Una volta che il Consolato avr\u00e0 controllato la correttezza e completezza dei documenti inviati via email, si potr\u00e0 procedere all\u2019acquisto del biglietto aereo (si prega di tener conto dei tempi necessari per il rilascio del Nulla Osta del Comune e del Passaporto Mortuario: circa 3 settimane). I dati del volo devono essere comunicati via email al Consolato.<\/p>\n<p>Successivamente tutti i documenti sopra elencati, insieme a:<\/p>\n<ul>\n<li><a href=\"https:\/\/consmiami.esteri.it\/wp-content\/uploads\/2025\/09\/scheda-riassuntiva.docx\">scheda riassuntiva<\/a><\/li>\n<li>money order di ammontare pari al costo del servizio (art. 66H della <a href=\"https:\/\/consmiami.esteri.it\/wp-content\/uploads\/2025\/10\/Estratto-tabella-consolare-IV-trimestre-2025.pdf\">tabella dei diritti consolari<\/a>)<\/li>\n<li>passaporto originale del defunto (se ancora valido)<\/li>\n<li>busta di ritorno pre affrancata e auto indirizzata (sar\u00e0 utilizzata per il successivo invio del passaporto mortuario)<\/li>\n<\/ul>\n<p>dovranno pervenire in originale al Consolato al seguente indirizzo:<\/p>\n<p>Consulate General of Italy<\/p>\n<p>4000 Ponce de Leon ste 590<\/p>\n<p>Coral Gables 33146<\/p>\n<p>Att. Ufficio Assistenza<\/p>\n","protected":false},"excerpt":{"rendered":"Le Rappresentanze diplomatico-consolari forniscono assistenza in caso di rimpatrio di salme o ceneri di cittadini italiani deceduti all\u2019estero attraverso il rilascio del Passaporto Mortuario. Il Passaporto Mortuario \u00e8 un certificato con cui la Rappresentanza consolare attesta che sono state espletate tutte le formalit\u00e0 previste dalla normativa affinch\u00e9 i resti possano fare ingresso ed essere tumulati [&hellip;]","protected":false},"author":4,"featured_media":0,"parent":87,"menu_order":0,"comment_status":"closed","ping_status":"closed","template":"","meta":{"footnotes":""},"class_list":["post-444","page","type-page","status-publish","hentry"],"_links":{"self":[{"href":"https:\/\/consmiami.esteri.it\/it\/wp-json\/wp\/v2\/pages\/444","targetHints":{"allow":["GET"]}}],"collection":[{"href":"https:\/\/consmiami.esteri.it\/it\/wp-json\/wp\/v2\/pages"}],"about":[{"href":"https:\/\/consmiami.esteri.it\/it\/wp-json\/wp\/v2\/types\/page"}],"author":[{"embeddable":true,"href":"https:\/\/consmiami.esteri.it\/it\/wp-json\/wp\/v2\/users\/4"}],"replies":[{"embeddable":true,"href":"https:\/\/consmiami.esteri.it\/it\/wp-json\/wp\/v2\/comments?post=444"}],"version-history":[{"count":6,"href":"https:\/\/consmiami.esteri.it\/it\/wp-json\/wp\/v2\/pages\/444\/revisions"}],"predecessor-version":[{"id":5559,"href":"https:\/\/consmiami.esteri.it\/it\/wp-json\/wp\/v2\/pages\/444\/revisions\/5559"}],"up":[{"embeddable":true,"href":"https:\/\/consmiami.esteri.it\/it\/wp-json\/wp\/v2\/pages\/87"}],"wp:attachment":[{"href":"https:\/\/consmiami.esteri.it\/it\/wp-json\/wp\/v2\/media?parent=444"}],"curies":[{"name":"wp","href":"https:\/\/api.w.org\/{rel}","templated":true}]}}