{"id":41,"date":"2023-04-03T19:17:04","date_gmt":"2023-04-03T17:17:04","guid":{"rendered":"https:\/\/consolatozurigo.esteri.it\/?page_id=41"},"modified":"2025-09-29T12:35:19","modified_gmt":"2025-09-29T16:35:19","slug":"diplomazia-culturale","status":"publish","type":"page","link":"https:\/\/consmiami.esteri.it\/it\/italia-e-usa\/diplomazia-culturale\/","title":{"rendered":"Diplomazia culturale"},"content":{"rendered":"<p>La diplomazia culturale \u00e8 uno degli strumenti pi\u00f9 efficaci attraverso cui un Paese pu\u00f2 promuovere la propria identit\u00e0, rafforzare le relazioni internazionali e costruire ponti tra culture diverse. In questo contesto, la lingua italiana svolge un ruolo fondamentale.<\/p>\n<p>L&#8217;<a href=\"https:\/\/iicmiami.esteri.it\/en\/\">Istituto Italiano di Cultura (IIC)<\/a>,\u00a0formalmente inaugurato nel marzo 2024, si impegna a diffondere la lingua e la cultura italiana nella regione sudorientale degli Stati Uniti, promuovendo attivamente gli scambi culturali tra l\u2019Italia e quest\u2019area degli USA e organizzando eventi che abbracciano una vasta gamma di settori, dalle arti alle scienze umane, dalla scienza alla tecnologia.<\/p>\n","protected":false},"excerpt":{"rendered":"La diplomazia culturale \u00e8 uno degli strumenti pi\u00f9 efficaci attraverso cui un Paese pu\u00f2 promuovere la propria identit\u00e0, rafforzare le relazioni internazionali e costruire ponti tra culture diverse. In questo contesto, la lingua italiana svolge un ruolo fondamentale. L&#8217;Istituto Italiano di Cultura (IIC),\u00a0formalmente inaugurato nel marzo 2024, si impegna a diffondere la lingua e la [&hellip;]","protected":false},"author":1,"featured_media":0,"parent":15,"menu_order":2,"comment_status":"closed","ping_status":"closed","template":"","meta":{"footnotes":""},"class_list":["post-41","page","type-page","status-publish","hentry"],"_links":{"self":[{"href":"https:\/\/consmiami.esteri.it\/it\/wp-json\/wp\/v2\/pages\/41","targetHints":{"allow":["GET"]}}],"collection":[{"href":"https:\/\/consmiami.esteri.it\/it\/wp-json\/wp\/v2\/pages"}],"about":[{"href":"https:\/\/consmiami.esteri.it\/it\/wp-json\/wp\/v2\/types\/page"}],"author":[{"embeddable":true,"href":"https:\/\/consmiami.esteri.it\/it\/wp-json\/wp\/v2\/users\/1"}],"replies":[{"embeddable":true,"href":"https:\/\/consmiami.esteri.it\/it\/wp-json\/wp\/v2\/comments?post=41"}],"version-history":[{"count":4,"href":"https:\/\/consmiami.esteri.it\/it\/wp-json\/wp\/v2\/pages\/41\/revisions"}],"predecessor-version":[{"id":5474,"href":"https:\/\/consmiami.esteri.it\/it\/wp-json\/wp\/v2\/pages\/41\/revisions\/5474"}],"up":[{"embeddable":true,"href":"https:\/\/consmiami.esteri.it\/it\/wp-json\/wp\/v2\/pages\/15"}],"wp:attachment":[{"href":"https:\/\/consmiami.esteri.it\/it\/wp-json\/wp\/v2\/media?parent=41"}],"curies":[{"name":"wp","href":"https:\/\/api.w.org\/{rel}","templated":true}]}}