{"id":396,"date":"2023-09-28T12:36:27","date_gmt":"2023-09-28T16:36:27","guid":{"rendered":"https:\/\/consmiami.esteri.it\/?page_id=396"},"modified":"2023-09-28T12:36:27","modified_gmt":"2023-09-28T16:36:27","slug":"assistenza-e-promozione","status":"publish","type":"page","link":"https:\/\/consmiami.esteri.it\/it\/italia-e-usa\/diplomazia-economica\/fare-affari-negli-usa\/servizi-per-le-imprese\/assistenza-e-promozione\/","title":{"rendered":"Assistenza e promozione"},"content":{"rendered":"<p><strong>Consolato Generale d&#8217;Italia in Miami, Ufficio Commerciale:\u00a0<a href=\"mailto:commerciale.miami@esteri.it\">commerciale.miami@esteri.it<\/a>\u00a0<\/strong><\/p>\n<p><strong>Sostegno diretto:<\/strong><\/p>\n<ul>\n<li><span style=\"text-decoration: underline;\">sostegno informativo:<\/span><\/li>\n<\/ul>\n<p>il sostegno informativo si articola, da un lato, nel generale orientamento al mercato e alla comprensione delle dinamiche non solo economiche del Paese, in virt\u00f9 della visione complessiva che le Ambasciate e i Consolati possiedono degli interessi italiani nel Paese o nel territorio di accreditamento (quadro politico e di sicurezza, stato delle relazioni bilaterali, programmi culturali o di cooperazione allo sviluppo, entit\u00e0 ed influenza delle comunit\u00e0 di origine italiana, presenza di altri soggetti che possono fornire forme specifiche di assistenza, ecc.), che pu\u00f2 consentire ad un\u2019azienda che si affaccia al mercato di avere gli strumenti adeguati per comprendere il contesto in cui potrebbe operare. D\u2019altro lato, il sostegno informativo consiste in una specifica attivit\u00e0 di market intelligence, cio\u00e8 di segnalazione anticipata di specifiche opportunit\u00e0 nel mercato di riferimento (programmi di sviluppo, gare in preparazione, finanziamenti, ecc.) delle quali la rete diplomatico-consolare viene a conoscenza grazie alla propria rete di contatti locali.<\/p>\n<ul>\n<li><span style=\"text-decoration: underline;\">sostegno istituzionale:<\/span><\/li>\n<\/ul>\n<p>Il sostegno istituzionale si manifesta in tutte le fasi del processo di internazionalizzazione delle imprese, dalla fase di inserimento nel mercato a quella di consolidamento.\u00a0Tale sostegno pu\u00f2 assumere varie forme: dalla sensibilizzazione delle autorit\u00e0 locali in relazione alla partecipazione a gare di imprese italiane, all\u2019accompagnamento nell\u2019ingresso nel mercato dell\u2019impresa nelle relazioni e nei contatti con le autorit\u00e0 locali (compreso il coinvolgimento in eventi di networking); all\u2019intervento con le autorit\u00e0 locali per la risoluzione di controversie o per la rimozione di ostacoli all\u2019ingresso nel mercato; alle azioni a tutela della propriet\u00e0 intellettuale italiana, per proteggere il frutto della ricerca e dell\u2019innovazione del nostro Paese dalla contraffazione, dalla pirateria digitale e pi\u00f9 in generale dalla concorrenza sleale a danno del vantaggio competitivo di cui le imprese italiane godono sui mercati globali.<\/p>\n<h4><\/h4>\n<p>&nbsp;<\/p>\n","protected":false},"excerpt":{"rendered":"Consolato Generale d&#8217;Italia in Miami, Ufficio Commerciale:\u00a0commerciale.miami@esteri.it\u00a0 Sostegno diretto: sostegno informativo: il sostegno informativo si articola, da un lato, nel generale orientamento al mercato e alla comprensione delle dinamiche non solo economiche del Paese, in virt\u00f9 della visione complessiva che le Ambasciate e i Consolati possiedono degli interessi italiani nel Paese o nel territorio di [&hellip;]","protected":false},"author":4,"featured_media":0,"parent":394,"menu_order":0,"comment_status":"closed","ping_status":"closed","template":"","meta":{"footnotes":""},"class_list":["post-396","page","type-page","status-publish","hentry"],"_links":{"self":[{"href":"https:\/\/consmiami.esteri.it\/it\/wp-json\/wp\/v2\/pages\/396","targetHints":{"allow":["GET"]}}],"collection":[{"href":"https:\/\/consmiami.esteri.it\/it\/wp-json\/wp\/v2\/pages"}],"about":[{"href":"https:\/\/consmiami.esteri.it\/it\/wp-json\/wp\/v2\/types\/page"}],"author":[{"embeddable":true,"href":"https:\/\/consmiami.esteri.it\/it\/wp-json\/wp\/v2\/users\/4"}],"replies":[{"embeddable":true,"href":"https:\/\/consmiami.esteri.it\/it\/wp-json\/wp\/v2\/comments?post=396"}],"version-history":[{"count":1,"href":"https:\/\/consmiami.esteri.it\/it\/wp-json\/wp\/v2\/pages\/396\/revisions"}],"predecessor-version":[{"id":397,"href":"https:\/\/consmiami.esteri.it\/it\/wp-json\/wp\/v2\/pages\/396\/revisions\/397"}],"up":[{"embeddable":true,"href":"https:\/\/consmiami.esteri.it\/it\/wp-json\/wp\/v2\/pages\/394"}],"wp:attachment":[{"href":"https:\/\/consmiami.esteri.it\/it\/wp-json\/wp\/v2\/media?parent=396"}],"curies":[{"name":"wp","href":"https:\/\/api.w.org\/{rel}","templated":true}]}}