{"id":38,"date":"2023-04-03T19:16:15","date_gmt":"2023-04-03T17:16:15","guid":{"rendered":"https:\/\/consolatozurigo.esteri.it\/?page_id=38"},"modified":"2026-04-02T12:22:44","modified_gmt":"2026-04-02T16:22:44","slug":"numeri-di-emergenza","status":"publish","type":"page","link":"https:\/\/consmiami.esteri.it\/it\/chi-siamo\/numeri-di-emergenza\/","title":{"rendered":"Numeri di emergenza"},"content":{"rendered":"<p><strong><span style=\"text-decoration: underline;\">SOLO ED ESCLUSIVAMENTE PER SITUAZIONI DI COMPROVATA EMERGENZA PER CITTADINI ITALIANI<\/span> (ad esempio per incidenti, arresti, gravi e urgenti problemi di salute, ecc.)<\/strong><\/p>\n<p>Le chiamate per pratiche consolari ordinarie, richieste di informazioni, richieste di anticipo appuntamenti per passaporti, cittadinanza, visti, <strong><span style=\"text-decoration: underline;\">NON<\/span> <\/strong>saranno prese in considerazione.<\/p>\n<p><strong>NUMERO di EMERGENZA: +1 (305) 753 0532<\/strong><br \/>\n<strong>Il numero di emergenza \u00e8 operativo dal luned\u00ec al venerd\u00ec dalle ore 18.00 alle ore 22.00; il sabato, la domenica e nei <a href=\"https:\/\/consmiami.esteri.it\/it\/chi-siamo\/gli-uffici\/\">giorni festivi osservati dal Consolato Generale a Miami<\/a>\u00a0dalle ore 8.00 alle 22.00.<\/strong><\/p>\n","protected":false},"excerpt":{"rendered":"SOLO ED ESCLUSIVAMENTE PER SITUAZIONI DI COMPROVATA EMERGENZA PER CITTADINI ITALIANI (ad esempio per incidenti, arresti, gravi e urgenti problemi di salute, ecc.) Le chiamate per pratiche consolari ordinarie, richieste di informazioni, richieste di anticipo appuntamenti per passaporti, cittadinanza, visti, NON saranno prese in considerazione. NUMERO di EMERGENZA: +1 (305) 753 0532 Il numero di [&hellip;]","protected":false},"author":1,"featured_media":0,"parent":13,"menu_order":10,"comment_status":"closed","ping_status":"closed","template":"","meta":{"footnotes":""},"class_list":["post-38","page","type-page","status-publish","hentry"],"_links":{"self":[{"href":"https:\/\/consmiami.esteri.it\/it\/wp-json\/wp\/v2\/pages\/38","targetHints":{"allow":["GET"]}}],"collection":[{"href":"https:\/\/consmiami.esteri.it\/it\/wp-json\/wp\/v2\/pages"}],"about":[{"href":"https:\/\/consmiami.esteri.it\/it\/wp-json\/wp\/v2\/types\/page"}],"author":[{"embeddable":true,"href":"https:\/\/consmiami.esteri.it\/it\/wp-json\/wp\/v2\/users\/1"}],"replies":[{"embeddable":true,"href":"https:\/\/consmiami.esteri.it\/it\/wp-json\/wp\/v2\/comments?post=38"}],"version-history":[{"count":7,"href":"https:\/\/consmiami.esteri.it\/it\/wp-json\/wp\/v2\/pages\/38\/revisions"}],"predecessor-version":[{"id":8433,"href":"https:\/\/consmiami.esteri.it\/it\/wp-json\/wp\/v2\/pages\/38\/revisions\/8433"}],"up":[{"embeddable":true,"href":"https:\/\/consmiami.esteri.it\/it\/wp-json\/wp\/v2\/pages\/13"}],"wp:attachment":[{"href":"https:\/\/consmiami.esteri.it\/it\/wp-json\/wp\/v2\/media?parent=38"}],"curies":[{"name":"wp","href":"https:\/\/api.w.org\/{rel}","templated":true}]}}