{"id":370,"date":"2023-09-28T11:11:07","date_gmt":"2023-09-28T15:11:07","guid":{"rendered":"https:\/\/consmiami.esteri.it\/?page_id=370"},"modified":"2023-11-01T14:24:05","modified_gmt":"2023-11-01T18:24:05","slug":"importazione-temporanea-di-animali-domestici","status":"publish","type":"page","link":"https:\/\/consmiami.esteri.it\/it\/servizi-consolari-e-visti\/servizi-per-il-cittadino-italiano\/altri-servizi\/banche-dati\/importazione-temporanea-di-animali-domestici\/","title":{"rendered":"Importazione temporanea di animali domestici"},"content":{"rendered":"<p style=\"text-align: justify;\">Dal 2 ottobre 2004 \u00e8 in vigore il\u00a0<a href=\"https:\/\/eur-lex.europa.eu\/legal-content\/IT\/TXT\/?uri=CELEX:32013R0576#:~:text=Il%20regolamento%20%28CE%29%20n.%20998%2F2003%20del%20Parlamento%20europeo,paesi%20terzi%2C%20nonch%C3%A9%20i%20controlli%20di%20tali%20movimenti\">Regolamento 998\\2003\\CE<\/a>\u00a0relativo ai requisiti veterinari applicabili all\u2019introduzione ed ai trasferimenti nel territorio dell\u2019Unione Europea di animali domestici (cani, gatti, furetti, ecc.) al seguito dei viaggiatori e senza fini commerciali.<\/p>\n<p style=\"text-align: justify;\">Ogni animale domestico proveniente dagli Stati Uniti deve essere munito del certificato veterinario europeo. Come prevede il documento, gli animali domestici dovranno:<\/p>\n<p style=\"text-align: justify;\">\u2022 essere identificabili tramite tatuaggio leggibile oppure microchip;<br \/>\n\u2022 essere vaccinati contro la rabbia con vaccinazioni in corso di validit\u00e0.<\/p>\n<p style=\"text-align: justify;\">Per l\u2019introduzione in Italia dai Paesi terzi degli animali da compagnia (o domestici) non \u00e8 necessaria l\u2019esecuzione dei trattamenti preventivi nei confronti delle zecche e dell\u2019echinococco.<br \/>\nPer gli animali domestici in provenienza dagli Stati Uniti, l\u2019Allegato II, parte C del Regolamento 998\\2003\\CE prevede inoltre che la vaccinazione non debba essere accompagnata dall\u2019analisi del sangue per la titolazione degli anticorpi nei confronti della rabbia.<\/p>\n<p style=\"text-align: justify;\">Il \u201cDepartment of Agriculture&#8221; degli Stati Uniti pubblica nel suo sito il Regolamento 998\\2003\\CE ed il modello di certificato veterinario europeo.<\/p>\n<p style=\"text-align: justify;\">Nella fase iniziale di applicazione della nuova normativa, in deroga a quanto precede, \u00e8 stata prevista la possibilit\u00e0 dell\u2019introduzione di animali muniti di certificato veterinario di formato diverso da quello in vigore, a condizione che il certificato veterinario attesti la sussistenza dei medesimi requisiti veterinari previsti dal Regolamento 998\\2003\\CE, sia stato rilasciato prima del 1 ottobre 2004 e sia tuttora in corso di validit\u00e0.<\/p>\n<p style=\"text-align: justify;\">Ulteriori informazioni sono reperibili al sito del\u00a0<a href=\"http:\/\/www.salute.gov.it\/\">Ministero della Salute italiano.<\/a><\/p>\n<p style=\"text-align: justify;\">\u00c8 possibile portare al proprio seguito, in Italia, un massimo di 5 animali domestici, inclusi nel seguente elenco:<br \/>\n\u2022 uccelli (di piccola taglia, ad eccezione dei pappagalli &#8211; vedi pi\u00f9 avanti);<br \/>\n\u2022 cani, gatti, pesci (di piccola dimensione);<br \/>\n\u2022 ranidi (rane comuni);<br \/>\n\u2022 rettili comuni;<br \/>\n\u2022 roditori (esclusi conigli e lepri);<br \/>\n\u2022 lacertidi (lucertole e ramarri);<br \/>\n\u2022 testudinidi (tartarughe terrestri).<\/p>\n<p style=\"text-align: justify;\">Gli animali al seguito potranno essere introdotti in Italia esclusivamente insieme al proprietario e solo se muniti del certificato attestante la buona salute dell\u2019animale.<\/p>\n<p style=\"text-align: justify;\">Il certificato NON deve essere legalizzato dal Consolato Generale: \u00e8 sufficiente la firma del veterinario della contea di residenza.<\/p>\n<p style=\"text-align: justify;\">A seguito del viaggiatore \u00e8 ammessa l\u2019introduzione in Italia di n. 2 pappagalli delle specie pi\u00f9 grandi e n. 4 soggetti per le specie pi\u00f9 piccole purch\u00e9 gli animali siano scortati da un certificate sanitario, rilasciato dal Servizio Veterinario Ufficiale del Paese di origine, attestante che gli animali provengono da una localit\u00e0 nella quale, per un raggio di Km. 20, non si sono verificati casi di psittacosi negli ultimi 12 mesi.<\/p>\n<p style=\"text-align: justify;\">Va ricordato che in Italia \u00e8 obbligatorio utilizzare:<\/p>\n<p style=\"text-align: justify;\">\u2022 una museruola idonea, per i cani che passeggiano nelle vie o in altro luogo aperto al pubblico senza il guinzaglio;<br \/>\n\u2022 la museruola e il guinzaglio, per i cani condotti nei locali pubblici e nei pubblici mezzi di trasporto (articolo 83 del D.P.R. 320\/54 Regolamento di Polizia Veterinaria)<\/p>\n","protected":false},"excerpt":{"rendered":"Dal 2 ottobre 2004 \u00e8 in vigore il\u00a0Regolamento 998\\2003\\CE\u00a0relativo ai requisiti veterinari applicabili all\u2019introduzione ed ai trasferimenti nel territorio dell\u2019Unione Europea di animali domestici (cani, gatti, furetti, ecc.) al seguito dei viaggiatori e senza fini commerciali. Ogni animale domestico proveniente dagli Stati Uniti deve essere munito del certificato veterinario europeo. Come prevede il documento, gli [&hellip;]","protected":false},"author":4,"featured_media":0,"parent":366,"menu_order":0,"comment_status":"closed","ping_status":"closed","template":"","meta":{"footnotes":""},"class_list":["post-370","page","type-page","status-publish","hentry"],"_links":{"self":[{"href":"https:\/\/consmiami.esteri.it\/it\/wp-json\/wp\/v2\/pages\/370","targetHints":{"allow":["GET"]}}],"collection":[{"href":"https:\/\/consmiami.esteri.it\/it\/wp-json\/wp\/v2\/pages"}],"about":[{"href":"https:\/\/consmiami.esteri.it\/it\/wp-json\/wp\/v2\/types\/page"}],"author":[{"embeddable":true,"href":"https:\/\/consmiami.esteri.it\/it\/wp-json\/wp\/v2\/users\/4"}],"replies":[{"embeddable":true,"href":"https:\/\/consmiami.esteri.it\/it\/wp-json\/wp\/v2\/comments?post=370"}],"version-history":[{"count":4,"href":"https:\/\/consmiami.esteri.it\/it\/wp-json\/wp\/v2\/pages\/370\/revisions"}],"predecessor-version":[{"id":1490,"href":"https:\/\/consmiami.esteri.it\/it\/wp-json\/wp\/v2\/pages\/370\/revisions\/1490"}],"up":[{"embeddable":true,"href":"https:\/\/consmiami.esteri.it\/it\/wp-json\/wp\/v2\/pages\/366"}],"wp:attachment":[{"href":"https:\/\/consmiami.esteri.it\/it\/wp-json\/wp\/v2\/media?parent=370"}],"curies":[{"name":"wp","href":"https:\/\/api.w.org\/{rel}","templated":true}]}}