{"id":37,"date":"2023-04-03T19:15:59","date_gmt":"2023-04-03T17:15:59","guid":{"rendered":"https:\/\/consolatozurigo.esteri.it\/?page_id=37"},"modified":"2026-01-13T11:04:06","modified_gmt":"2026-01-13T16:04:06","slug":"contatti","status":"publish","type":"page","link":"https:\/\/consmiami.esteri.it\/it\/chi-siamo\/contatti\/","title":{"rendered":"Contatti"},"content":{"rendered":"<p><strong>IMPORTANTE:\u00a0<\/strong><\/p>\n<p>Le pagine web di questo Consolato Generale riportano, nelle varie sezioni, le indicazioni (per i cittadini o per gli stranieri) per ottenere i servizi consolari richiesti. Le informazioni sono complete, dettagliate e aggiornate. Data la considerevole domanda di servizi consolari in tutti i settori, si raccomanda vivamente ai gentili utenti di voler prendere contatto con gli uffici dedicati (mail riportate di seguito) solo per quesiti specifici e pertinenti (non gi\u00e0 illustrati nel presente sito).<\/p>\n<p>Per quesiti di carattere generale \u00e8 possibile contattare il Consolato Generale dal luned\u00ec al venerd\u00ec (dalle 9,00 alle 13,00) chiamando il numero telefonico <strong>+1 305 549-5518<\/strong> o +<strong>1 305 779 5089<\/strong>\u00a0oppure scrivendo a\u00a0<strong><a href=\"mailto:miami.urp@esteri.it\">miami.urp@esteri.it<\/a>.\u00a0<\/strong><\/p>\n<ul>\n<li><strong>Passaporti: <\/strong><a href=\"mailto:passaporti.miami@esteri.it\">passaporti.miami@esteri.it\u00a0<\/a><\/li>\n<\/ul>\n<p>&nbsp;<\/p>\n<ul>\n<li><strong>Stato Civile: <\/strong><a href=\"mailto:statocivile.miami@esteri.it\">statocivile.miami@esteri.it<\/a><\/li>\n<\/ul>\n<p>&nbsp;<\/p>\n<ul>\n<li><strong>AIRE: <\/strong><a href=\"mailto:miami.aire@esteri.it\">miami.aire@esteri.it<\/a><\/li>\n<\/ul>\n<p>&nbsp;<\/p>\n<ul>\n<li><strong>Cittadinanza: <\/strong><a href=\"mailto:cittadinanza.miami@esteri.it\">cittadinanza.miami@esteri.it<\/a><\/li>\n<\/ul>\n<p>&nbsp;<\/p>\n<ul>\n<li><strong>Notarile, Notifiche: <\/strong><a href=\"mailto:notarile.miami@esteri.it\">notarile.miami@esteri.it<\/a><\/li>\n<\/ul>\n<p>&nbsp;<\/p>\n<ul>\n<li><strong>Assistenza: <\/strong><a href=\"mailto:assistenza.miami@esteri.it\">assistenza.miami@esteri.it<\/a><\/li>\n<\/ul>\n<p>&nbsp;<\/p>\n<ul>\n<li><strong>Pensioni: <\/strong><a href=\"mailto:notarile.miami@esteri.it\">notarile.miami@esteri.it<\/a><\/li>\n<\/ul>\n<p>&nbsp;<\/p>\n<ul>\n<li><strong>Visti: <\/strong><a href=\"mailto:visa.miami@esteri.it\">visa.miami@esteri.it<\/a><\/li>\n<\/ul>\n<p>&nbsp;<\/p>\n<ul>\n<li><strong>Studenti: <\/strong><a href=\"mailto:studenti.miami@esteri.it\">studenti.miami@esteri.it<\/a><\/li>\n<\/ul>\n<p>&nbsp;<\/p>\n<ul>\n<li><strong>Scuola: <\/strong><a href=\"mailto:miami.scuola@esteri.it\">miami.scuola@esteri.it<\/a><\/li>\n<\/ul>\n<p>&nbsp;<\/p>\n<ul>\n<li><strong>Ufficio Commerciale: <\/strong><a href=\"mailto:commerciale.miami@esteri.it\">commerciale.miami@esteri.it<\/a><\/li>\n<\/ul>\n<p>&nbsp;<\/p>\n<ul>\n<li><strong>Ufficio Amministrativo: <\/strong><a href=\"mailto:amministrativo.miami@esteri.it\">amministrativo.miami@esteri.it<\/a><\/li>\n<\/ul>\n<p>&nbsp;<\/p>\n<ul>\n<li><strong>Segreteria: <\/strong><a href=\"mailto:segreteria.miami@esteri.it\">segreteria.miami@esteri.it<\/a><\/li>\n<\/ul>\n<p>&nbsp;<\/p>\n<ul>\n<li><strong>Ufficio Culturale: <\/strong><a href=\"mailto:Segreteria.miami@esteri.it\">segreteria.miami@esteri.it<\/a><\/li>\n<\/ul>\n<p>&nbsp;<\/p>\n<ul>\n<li><strong>Navigazione: <\/strong><a href=\"mailto:miami.navigazione@esteri.it\">miami.navigazione@esteri.it<\/a><\/li>\n<\/ul>\n<p>&nbsp;<\/p>\n<ul>\n<li><strong>Numero di emergenza<\/strong><\/li>\n<\/ul>\n<p><strong><span style=\"text-decoration: underline;\">SOLO ED ESCLUSIVAMENTE PER SITUAZIONI DI COMPROVATA EMERGENZA PER CITTADINI ITALIANI<\/span> (ad esempio per incidenti, arresti, gravi e urgenti problemi di salute, ecc.)<\/strong><\/p>\n<p>Le chiamate per pratiche consolari ordinarie, richieste di informazioni, richieste di anticipo appuntamenti per passaporti, cittadinanza, visti, <strong><span style=\"text-decoration: underline;\">NON<\/span><\/strong> saranno prese in considerazione.<\/p>\n<p><strong>NUMERO di EMERGENZA: +1 (305) 753 0532<\/strong><br \/>\nIl numero di emergenza \u00e8 operativo dal luned\u00ec al venerd\u00ec dalle ore 18:00 alle ore 22:00; il sabato, la domenica e nei <a href=\"https:\/\/consmiami.esteri.it\/it\/chi-siamo\/gli-uffici\/\">giorni festivi osservati dal Consolato Generale a Miami<\/a>\u00a0dalle ore 8.00 alle 22.00.<\/p>\n","protected":false},"excerpt":{"rendered":"IMPORTANTE:\u00a0 Le pagine web di questo Consolato Generale riportano, nelle varie sezioni, le indicazioni (per i cittadini o per gli stranieri) per ottenere i servizi consolari richiesti. Le informazioni sono complete, dettagliate e aggiornate. Data la considerevole domanda di servizi consolari in tutti i settori, si raccomanda vivamente ai gentili utenti di voler prendere contatto [&hellip;]","protected":false},"author":1,"featured_media":0,"parent":13,"menu_order":8,"comment_status":"closed","ping_status":"closed","template":"","meta":{"footnotes":""},"class_list":["post-37","page","type-page","status-publish","hentry"],"_links":{"self":[{"href":"https:\/\/consmiami.esteri.it\/it\/wp-json\/wp\/v2\/pages\/37","targetHints":{"allow":["GET"]}}],"collection":[{"href":"https:\/\/consmiami.esteri.it\/it\/wp-json\/wp\/v2\/pages"}],"about":[{"href":"https:\/\/consmiami.esteri.it\/it\/wp-json\/wp\/v2\/types\/page"}],"author":[{"embeddable":true,"href":"https:\/\/consmiami.esteri.it\/it\/wp-json\/wp\/v2\/users\/1"}],"replies":[{"embeddable":true,"href":"https:\/\/consmiami.esteri.it\/it\/wp-json\/wp\/v2\/comments?post=37"}],"version-history":[{"count":6,"href":"https:\/\/consmiami.esteri.it\/it\/wp-json\/wp\/v2\/pages\/37\/revisions"}],"predecessor-version":[{"id":7372,"href":"https:\/\/consmiami.esteri.it\/it\/wp-json\/wp\/v2\/pages\/37\/revisions\/7372"}],"up":[{"embeddable":true,"href":"https:\/\/consmiami.esteri.it\/it\/wp-json\/wp\/v2\/pages\/13"}],"wp:attachment":[{"href":"https:\/\/consmiami.esteri.it\/it\/wp-json\/wp\/v2\/media?parent=37"}],"curies":[{"name":"wp","href":"https:\/\/api.w.org\/{rel}","templated":true}]}}