{"id":362,"date":"2023-09-28T10:56:40","date_gmt":"2023-09-28T14:56:40","guid":{"rendered":"https:\/\/consmiami.esteri.it\/?page_id=362"},"modified":"2023-10-05T11:55:30","modified_gmt":"2023-10-05T15:55:30","slug":"autocertificazione","status":"publish","type":"page","link":"https:\/\/consmiami.esteri.it\/it\/servizi-consolari-e-visti\/servizi-per-il-cittadino-italiano\/altri-servizi\/autocertificazione\/","title":{"rendered":"Autocertificazione"},"content":{"rendered":"<p style=\"text-align: left;\"><a href=\"https:\/\/consmiami.esteri.it\/resource\/2013\/12\/22338_f_cons97dichiarazioneattonotorieta.pdf\">Dichiarazione Atto Notorieta (Autocertificazione)<\/a><\/p>\n<p><strong>L\u2019IMPORTANZA DELLA AUTOCERTIFICAZIONE A SERVIZIO DEI CITTADINI<\/strong><\/p>\n<p><strong>\u00c8 una dichiarazione che l&#8217;interessato redige e sottoscrive nel proprio interesse su stati, fatti e qualit\u00e0 personali e che utilizza nei rapporti con la P.A. e con i gestori di pubblici servizi. Nel rapporto con un soggetto privato il ricorso all&#8217;autocertificazione \u00e8 rimesso alla discrezionalit\u00e0 di quest&#8217;ultimo.<\/strong><\/p>\n<p><strong>Il 1\u00b0 gennaio 2012 sono entrate in vigore le nuove disposizioni in materia di certificati e di dichiarazioni sostitutive, di cui all\u2019art. 15 della legge 12 novembre 2011 n. 183. A decorrere da tale data i certificati avranno pertanto validit\u00e0 solo nei rapporti tra privati, mentre le Amministrazioni Pubbliche non potranno pi\u00f9 chiedere o accettare i certificati, che dovranno essere sempre sostituiti da autocertificazioni.<\/strong><\/p>\n<p><strong>Le norme sull\u2019autocertificazione si applicano ai cittadini italiani e dell\u2019Unione europea, nonch\u00e9 ai cittadini extracomunitari regolarmente soggiornanti in Italia limitatamente ai dati verificabili o certificabili in Italia da soggetti pubblici.<\/strong><\/p>\n<p><strong>1. Dichiarazione sostitutiva di certificazione (art. 46 DPR 445\/2000)<\/strong><\/p>\n<p><strong>Possono essere comprovati, tramite dichiarazione, i seguenti stati:<\/strong><\/p>\n<ul>\n<li>data e il luogo di nascita;<\/li>\n<li>residenza;<\/li>\n<li>cittadinanza;<\/li>\n<li>godimento dei diritti civili e politici;<\/li>\n<li>stato di celibe, coniugato, vedovo o stato libero;<\/li>\n<li>stato di famiglia;<\/li>\n<li>esistenza in vita;<\/li>\n<li>nascita del figlio, decesso del coniuge, dell&#8217;ascendente o discendente;<\/li>\n<li>iscrizione in albi, in elenchi tenuti da pubbliche amministrazioni;<\/li>\n<li>appartenenza a ordini professionali;<\/li>\n<li>titolo di studio, esami sostenuti;<\/li>\n<li>qualifica professionale posseduta, titolo di specializzazione, di abilitazione, di formazione, di aggiornamento e di qualificazione tecnica;<\/li>\n<li>situazione reddituale o economica anche ai fini della concessione dei benefici di qualsiasi tipo previsti da leggi speciali;<\/li>\n<li>assolvimento di specifici obblighi contributivi con l&#8217;indicazione dell&#8217;ammontare corrisposto;<\/li>\n<li>possesso e numero del codice fiscale, della partita IVA e di qualsiasi dato presente nell&#8217;archivio dell&#8217;anagrafe tributaria;<\/li>\n<li>stato di disoccupazione;<\/li>\n<li>qualit\u00e0 di pensionato e categoria di pensione;<\/li>\n<li>qualit\u00e0 di studente;<\/li>\n<li>qualit\u00e0 di legale rappresentante di persone fisiche o giuridiche, di tutore, di curatore e simili;<\/li>\n<li>iscrizione presso associazioni o formazioni sociali di qualsiasi tipo;<\/li>\n<li>tutte le situazioni relative all&#8217;adempimento degli obblighi militari, ivi comprese quelle attestate nel foglio matricolare dello stato di servizio;<\/li>\n<li>di non aver riportato condanne penali e di non essere destinatario di provvedimenti che riguardano l&#8217;applicazione di misure di prevenzione, di decisioni civili e di provvedimenti amministrativi iscritti nel casellario giudiziale ai sensi della vigente normativa;<\/li>\n<li>di non essere a conoscenza di essere sottoposto a procedimenti penali;<\/li>\n<li>qualit\u00e0 di vivenza a carico;<\/li>\n<li>tutti i dati a diretta conoscenza dell&#8217;interessato contenuti nei registri dello stato civile;<\/li>\n<li>di non trovarsi in stato di liquidazione o di fallimento e di non aver presentato domanda di concordato.<\/li>\n<\/ul>\n<p><strong>Nessuna imposta di bollo deve essere corrisposta dal cittadino quando l&#8217;uso dell&#8217;atto \u00e8 esente, per legge, dalla stessa.<\/strong><\/p>\n<p><strong>Le istanze e le dichiarazioni da presentare alla Pubblica Amministrazione possono essere inviate anche per fax e per via telematica.<\/strong><\/p>\n<p><strong>2. Dichiarazione sostitutiva di atto di notoriet\u00e0 (art. 47 DPR 445\/2000)<\/strong><\/p>\n<p><strong>Gli interessati possono ricorrere alla dichiarazione sostitutiva dell\u2019atto di notoriet\u00e0 per tutti gli stati, fatti e qualit\u00e0 personali di cui siano a diretta conoscenza e che non siano certificabili da parte di una pubblica amministrazione.<\/strong><\/p>\n<p><strong>Tale dichiarazione pu\u00f2 riguardare anche circostanze relative ad altri soggetti, di cui il dichiarante abbia diretta conoscenza, nonch\u00e9 la conformit\u00e0 all\u2019originale di copie di atti o documenti conservati o rilasciati da una pubblica amministrazione, di copie di pubblicazioni, di copie di titoli di studio o di servizio, ovvero di copie di documenti fiscali che devono essere obbligatoriamente conservati dai privati.<\/strong><\/p>\n<p><strong>La possibilit\u00e0 di avvalersi dell\u2019autocertificazione non \u00e8 mai ammessa per i certificati:<\/strong><\/p>\n<ul>\n<li>medici;<\/li>\n<li>sanitari;<\/li>\n<li>veterinari;<\/li>\n<li>di origine;<\/li>\n<li>di conformit\u00e0 CE;<\/li>\n<li>marchi o brevetti.<\/li>\n<\/ul>\n<p><strong>Qualora le amministrazioni abbiano dubbi sulla veridicit\u00e0 delle autocertificazioni, sono tenute a effettuare i controlli necessari.<\/strong><\/p>\n<p><strong>Nel caso vengano riscontrate dichiarazioni mendaci, la falsit\u00e0 negli atti e l\u2019uso di atti falsi sono puniti ai sensi del codice penale e delle leggi speciali in materia (art. 76 DPR 445\/2000). Il dichiarante inoltre decade dai benefici eventualmente conseguiti grazie a provvedimenti basati su dichiarazioni non veritiere.<\/strong><\/p>\n","protected":false},"excerpt":{"rendered":"Dichiarazione Atto Notorieta (Autocertificazione) L\u2019IMPORTANZA DELLA AUTOCERTIFICAZIONE A SERVIZIO DEI CITTADINI \u00c8 una dichiarazione che l&#8217;interessato redige e sottoscrive nel proprio interesse su stati, fatti e qualit\u00e0 personali e che utilizza nei rapporti con la P.A. e con i gestori di pubblici servizi. Nel rapporto con un soggetto privato il ricorso all&#8217;autocertificazione \u00e8 rimesso alla [&hellip;]","protected":false},"author":4,"featured_media":0,"parent":94,"menu_order":0,"comment_status":"closed","ping_status":"closed","template":"","meta":{"footnotes":""},"class_list":["post-362","page","type-page","status-publish","hentry"],"_links":{"self":[{"href":"https:\/\/consmiami.esteri.it\/it\/wp-json\/wp\/v2\/pages\/362","targetHints":{"allow":["GET"]}}],"collection":[{"href":"https:\/\/consmiami.esteri.it\/it\/wp-json\/wp\/v2\/pages"}],"about":[{"href":"https:\/\/consmiami.esteri.it\/it\/wp-json\/wp\/v2\/types\/page"}],"author":[{"embeddable":true,"href":"https:\/\/consmiami.esteri.it\/it\/wp-json\/wp\/v2\/users\/4"}],"replies":[{"embeddable":true,"href":"https:\/\/consmiami.esteri.it\/it\/wp-json\/wp\/v2\/comments?post=362"}],"version-history":[{"count":3,"href":"https:\/\/consmiami.esteri.it\/it\/wp-json\/wp\/v2\/pages\/362\/revisions"}],"predecessor-version":[{"id":721,"href":"https:\/\/consmiami.esteri.it\/it\/wp-json\/wp\/v2\/pages\/362\/revisions\/721"}],"up":[{"embeddable":true,"href":"https:\/\/consmiami.esteri.it\/it\/wp-json\/wp\/v2\/pages\/94"}],"wp:attachment":[{"href":"https:\/\/consmiami.esteri.it\/it\/wp-json\/wp\/v2\/media?parent=362"}],"curies":[{"name":"wp","href":"https:\/\/api.w.org\/{rel}","templated":true}]}}