{"id":359,"date":"2023-09-28T10:45:11","date_gmt":"2023-09-28T14:45:11","guid":{"rendered":"https:\/\/consmiami.esteri.it\/?page_id=359"},"modified":"2025-11-07T17:31:11","modified_gmt":"2025-11-07T22:31:11","slug":"testamento","status":"publish","type":"page","link":"https:\/\/consmiami.esteri.it\/it\/servizi-consolari-e-visti\/servizi-per-il-cittadino-italiano\/servizi-notarili\/testamento\/","title":{"rendered":"Testamento"},"content":{"rendered":"<p>L\u2019Anagrafe degli Italiani Residenti all\u2019Estero (A.I.R.E.) \u00e8 stata istituita con legge 27 ottobre 1988, n. 470 e contiene i dati dei cittadini italiani che risiedono all\u2019estero per un periodo superiore ai dodici mesi. Essa \u00e8 gestita dai Comuni sulla base dei dati e delle informazioni provenienti dalle Rappresentanze consolari all\u2019estero.<br \/>\nL\u2019iscrizione all\u2019A.I.R.E. \u00e8 un diritto-dovere del cittadino (art. 6 legge 470\/1988) e costituisce il presupposto per usufruire di una serie di servizi forniti dalle Rappresentanze consolari all\u2019estero, nonch\u00e9 per l\u2019esercizio di importanti diritti.<\/p>\n<p>&nbsp;<\/p>\n<p>Esistono alcune differenze tra le competenze consolari in materia notarile e quelle attribuite ai notai esercenti in Italia, sostanzialmente connesse alla diversa posizione del Capo della Rappresentanza consolare, funzionario dello Stato, e quella del notaio, libero professionista.<\/p>\n<p>In effetti:<\/p>\n<p>il notaio pu\u00f2 anche essere chiamato a fungere da consulente legale del cliente; egli pertanto pu\u00f2 assumere informazioni circa la solvibilit\u00e0 di una persona o agire da mediatore in una transazione, oppure consigliare il cliente circa rapporti familiari o finanziari. E\u2019 escluso che l\u2019Autorit\u00e0 consolare possa svolgere attivit\u00e0 analoghe. Il suo consiglio, se richiesto, deve essere limitato al campo giuridico, con particolare riguardo alla validit\u00e0 degli atti che le si domanda di ricevere. La sua assistenza deve limitarsi alla legalit\u00e0 degli atti prospettati e non alla loro utilit\u00e0 economica.<\/p>\n<p>il notaio pu\u00f2 essere a volte il mandatario del cliente rispetto alla pubblicit\u00e0 e alla esecuzione di formalit\u00e0 relative agli atti da lui ricevuti. Nessuna attivit\u00e0 di tale natura pu\u00f2, invece, essere svolta dal capo della Rappresentanza consolare.<\/p>\n<p>mentre il notaio ha diritto ad un onorario, tutti gli atti consolari sono soggetti unicamente alla tassa indicata nella Tariffa consolare.<\/p>\n<p>Il cittadino italiano all&#8217;estero pu\u00f2, in alternativa, formalizzare l&#8217;atto presso un pubblico notaio ufficialmente accreditato nel Paese di residenza. Successivamente, se il Paese ha aderito alla Convenzione dell&#8217;Aja del 1961 per l&#8217;abolizione della legalizzazione, deve provvedere a far apporre sul documento l&#8217;\u00abapostille\u00bb da parte dell&#8217;Autorit\u00e0 preposta nel Paese di residenza. Se il Paese non ha aderito alla Convenzione suddetta, dovr\u00e0 far legalizzare la firma del notaio a cura della Rappresentanza consolare italiana (v. sezione Traduzione e Legalizzazione dei documenti).<\/p>\n<p>I servizi notarili pi\u00f9 frequentemente richiesti ad un Ufficio consolare sono:<\/p>\n<p>Procure<\/p>\n<p>Testamenti<\/p>\n<p>Atti Pubblici<\/p>\n<p>Attivit\u00e0 di autenticazione<\/p>\n<p>In attuazione dell\u2019art. 28 del D. Lgs. 71\/2011, il Decreto del Ministro degli Affari Esteri del 31 ottobre 2011 limita, a partire dal 1\u00b0 gennaio 2012, l\u2019erogazione dei servizi notarili da parte degli Uffici consolari aventi sede in Austria, Belgio, Francia, Germania e Lettonia.<br \/>\nTale scelta si basa, in primo luogo, sull\u2019esistenza di convenzioni bilaterali o multilaterali che hanno soppresso, per gli atti provenienti da tali Paesi, la necessit\u00e0 di legalizzazione o apostille e, in secondo luogo, sul fatto che i Notariati presenti in tali Paesi hanno aderito all\u2019Unione Internazionale del Notariato (U.I.N.L.), elemento ritenuto idoneo a garantire la presenza in loco di adeguati servizi notarili.<\/p>\n<p>Per avere efficacia in Italia gli atti dovranno comunque essere tradotti.<br \/>\nIl provvedimento prevede che il Capo dell\u2019Ufficio Consolare continui in ogni caso a ricevere, a richiesta di cittadini italiani, testamenti pubblici, segreti o internazionali.<br \/>\nEgli pu\u00f2 inoltre ricevere &#8211; previa verifica della oggettiva e documentata impossibilit\u00e0 da parte del connazionale di rivolgersi ad un notaio in loco &#8211; atti che rivestono carattere di necessit\u00e0 e urgenza, quando dal ritardo possa derivare pregiudizio al cittadino.<\/p>\n","protected":false},"excerpt":{"rendered":"L\u2019Anagrafe degli Italiani Residenti all\u2019Estero (A.I.R.E.) \u00e8 stata istituita con legge 27 ottobre 1988, n. 470 e contiene i dati dei cittadini italiani che risiedono all\u2019estero per un periodo superiore ai dodici mesi. Essa \u00e8 gestita dai Comuni sulla base dei dati e delle informazioni provenienti dalle Rappresentanze consolari all\u2019estero. L\u2019iscrizione all\u2019A.I.R.E. \u00e8 un diritto-dovere [&hellip;]","protected":false},"author":4,"featured_media":0,"parent":89,"menu_order":2,"comment_status":"closed","ping_status":"closed","template":"","meta":{"footnotes":""},"class_list":["post-359","page","type-page","status-publish","hentry"],"_links":{"self":[{"href":"https:\/\/consmiami.esteri.it\/it\/wp-json\/wp\/v2\/pages\/359","targetHints":{"allow":["GET"]}}],"collection":[{"href":"https:\/\/consmiami.esteri.it\/it\/wp-json\/wp\/v2\/pages"}],"about":[{"href":"https:\/\/consmiami.esteri.it\/it\/wp-json\/wp\/v2\/types\/page"}],"author":[{"embeddable":true,"href":"https:\/\/consmiami.esteri.it\/it\/wp-json\/wp\/v2\/users\/4"}],"replies":[{"embeddable":true,"href":"https:\/\/consmiami.esteri.it\/it\/wp-json\/wp\/v2\/comments?post=359"}],"version-history":[{"count":1,"href":"https:\/\/consmiami.esteri.it\/it\/wp-json\/wp\/v2\/pages\/359\/revisions"}],"predecessor-version":[{"id":360,"href":"https:\/\/consmiami.esteri.it\/it\/wp-json\/wp\/v2\/pages\/359\/revisions\/360"}],"up":[{"embeddable":true,"href":"https:\/\/consmiami.esteri.it\/it\/wp-json\/wp\/v2\/pages\/89"}],"wp:attachment":[{"href":"https:\/\/consmiami.esteri.it\/it\/wp-json\/wp\/v2\/media?parent=359"}],"curies":[{"name":"wp","href":"https:\/\/api.w.org\/{rel}","templated":true}]}}