{"id":35,"date":"2023-04-03T19:15:30","date_gmt":"2023-04-03T17:15:30","guid":{"rendered":"https:\/\/consolatozurigo.esteri.it\/?page_id=35"},"modified":"2025-09-17T16:04:18","modified_gmt":"2025-09-17T20:04:18","slug":"la-sede","status":"publish","type":"page","link":"https:\/\/consmiami.esteri.it\/it\/chi-siamo\/la-sede\/","title":{"rendered":"La Sede"},"content":{"rendered":"<p><strong>Consolato Generale d&#8217;Italia in Miami<\/strong><br \/>\n4000 Ponce de Leon, Suite 590<br \/>\nCoral Gables, FL 33146<br \/>\nFax: +1 305 374 7945<\/p>\n<p>&nbsp;<\/p>\n<p><strong>Come raggiungerci:<\/strong><br \/>\nDa Nord:<br \/>\nAutostrada I-95 sud fino alla 836 West, proseguire sino all\u2019 uscita di Le Jeune Road (42nd Avenue) direzione sud. Procedere sino a Bird Road (40 Street). Girare a sinistra su Bird Road sino a Ponce de Leon Blvd. L&#8217;edificio &#8220;The Collection&#8221;, dove ha sede il Consolato Generale, \u00e8 situato all\u2019angolo tra Bird road e Ponce de leon Blvd.<\/p>\n<p>Da Sud:<br \/>\nPrendere la US-1 nord sino a Bird Road (40 Street), girare a sinistra\u00a0sino all\u2019incrocio con\u00a0Ponce de Leon Blvd.<\/p>\n<p>Un parcheggio a pagamento e&#8217; situato sul retro dell&#8217;edificio.<\/p>\n<p>Dall&#8217;Aeroporto Internazionale di Miami\u00a0con il\u00a0Metro Rail:<br \/>\nDal Miami International Airport prendere il MIA Mover.<br \/>\nIl MIA Mover \u00e8 un treno automatizzato di trasporto di persone, con un percorso non stop di 1.2 miglia tra l\u2019Aeroporto e il Miami Rental Car Center \/ Metro Rail Station.<br \/>\nDal nuovo terminale MIA Metro Station, si prende qualsiasi treno in partenza.<br \/>\nUscire dal treno alla stazione di Douglas Road.<br \/>\nPrendere il Trolley Bus\u00a0al di fuori della stazione di Douglas Road (servizio gratuito).<br \/>\nUscire alla 2da fermata in 4000 Ponce de Leon Blvd.<\/p>\n<p>&nbsp;<\/p>\n<p><strong>Accesso agli uffici:\u00a0<\/strong><br \/>\nSi prega di notare che <strong>per motivi di sicurezza non \u00e8 possibile accedere ai locali del Consolato con borse voluminose, zaini o valigie. Non \u00e8 possibile lasciare i propri bagagli in custodia nell&#8217;edificio del Consolato, n\u00e9 sono disponibili armadietti.<\/strong><\/p>\n","protected":false},"excerpt":{"rendered":"Consolato Generale d&#8217;Italia in Miami 4000 Ponce de Leon, Suite 590 Coral Gables, FL 33146 Fax: +1 305 374 7945 &nbsp; Come raggiungerci: Da Nord: Autostrada I-95 sud fino alla 836 West, proseguire sino all\u2019 uscita di Le Jeune Road (42nd Avenue) direzione sud. Procedere sino a Bird Road (40 Street). Girare a sinistra su [&hellip;]","protected":false},"author":1,"featured_media":0,"parent":13,"menu_order":2,"comment_status":"closed","ping_status":"closed","template":"","meta":{"footnotes":""},"class_list":["post-35","page","type-page","status-publish","hentry"],"_links":{"self":[{"href":"https:\/\/consmiami.esteri.it\/it\/wp-json\/wp\/v2\/pages\/35","targetHints":{"allow":["GET"]}}],"collection":[{"href":"https:\/\/consmiami.esteri.it\/it\/wp-json\/wp\/v2\/pages"}],"about":[{"href":"https:\/\/consmiami.esteri.it\/it\/wp-json\/wp\/v2\/types\/page"}],"author":[{"embeddable":true,"href":"https:\/\/consmiami.esteri.it\/it\/wp-json\/wp\/v2\/users\/1"}],"replies":[{"embeddable":true,"href":"https:\/\/consmiami.esteri.it\/it\/wp-json\/wp\/v2\/comments?post=35"}],"version-history":[{"count":6,"href":"https:\/\/consmiami.esteri.it\/it\/wp-json\/wp\/v2\/pages\/35\/revisions"}],"predecessor-version":[{"id":5290,"href":"https:\/\/consmiami.esteri.it\/it\/wp-json\/wp\/v2\/pages\/35\/revisions\/5290"}],"up":[{"embeddable":true,"href":"https:\/\/consmiami.esteri.it\/it\/wp-json\/wp\/v2\/pages\/13"}],"wp:attachment":[{"href":"https:\/\/consmiami.esteri.it\/it\/wp-json\/wp\/v2\/media?parent=35"}],"curies":[{"name":"wp","href":"https:\/\/api.w.org\/{rel}","templated":true}]}}