{"id":34,"date":"2023-04-03T19:15:16","date_gmt":"2023-04-03T17:15:16","guid":{"rendered":"https:\/\/consolatozurigo.esteri.it\/?page_id=34"},"modified":"2024-08-15T15:03:47","modified_gmt":"2024-08-15T19:03:47","slug":"il-console-generale","status":"publish","type":"page","link":"https:\/\/consmiami.esteri.it\/it\/chi-siamo\/il-console-generale\/","title":{"rendered":"Il Console Generale"},"content":{"rendered":"<p><strong>Il Console Generale<\/strong><br \/>\n<img loading=\"lazy\" decoding=\"async\" class=\"alignnone size-medium wp-image-1450 img-fluid\" src=\"https:\/\/consmiami.esteri.it\/wp-content\/uploads\/2023\/10\/Foto_CG_Misto-239x300.jpg\" alt=\"\" width=\"239\" height=\"300\" srcset=\"https:\/\/consmiami.esteri.it\/wp-content\/uploads\/2023\/10\/Foto_CG_Misto-239x300.jpg 239w, https:\/\/consmiami.esteri.it\/wp-content\/uploads\/2023\/10\/Foto_CG_Misto-815x1024.jpg 815w, https:\/\/consmiami.esteri.it\/wp-content\/uploads\/2023\/10\/Foto_CG_Misto-768x965.jpg 768w, https:\/\/consmiami.esteri.it\/wp-content\/uploads\/2023\/10\/Foto_CG_Misto.jpg 1464w\" sizes=\"auto, (max-width: 239px) 100vw, 239px\" \/><\/p>\n<p><strong>Michele Mist\u00f2 \u00e8 il Console Generale d\u2019Italia a Miami dal 4 agosto 2023<\/strong><\/p>\n<p>&nbsp;<\/p>\n<p><strong>Messaggio del Console Generale<\/strong><\/p>\n<p><em>Cari connazionali,<\/em><\/p>\n<p style=\"text-align: left;\"><em>ho da poco assunto l\u2019incarico di Console Generale. \u00c8 per me un sincero onore e una grande responsabilit\u00e0, di cui cercher\u00f2 in ogni momento di essere degno. Prima di tutto ai vostri occhi. Quella della nostra comunit\u00e0 in Florida, e delle tante italiane e dei tanti italiani residenti negli altri stati e territori di questa ampia circoscrizione consolare, \u00e8 una storia di grandi successi, di affermazione individuale e famigliare, di coraggio, di spirito di iniziativa e di capacit\u00e0 di mettersi in gioco. Al prezzo di importanti sacrifici e di tanto impegno da parte di ciascuno di voi. Ed \u00e8 anche una storia che continua a essere scritta dai connazionali che ogni anno si aggiungono alla nostra collettivit\u00e0, divenuta in pochi anni la seconda degli Stati Uniti. Il Consolato Generale d\u2019Italia \u00e8 con voi ed \u00e8 per voi. \u00c8 \u2013 lo dico con orgoglio \u2013 l\u2019istituzione che la Nazione vi consegna e cui vi affida: lo ribadisco, nei limiti delle risorse che abbiamo e di cui siamo ben consapevoli, siamo al vostro fianco e cercheremo di fornirvi servizi sempre pi\u00f9 efficienti e all\u2019altezza delle vostre aspettative, ascoltandovi con attenzione e curando le vostre esigenze e i vostri bisogni con tutta la sollecitudine di cui siamo capaci. Ci sforzeremo, con spirito di servizio e con intelligenza, di fare sempre di pi\u00f9 e meglio, nel vostro interesse e per il bene del nostro Paese.<\/em><\/p>\n<p><em>Vi saluto cordialmente,<\/em><\/p>\n<p><em>Michele Mist\u00f2<\/em><\/p>\n<p><em>Console Generale d\u2019Italia a Miami<\/em><\/p>\n<p>&nbsp;<\/p>\n<p><strong>Biografia<\/strong><\/p>\n<p>Cons. Amb. Michele Mist\u00f2<\/p>\n<p>Nato a Como, il 21 ottobre 1974.<\/p>\n<p style=\"text-align: justify;\">Universit\u00e0 di Trieste: laurea in scienze internazionali e diplomatiche, 8 novembre 1999. Universit\u00e0 di Ginevra e Universit\u00e0 di Losanna: <em>Magister Legum (LL.M.)<\/em> in diritto internazionale dell\u2019economia e diritto dell\u2019Unione Europea. Universit\u00e0 di Siena: Dottorato di ricerca in Diritto pubblico comparato, 2007.<\/p>\n<p style=\"text-align: justify;\">In seguito ad esame di concorso nominato Segretario di legazione in prova nella carriera diplomatica, 29 dicembre 2003. All&#8217;Istituto Diplomatico, corso di formazione professionale \u00abCostantino Nigra\u00bb, 29 dicembre 2003-28 settembre 2004. (In applicazione alla Dir. Gen. Paesi Europa, Uff. III e alla Dir. Gen. Promozione e Cooperazione Culturale, Uff. V). Confermato in ruolo dal 29 settembre 2004 e nominato Segretario di legazione. Alla Dir. Gen. Promozione e Cooperazione Culturale, Uff. V, 29 settembre 2004. Secondo segretario commerciale a Copenaghen, 24 aprile 2006. Confermato nella stessa sede con funzioni di Primo segretario commerciale, 29 dicembre 2007. Confermato a Copenaghen con funzioni di Primo segretario, 29 aprile 2010. Primo segretario commerciale a Podgorica, 21 maggio 2010. Capo Segreteria dell&#8217;Ispettorato Generale del Ministero e degli Uffici all&#8217;estero, 14 maggio 2014. Consigliere di legazione, 2 luglio 2014. Da novembre 2015 a maggio 2016 segue il corso di aggiornamento professionale per Consiglieri di legazione previsto dall\u2019art. 51, comma 1, lettera a) della Legge 4 giugno 2010, n. 96, organizzato dalla Dir. Gen. Risorse e Innovazione. Capo Segreteria della Dir. Gen. Risorse e Innovazione, 15 gennaio 2019. Consigliere di ambasciata, 2 luglio 2020. Primo Consigliere a Mosca, 12 febbraio 2021. Capo Segreteria della Dir. Gen. Risorse e Innovazione, 23 agosto 2022. Console Generale a Miami, 4 agosto 2023.<\/p>\n<p>Commendatore dell\u2019Ordine reale del <em>Dannebrog<\/em> (Danimarca), 2011.<\/p>\n<p>Medaglia al merito della Presidenza del Montenegro per il contributo allo sviluppo delle relazioni bilaterali, 2015.<\/p>\n<p>Cavaliere dell&#8217;Ordine al Merito della Repubblica italiana, 2020.<\/p>\n","protected":false},"excerpt":{"rendered":"Il Console Generale Michele Mist\u00f2 \u00e8 il Console Generale d\u2019Italia a Miami dal 4 agosto 2023 &nbsp; Messaggio del Console Generale Cari connazionali, ho da poco assunto l\u2019incarico di Console Generale. \u00c8 per me un sincero onore e una grande responsabilit\u00e0, di cui cercher\u00f2 in ogni momento di essere degno. Prima di tutto ai vostri [&hellip;]","protected":false},"author":1,"featured_media":0,"parent":13,"menu_order":0,"comment_status":"closed","ping_status":"closed","template":"","meta":{"footnotes":""},"class_list":["post-34","page","type-page","status-publish","hentry"],"_links":{"self":[{"href":"https:\/\/consmiami.esteri.it\/it\/wp-json\/wp\/v2\/pages\/34","targetHints":{"allow":["GET"]}}],"collection":[{"href":"https:\/\/consmiami.esteri.it\/it\/wp-json\/wp\/v2\/pages"}],"about":[{"href":"https:\/\/consmiami.esteri.it\/it\/wp-json\/wp\/v2\/types\/page"}],"author":[{"embeddable":true,"href":"https:\/\/consmiami.esteri.it\/it\/wp-json\/wp\/v2\/users\/1"}],"replies":[{"embeddable":true,"href":"https:\/\/consmiami.esteri.it\/it\/wp-json\/wp\/v2\/comments?post=34"}],"version-history":[{"count":8,"href":"https:\/\/consmiami.esteri.it\/it\/wp-json\/wp\/v2\/pages\/34\/revisions"}],"predecessor-version":[{"id":2308,"href":"https:\/\/consmiami.esteri.it\/it\/wp-json\/wp\/v2\/pages\/34\/revisions\/2308"}],"up":[{"embeddable":true,"href":"https:\/\/consmiami.esteri.it\/it\/wp-json\/wp\/v2\/pages\/13"}],"wp:attachment":[{"href":"https:\/\/consmiami.esteri.it\/it\/wp-json\/wp\/v2\/media?parent=34"}],"curies":[{"name":"wp","href":"https:\/\/api.w.org\/{rel}","templated":true}]}}