{"id":2852,"date":"2024-12-12T14:35:34","date_gmt":"2024-12-12T19:35:34","guid":{"rendered":"https:\/\/consmiami.esteri.it\/?page_id=2852"},"modified":"2025-04-08T10:23:07","modified_gmt":"2025-04-08T14:23:07","slug":"spedizione-ritiro-del-passaporto","status":"publish","type":"page","link":"https:\/\/consmiami.esteri.it\/it\/servizi-consolari-e-visti\/servizi-per-il-cittadino-italiano\/passaporti-e-carte-didentita\/spedizione-ritiro-del-passaporto\/","title":{"rendered":"Spedizione \/ Ritiro del Passaporto"},"content":{"rendered":"<p style=\"text-align: justify;\">L\u2019ufficio Passaporti informa via email il concittadino quando il passaporto \u00e8 pronto per il ritiro.<\/p>\n<p style=\"text-align: justify;\">Il concittadino pu\u00f2 ritirare personalmente il proprio passaporto dal luned\u00ec al venerd\u00ec, eccetto il gioved\u00ec, dalle 9,00 alle 12,30 o delegare una diversa persona al ritiro; la\u00a0<a href=\"https:\/\/consmiami.esteri.it\/wp-content\/uploads\/2023\/10\/delega-ritiro-passaporto.doc\">delega<\/a>\u00a0deve essere scritta, firmata dal titolare del passaporto e accompagnata da un documento di identit\u00e0 dello stesso.<\/p>\n<p style=\"text-align: justify;\">In alternativa, la consegna del passaporto pu\u00f2 avvenire mediante spedizione, se il richiedente, in sede di domanda allo sportello, ha fornito una busta Priority Mail o Express Mail US Postal Service\u00a0<strong>preaffrancata e preindirizzata <\/strong>(indicando come destinatario l\u2019indirizzo al quale si desidera che il passaporto sia spedito)\u00a0 per la spedizione del precedente e del nuovo passaporto (al suo domicilio a sue spese) ed abbia sottoscritto apposito\u00a0<a href=\"https:\/\/consmiami.esteri.it\/wp-content\/uploads\/2023\/10\/formulario.doc\">formulario<\/a><u>.<\/u><\/p>\n","protected":false},"excerpt":{"rendered":"L\u2019ufficio Passaporti informa via email il concittadino quando il passaporto \u00e8 pronto per il ritiro. Il concittadino pu\u00f2 ritirare personalmente il proprio passaporto dal luned\u00ec al venerd\u00ec, eccetto il gioved\u00ec, dalle 9,00 alle 12,30 o delegare una diversa persona al ritiro; la\u00a0delega\u00a0deve essere scritta, firmata dal titolare del passaporto e accompagnata da un documento di [&hellip;]","protected":false},"author":4,"featured_media":0,"parent":67,"menu_order":6,"comment_status":"closed","ping_status":"closed","template":"","meta":{"footnotes":""},"class_list":["post-2852","page","type-page","status-publish","hentry"],"_links":{"self":[{"href":"https:\/\/consmiami.esteri.it\/it\/wp-json\/wp\/v2\/pages\/2852","targetHints":{"allow":["GET"]}}],"collection":[{"href":"https:\/\/consmiami.esteri.it\/it\/wp-json\/wp\/v2\/pages"}],"about":[{"href":"https:\/\/consmiami.esteri.it\/it\/wp-json\/wp\/v2\/types\/page"}],"author":[{"embeddable":true,"href":"https:\/\/consmiami.esteri.it\/it\/wp-json\/wp\/v2\/users\/4"}],"replies":[{"embeddable":true,"href":"https:\/\/consmiami.esteri.it\/it\/wp-json\/wp\/v2\/comments?post=2852"}],"version-history":[{"count":4,"href":"https:\/\/consmiami.esteri.it\/it\/wp-json\/wp\/v2\/pages\/2852\/revisions"}],"predecessor-version":[{"id":4102,"href":"https:\/\/consmiami.esteri.it\/it\/wp-json\/wp\/v2\/pages\/2852\/revisions\/4102"}],"up":[{"embeddable":true,"href":"https:\/\/consmiami.esteri.it\/it\/wp-json\/wp\/v2\/pages\/67"}],"wp:attachment":[{"href":"https:\/\/consmiami.esteri.it\/it\/wp-json\/wp\/v2\/media?parent=2852"}],"curies":[{"name":"wp","href":"https:\/\/api.w.org\/{rel}","templated":true}]}}