{"id":2849,"date":"2024-12-12T14:34:57","date_gmt":"2024-12-12T19:34:57","guid":{"rendered":"https:\/\/consmiami.esteri.it\/?page_id=2849"},"modified":"2025-04-08T10:26:06","modified_gmt":"2025-04-08T14:26:06","slug":"autorizzazione-per-i-minori-di-14-anni-che-viaggiano-da-soli-o-con-persone-diverse-dai-genitori","status":"publish","type":"page","link":"https:\/\/consmiami.esteri.it\/it\/servizi-consolari-e-visti\/servizi-per-il-cittadino-italiano\/passaporti-e-carte-didentita\/autorizzazione-per-i-minori-di-14-anni-che-viaggiano-da-soli-o-con-persone-diverse-dai-genitori\/","title":{"rendered":"Autorizzazione per i minori di 14 anni che viaggiano da soli o con persone diverse dai genitori"},"content":{"rendered":"<p>I minori di cittadinanza italiana di et\u00e0 inferiore a 14 anni, che viaggiano con passaporto italiano senza i genitori o gli esercenti la potest\u00e0 genitoriale, devono disporre di un\u2019<strong>attestazione di accompagnamento<\/strong>, che viene rilasciata dal Consolato.<\/p>\n<p>I genitori possono presentarsi per richiedere tale documento dal luned\u00ec al venerd\u00ec (eccetto il gioved\u00ec), dalle 9,00 alle 12,30 senza appuntamento con la seguente documentazione:<\/p>\n<ul>\n<li>autorizzazione di accompagnamento firmata da entrambi i genitori\u00a0(<a href=\"https:\/\/consmiami.esteri.it\/wp-content\/uploads\/2023\/10\/dich_accompagnamento-3.pdf\">modulo<\/a>);<\/li>\n<li>copia del passaporto del minore;<\/li>\n<li>copia dei passaporti di entrambi i genitori (pagina con dati anagrafici e firma del titolare);<\/li>\n<li>copia del passaporto del\/degli accompagnatore\/i;<\/li>\n<li>biglietto aereo<strong>.<\/strong><\/li>\n<\/ul>\n<p>Se uno dei due genitori non \u00e8 cittadino UE, \u00e8 sempre necessario che venga personalmente in Consolato. In caso di impossibilit\u00e0, la sua firma sul modulo di autorizzazione deve essere autenticata presso un Notary Public.<\/p>\n<p>Qualora il genitore non cittadino UE si trovasse fuori da questa circoscrizione consolare, dovr\u00e0 recarsi presso l\u2019Ufficio Consolare italiano pi\u00f9 prossimo, negli USA o all\u2019estero o, se in Italia, in Questura.<\/p>\n<p>&nbsp;<\/p>\n","protected":false},"excerpt":{"rendered":"I minori di cittadinanza italiana di et\u00e0 inferiore a 14 anni, che viaggiano con passaporto italiano senza i genitori o gli esercenti la potest\u00e0 genitoriale, devono disporre di un\u2019attestazione di accompagnamento, che viene rilasciata dal Consolato. I genitori possono presentarsi per richiedere tale documento dal luned\u00ec al venerd\u00ec (eccetto il gioved\u00ec), dalle 9,00 alle 12,30 [&hellip;]","protected":false},"author":4,"featured_media":0,"parent":67,"menu_order":5,"comment_status":"closed","ping_status":"closed","template":"","meta":{"footnotes":""},"class_list":["post-2849","page","type-page","status-publish","hentry"],"_links":{"self":[{"href":"https:\/\/consmiami.esteri.it\/it\/wp-json\/wp\/v2\/pages\/2849","targetHints":{"allow":["GET"]}}],"collection":[{"href":"https:\/\/consmiami.esteri.it\/it\/wp-json\/wp\/v2\/pages"}],"about":[{"href":"https:\/\/consmiami.esteri.it\/it\/wp-json\/wp\/v2\/types\/page"}],"author":[{"embeddable":true,"href":"https:\/\/consmiami.esteri.it\/it\/wp-json\/wp\/v2\/users\/4"}],"replies":[{"embeddable":true,"href":"https:\/\/consmiami.esteri.it\/it\/wp-json\/wp\/v2\/comments?post=2849"}],"version-history":[{"count":4,"href":"https:\/\/consmiami.esteri.it\/it\/wp-json\/wp\/v2\/pages\/2849\/revisions"}],"predecessor-version":[{"id":4107,"href":"https:\/\/consmiami.esteri.it\/it\/wp-json\/wp\/v2\/pages\/2849\/revisions\/4107"}],"up":[{"embeddable":true,"href":"https:\/\/consmiami.esteri.it\/it\/wp-json\/wp\/v2\/pages\/67"}],"wp:attachment":[{"href":"https:\/\/consmiami.esteri.it\/it\/wp-json\/wp\/v2\/media?parent=2849"}],"curies":[{"name":"wp","href":"https:\/\/api.w.org\/{rel}","templated":true}]}}