{"id":4958,"date":"2024-12-12T14:32:44","date_gmt":"2024-12-12T19:32:44","guid":{"rendered":"https:\/\/consmiami.esteri.it\/?page_id=4958"},"modified":"2025-10-28T11:51:28","modified_gmt":"2025-10-28T15:51:28","slug":"prenotmi-2","status":"publish","type":"page","link":"https:\/\/consmiami.esteri.it\/en\/servizi-consolari-e-visti\/servizi-per-il-cittadino-italiano\/passaporti-e-carte-didentita\/prenotmi-2\/","title":{"rendered":"Prenot@mi"},"content":{"rendered":"<header class=\"entry-header\">***Notice***We are aware that, due to high demand, passport renewal appointments are selling out quickly each month. We would like to inform you that we are making every effort to improve this important part of our service and reduce waiting times. In recent months, we have greatly increased the supply of appointments and subsequent passport issuance to about two hundred per week.<\/p>\n<p>We would like to remind you once again that the ONLY system for booking passport renewal appointments is the ministerial portal Prenot@mi (<a href=\"https:\/\/prenotami.esteri.it\">https:\/\/prenotami.esteri.it<\/a>), which guarantees equal, impartial, and fair treatment of all users.<\/p>\n<p>New appointments are made available daily at midnight Italian time (6 p.m. Miami time). Additional passport slots are also made available on Thursday mornings, in varying numbers depending on waivers, cancellations, etc.<\/p>\n<p>As explained on <a href=\"https:\/\/consmiami.esteri.it\/en\/servizi-consolari-e-visti\/servizi-per-il-cittadino-italiano\/passaporti-e-carte-didentita\/\">our passports web page<\/a>, you can apply for a passport through an emergency procedure in cases of proven, documented, and unavoidable necessity (e.g., serious health issues, work obligations, theft, or loss of the only travel document in your possession).<\/p>\n<p>We strongly recommend that you do not trust brokerage firms, agencies, or individuals who claim they can procure appointments for a fee. Appointments can only be reserved through the Prenot@mi application and are absolutely free of charge. Any appointments made through such parties\u2014and thus the result of an illicit &#8220;resale&#8221; of free consular services\u2014will be canceled. Likewise, appointments booked by means of bots or malicious software will be eliminated. Such practices will be reported to the appropriate authorities (and may constitute violations of <a href=\"https:\/\/www.flsenate.gov\/Laws\/Statutes\/2025\/Chapter815\">Florida&#8217;s cybercrime regulations<\/a>).<\/p>\n<p>***AVISO***<\/p>\n<p>Somos conscientes de que, debido a la alta demanda, las citas disponibles mensualmente para renovar el pasaporte se agotan muy r\u00e1pidamente. Les informamos de que estamos haciendo todo lo posible para mejorar este importante servicio y reducir los tiempos de espera para la obtenci\u00f3n de citas. Deben saber que, en los \u00faltimos meses, hemos aumentado considerablemente la oferta de citas y la consiguiente expedici\u00f3n de nuevos pasaportes, en torno a doscientos a la semana.<\/p>\n<p>Recordamos una vez m\u00e1s que el sistema de reserva de citas para la renovaci\u00f3n de pasaportes es \u00fanicamente el portal ministerial Prenot@mi (<a href=\"https:\/\/prenotami.esteri.it\">https:\/\/prenotami.esteri.it<\/a>), que garantiza la igualdad, la imparcialidad y la correcci\u00f3n en el trato a todos los usuarios.<\/p>\n<p>Las nuevas citas se ponen a disposici\u00f3n de los usuarios todos los d\u00edas a medianoche, hora italiana (18:00 h en Miami). Adem\u00e1s, cada jueves por la ma\u00f1ana se ponen a disposici\u00f3n m\u00e1s franjas horarias para pasaportes, en n\u00famero variable (dependiendo de las renuncias, cancelaciones, etc.).<\/p>\n<p>Tal y como se explica en <a href=\"https:\/\/consmiami.esteri.it\/en\/servizi-consolari-e-visti\/servizi-per-il-cittadino-italiano\/passaporti-e-carte-didentita\/\">nuestra p\u00e1gina web, en la secci\u00f3n de pasaportes<\/a>, es posible solicitar la expedici\u00f3n de un pasaporte mediante un procedimiento de emergencia en caso de necesidad comprobada, documentada e inaplazable (por ejemplo, por motivos graves de salud o de trabajo, o en caso de robo o p\u00e9rdida del \u00fanico documento de viaje en poder del solicitante, etc.).<\/p>\n<p>Le recomendamos firmemente que no conf\u00ede en empresas intermediarias, agencias o particulares que afirmen (o le hagan creer) que pueden conseguirle citas a cambio de una remuneraci\u00f3n. Reiteramos que las citas solo pueden reservarse a trav\u00e9s de la aplicaci\u00f3n Prenot@mi, como se ha indicado anteriormente, y son totalmente gratuitas, sin excepciones. Las citas concertadas a trav\u00e9s de estos sujetos y que, por lo tanto, sean fruto de una \u00abreventa\u00bb il\u00edcita de servicios consulares gratuitos, ser\u00e1n canceladas de oficio. Del mismo modo, se eliminar\u00e1n las citas reservadas mediante bots o software malicioso, y estas pr\u00e1cticas se denunciar\u00e1n a las autoridades competentes (tambi\u00e9n pueden constituir infracciones de las <a href=\"https:\/\/www.flsenate.gov\/Laws\/Statutes\/2025\/Chapter815\">normas sobre delitos inform\u00e1ticos de Florida<\/a>).<\/p>\n<p>***<\/p>\n<p class=\"entry-title h3\" style=\"text-align: justify;\"><span style=\"font-size: 16px;\">Please consider the following instructions carefully:<\/span><\/p>\n<\/header>\n<div class=\"entry-content\">\n<ul>\n<li>Appointment booking is <strong>free of charge<\/strong>;<\/li>\n<li>Bookings for the Passport Service are open for <strong>90 days<\/strong> from the date of accessing the portal. If the booking system does not show availability, please try again;<\/li>\n<li>New passport appointments are made available <strong>on a daily basis<\/strong> at <strong>midnight Italian time<\/strong> (6 p.m. Miami time). New passport slots are also made available<strong> on a weekly basis<\/strong> on <strong>Thursday <\/strong>mornings;<\/li>\n<li>Appointment booking is individual: <strong>the name on the Prenot@mi account used to make the booking must match the name of the passport applicant<\/strong> (except in the case of minors, where the booking will be made from one of the parents&#8217; accounts). It is not possible to make reservations on behalf of third parties from your personal account;<\/li>\n<li>Appointments <strong>for minors <\/strong>can be booked using a parent&#8217;s account by entering the minor&#8217;s name in the notes field (specify first name, last name, place, and date of birth). Please note that this method reserves a slot for only one person (the minor);<\/li>\n<li><strong>Households<\/strong> with more than one person must book <strong>\u201cmultiple\u201d appointments<\/strong>. Alternatively, individual appointments can be made using each family member&#8217;s individual account.<\/li>\n<li>The Prenot@Mi portal uses an authentication system that requires confirmation of each action via an OTP code sent automatically to the user&#8217;s email address. Please check all your mailboxes (including spam) for this message and repeat the operation if necessary to obtain the code. <strong>The Passport Office cannot generate this code for you or confirm your booking.<\/strong><\/li>\n<\/ul>\n<p style=\"text-align: justify;\">Waiting list: in case there are no available dates, it is possible to opt for inclusion in the waiting list. The system automatically searches for the first vacancy and notifies you directly with an email as soon as it becomes available.<\/p>\n<p style=\"text-align: justify;\"><strong>PLEASE NOTE<\/strong>: Italian nationals who will not be able to attend the appointment are kindly asked to always cancel the appointments.<\/p>\n<\/div>\n","protected":false},"excerpt":{"rendered":"***Notice***We are aware that, due to high demand, passport renewal appointments are selling out quickly each month. We would like to inform you that we are making every effort to improve this important part of our service and reduce waiting times. In recent months, we have greatly increased the supply of appointments and subsequent passport [&hellip;]","protected":false},"author":4,"featured_media":0,"parent":202,"menu_order":3,"comment_status":"closed","ping_status":"closed","template":"","meta":{"footnotes":""},"class_list":["post-4958","page","type-page","status-publish","hentry"],"_links":{"self":[{"href":"https:\/\/consmiami.esteri.it\/en\/wp-json\/wp\/v2\/pages\/4958","targetHints":{"allow":["GET"]}}],"collection":[{"href":"https:\/\/consmiami.esteri.it\/en\/wp-json\/wp\/v2\/pages"}],"about":[{"href":"https:\/\/consmiami.esteri.it\/en\/wp-json\/wp\/v2\/types\/page"}],"author":[{"embeddable":true,"href":"https:\/\/consmiami.esteri.it\/en\/wp-json\/wp\/v2\/users\/4"}],"replies":[{"embeddable":true,"href":"https:\/\/consmiami.esteri.it\/en\/wp-json\/wp\/v2\/comments?post=4958"}],"version-history":[{"count":5,"href":"https:\/\/consmiami.esteri.it\/en\/wp-json\/wp\/v2\/pages\/4958\/revisions"}],"predecessor-version":[{"id":5974,"href":"https:\/\/consmiami.esteri.it\/en\/wp-json\/wp\/v2\/pages\/4958\/revisions\/5974"}],"up":[{"embeddable":true,"href":"https:\/\/consmiami.esteri.it\/en\/wp-json\/wp\/v2\/pages\/202"}],"wp:attachment":[{"href":"https:\/\/consmiami.esteri.it\/en\/wp-json\/wp\/v2\/media?parent=4958"}],"curies":[{"name":"wp","href":"https:\/\/api.w.org\/{rel}","templated":true}]}}