{"id":202,"date":"2023-04-03T19:27:59","date_gmt":"2023-04-03T23:27:59","guid":{"rendered":"https:\/\/consmiami.esteri.it\/servizi-consolari-e-visti\/servizi-per-il-cittadino-italiano\/passaporti-e-carte-didentita\/"},"modified":"2026-01-27T17:56:28","modified_gmt":"2026-01-27T22:56:28","slug":"passaporti-e-carte-didentita","status":"publish","type":"page","link":"https:\/\/consmiami.esteri.it\/en\/servizi-consolari-e-visti\/servizi-per-il-cittadino-italiano\/passaporti-e-carte-didentita\/","title":{"rendered":"Passports"},"content":{"rendered":"<p><strong>***Notice***<\/strong><\/p>\n<p data-start=\"27\" data-end=\"318\">We are aware that, due to strong demand, the monthly appointments available on the <a href=\"https:\/\/prenotami.esteri.it\/Home?isBooking=True\">Prenot@mi<\/a> portal for passport renewal fill up very quickly. We would like to inform you that we are making every possible effort to strengthen this important service and reduce waiting times for appointments.<\/p>\n<p data-start=\"1717\" data-end=\"2137\">New passport appointments are made available <strong>every day<\/strong> at midnight Italian time <strong data-start=\"1866\" data-end=\"1914\">(6:00 p.m. Miami time)<\/strong>. In addition, on <strong data-start=\"1932\" data-end=\"1984\">Thursday mornings (around 10:00 a.m. Miami time)<\/strong> we release at least 80 new slots for the following week, bringing the total number of passport slots available each week to between 150 and 170.<\/p>\n<p data-start=\"2139\" data-end=\"2201\" data-is-last-node=\"\" data-is-only-node=\"\">We therefore thank you for your understanding and cooperation.<\/p>\n<p>We strongly recommend that you do not trust brokerage firms, agencies, or individuals who claim they can procure appointments for a fee. Appointments can only be reserved through the Prenot@mi application and are absolutely free of charge. Any appointments made through such parties\u2014and thus the result of an illicit &#8220;resale&#8221; of free consular services\u2014will be canceled. Likewise, appointments booked by means of bots or malicious software will be eliminated. Such practices will be reported to the appropriate authorities (and may constitute violations of <a href=\"https:\/\/www.flsenate.gov\/Laws\/Statutes\/2025\/Chapter815\">Florida&#8217;s cybercrime regulations<\/a>).<\/p>\n<p><strong>***Aviso***<\/strong><\/p>\n<p data-start=\"29\" data-end=\"366\">Somos conscientes de que, debido a la alta demanda, las citas mensuales disponibles en el portal <a href=\"https:\/\/prenotami.esteri.it\/Home?isBooking=True\">Prenot@mi<\/a> para la renovaci\u00f3n del pasaporte se agotan r\u00e1pidamente. Deseamos informarles que estamos realizando todos los esfuerzos posibles para reforzar este importante servicio y reducir los tiempos de espera para la obtenci\u00f3n de una cita.<\/p>\n<p data-start=\"368\" data-end=\"487\">Nuevas citas para pasaportes se ponen a disposici\u00f3n <strong>todos los d\u00edas<\/strong> a la medianoche (hora italiana), es decir, a las <strong data-start=\"2097\" data-end=\"2165\">18:00 horas de Miami<\/strong>. Adem\u00e1s, los <strong data-start=\"2179\" data-end=\"2243\">jueves por la ma\u00f1ana (alrededor de las 10:00 horas de Miami)<\/strong> se liberan como m\u00ednimo 80 nuevos cupos para la semana siguiente, elevando el total de cupos disponibles para pasaportes cada semana a entre 150 y 170.<\/p>\n<p data-start=\"2404\" data-end=\"2450\" data-is-last-node=\"\" data-is-only-node=\"\">Les agradecemos su comprensi\u00f3n y colaboraci\u00f3n.<\/p>\n<p>Le recomendamos firmemente que no conf\u00ede en empresas intermediarias, agencias o particulares que afirmen (o le hagan creer) que pueden conseguirle citas a cambio de una remuneraci\u00f3n. Reiteramos que las citas solo pueden reservarse a trav\u00e9s de la aplicaci\u00f3n Prenot@mi, como se ha indicado anteriormente, y son totalmente gratuitas, sin excepciones. Las citas concertadas a trav\u00e9s de estos sujetos y que, por lo tanto, sean fruto de una \u00abreventa\u00bb il\u00edcita de servicios consulares gratuitos, ser\u00e1n canceladas de oficio. Del mismo modo, se eliminar\u00e1n las citas reservadas mediante bots o software malicioso, y estas pr\u00e1cticas se denunciar\u00e1n a las autoridades competentes (tambi\u00e9n pueden constituir infracciones de las <a href=\"https:\/\/www.flsenate.gov\/Laws\/Statutes\/2025\/Chapter815\">normas sobre delitos inform\u00e1ticos de Florida<\/a>).<\/p>\n<p>***<\/p>\n<p>The passport office receives visitors <b>by appointment only<\/b>, which can be booked through the <b>portal <\/b><a href=\"https:\/\/prenotami.esteri.it\/\"><b>Prenot@mi.<\/b><\/a> Citizens are invited to create an account on the portal and book an individual appointment using their personal account. <b>The booking service through the Prenot@mi portal is completely free of charge. <\/b>More information about the Prenot@mi portal is available on this page: <a href=\"https:\/\/consmiami.esteri.it\/en\/servizi-consolari-e-visti\/servizi-per-il-cittadino-italiano\/passaporti-e-carte-didentita\/prenotmi-2\/\">Prenot@mi \u2013 Consulate General of Italy in Miami<\/a><\/p>\n<p><b>PLEASE NOTE<\/b>: In order to apply for a passport at this Consular Office, <b>you must be registered with the AIRE of the Consulate General of Italy in Miami<\/b>. If you are not yet registered with the AIRE of this Consulate General, please follow the instructions on this page: <a href=\"https:\/\/consmiami.esteri.it\/en\/servizi-consolari-e-visti\/servizi-per-il-cittadino-italiano\/a-i-r-e-registry-of-italians-residing-abroad\/\">Registry of Italians residing abroad (AIRE) \u2013 Consulate General of Italy in Miami<\/a>. <b>Before making an appointment for a passport through the <\/b><a href=\"https:\/\/prenotami.esteri.it\/\"><b>PRENOT@MI<\/b><\/a><b> portal, please verify your registration<\/b> with the Consulate General of Italy in Miami by logging into your Fast It account (in particular, verify that your file has been processed by the AIRE office and that your AIRE registration application has been \u201c<b>transmitted to the municipality<\/b>\u201d).<\/p>\n<p>To obtain a passport for an Italian citizen who is<b> under 12 years of age<\/b>, parents can send the documentation by mail to the Passport Office of this Consulate General, carefully following the instructions described on this page: <a href=\"https:\/\/consmiami.esteri.it\/en\/servizi-consolari-e-visti\/servizi-per-il-cittadino-italiano\/passaporti-e-carte-didentita\/minor-passport-application-2\/\">Passport application for minors \u2013 Consulate General of Italy in Miami<\/a><\/p>\n<p>Italian citizens residing in the consular district of the Honorary Consulates of Atlanta, Orlando, Charleston, Nassau (Bahamas), and Kingston (Jamaica) may contact the Honorary Consuls in the area to make an appointment for the collection of biometric data (please write to the relevant office using the contacts available on this page: <a href=\"https:\/\/consmiami.esteri.it\/en\/chi-siamo\/la-rete-consolare\/\">The Consular Network \u2013 Consulate General of Italy in Miami<\/a> ) and then send the necessary documentation by mail to the Consulate General in Miami.<\/p>\n<p>Italian citizens registered with AIRE and residing in <strong>Alabama, Mississippi,<\/strong> and in the islands within this consular jurisdiction not served by an Honorary Consulate (<strong>Puerto Rico, U.S. Virgin Islands, British Virgin Islands, Cayman Islands, St. Maarten, St. Eustatius and Saba, Turks and Caicos Islands<\/strong>) may write to the Passport Office at <a class=\"decorated-link cursor-pointer\" rel=\"noopener\" data-start=\"1008\" data-end=\"1034\">passaporti.miami@esteri.it<\/a> to schedule a dedicated appointment at the Consulate General, allowing them to plan their travel itinerary with sufficient advance notice.<\/p>\n<p>In case of a <b>proven and urgent emergency<\/b> (health reasons, work, theft or loss of the only travel document, etc.), send an email to <a href=\"mailto:passaporti.miami@esteri.it\">passaporti.miami@esteri.it<\/a> attaching any document useful for determining and proving such emergency.<\/p>\n<p>Emergencies include:<\/p>\n<ul>\n<li><b>unpostponable work requirements<\/b>, proven by a reasoned request from the employer, written on letterhead. The letter must be signed by someone in a managerial position (company owner, executive, personnel manager) and must include the name of the person concerned, their role in the company, the period and destination of the trip; the benefits of the emergency procedure for work reasons cannot be extended to the owner&#8217;s family members.<\/li>\n<li><b>study\/training <\/b>needs duly documented by the institution\/university involved;<\/li>\n<li><b>serious family or personal health reasons, <\/b>certified by the attending physician or healthcare facility.<\/li>\n<\/ul>\n<p>Any reasons not included in the list above cannot be considered urgent. For example, vacation or tourist travel does not constitute an \u201cemergency\u201d (in this regard, users are advised to carefully check the expiration date of their travel document before making any airline or hotel reservations, etc.).<\/p>\n<p style=\"text-align: justify;\">\n","protected":false},"excerpt":{"rendered":"***Notice*** We are aware that, due to strong demand, the monthly appointments available on the Prenot@mi portal for passport renewal fill up very quickly. We would like to inform you that we are making every possible effort to strengthen this important service and reduce waiting times for appointments. New passport appointments are made available every [&hellip;]","protected":false},"author":1,"featured_media":0,"parent":201,"menu_order":0,"comment_status":"closed","ping_status":"closed","template":"","meta":{"footnotes":""},"class_list":["post-202","page","type-page","status-publish","hentry"],"_links":{"self":[{"href":"https:\/\/consmiami.esteri.it\/en\/wp-json\/wp\/v2\/pages\/202","targetHints":{"allow":["GET"]}}],"collection":[{"href":"https:\/\/consmiami.esteri.it\/en\/wp-json\/wp\/v2\/pages"}],"about":[{"href":"https:\/\/consmiami.esteri.it\/en\/wp-json\/wp\/v2\/types\/page"}],"author":[{"embeddable":true,"href":"https:\/\/consmiami.esteri.it\/en\/wp-json\/wp\/v2\/users\/1"}],"replies":[{"embeddable":true,"href":"https:\/\/consmiami.esteri.it\/en\/wp-json\/wp\/v2\/comments?post=202"}],"version-history":[{"count":7,"href":"https:\/\/consmiami.esteri.it\/en\/wp-json\/wp\/v2\/pages\/202\/revisions"}],"predecessor-version":[{"id":7583,"href":"https:\/\/consmiami.esteri.it\/en\/wp-json\/wp\/v2\/pages\/202\/revisions\/7583"}],"up":[{"embeddable":true,"href":"https:\/\/consmiami.esteri.it\/en\/wp-json\/wp\/v2\/pages\/201"}],"wp:attachment":[{"href":"https:\/\/consmiami.esteri.it\/en\/wp-json\/wp\/v2\/media?parent=202"}],"curies":[{"name":"wp","href":"https:\/\/api.w.org\/{rel}","templated":true}]}}